{"id":3494,"date":"2023-05-25T11:45:03","date_gmt":"2023-05-25T09:45:03","guid":{"rendered":"https:\/\/www.normandieyport.geek-tonic.dev\/contact-en-toegang\/"},"modified":"2024-03-19T14:57:07","modified_gmt":"2024-03-19T13:57:07","slug":"contact-en-toegang","status":"publish","type":"page","link":"https:\/\/normandieyport.geek-tonic.dev\/nl\/contact-en-toegang\/","title":{"rendered":"Info en contact"},"content":{"rendered":"<section id=\"ls-section-block_3931e7944dee0a65b61619584795b359\" class=\"ls-section  home-first page-one has-background has-color-4-background-color\" >\r\n        <div class=\"container container--wide\">\r\n        \n\n<div class=\"wp-block-columns is-layout-flex wp-container-core-columns-is-layout-1 wp-block-columns-is-layout-flex\">\n<div class=\"wp-block-column is-vertically-aligned-top animated fadeInLeft slow is-layout-flow wp-block-column-is-layout-flow\" style=\"flex-basis:45%\">\n<iframe src=\"https:\/\/www.google.com\/maps\/embed?pb=!1m18!1m12!1m3!1d73399.64798744602!2d0.2697215716140705!3d49.74356741019501!2m3!1f0!2f0!3f0!3m2!1i1024!2i768!4f13.1!3m3!1m2!1s0x47e014e29448df27%3A0xaf0e7b17caab95f7!2sFlower%20Camping%20La%20Ch%C3%AAnaie!5e1!3m2!1sfr!2sfr!4v1685430954905!5m2!1sfr!2sfr\" width=\"100%\" height=\"450\" style=\"border:0;\" allowfullscreen=\"\" loading=\"lazy\" referrerpolicy=\"no-referrer-when-downgrade\"><\/iframe>\n<\/div>\n\n\n\n<div class=\"wp-block-column is-vertically-aligned-top animated fadeInRight delay-100ms slow is-layout-flow wp-block-column-is-layout-flow\" style=\"flex-basis:55%\">\n<h1 class=\"ls__heading wp-block-heading has-text-align-center\">Contact en toegang<\/h1>\n\n\n\n<h2 class=\"ls__heading wp-block-heading\">Naar de camping komen<\/h2>\n\n\n\n<p class=\"ls-paragraph\"><a href=\"https:\/\/www.normandieyport.geek-tonic.dev\/nl\/\">Camping La Chenaie<\/a> ligt aan de rue Henry Simon, 76111 Yport.<br\/><strong>GPS co\u00f6rdinaten<\/strong>: 49.73271786819733, 0.3220580998567707.<\/p>\n\n\n\n<p class=\"ls-paragraph\">Camping La Chenaie ligt in het charmante <strong>dorpje Yport<\/strong>, aan <strong>de Normandische kust<\/strong>. Om toegang te krijgen, heb je verschillende opties:<\/p>\n\n\n\n<div class=\"ls-lire-plus\">\n    <input id=\"ls-lire-plus-block_78b3a19b208f7f8030d0192f58ac716a69e88dc9ce9ed\" type=\"checkbox\" class=\"ls-lire-plus__toggle\"  \/>\n    <label for=\"ls-lire-plus-block_78b3a19b208f7f8030d0192f58ac716a69e88dc9ce9ed\" class=\"ls-lire-plus__toggle-label\">\n        <span>Lire plus<\/span>\n        <span>Lire moins<\/span>\n    <\/label>\n    <div class=\"ls-lire-plus__content\">\n        \n\n<ul class=\"ls-list wp-block-list\">\n<li><strong>Met de auto<\/strong>: neem de snelweg A29 tot de afslag F\u00e9camp en volg dan de borden naar Yport. De camping ligt op ongeveer 15 minuten van F\u00e9camp. Je kunt ook de kustweg (D940) nemen, die langs de zee loopt en prachtige landschappen biedt.<\/li>\n\n\n\n<li><strong>Met de trein<\/strong>: het dichtstbijzijnde station is F\u00e9camp, met TER-treinen vanuit Rouen en Le Havre. Vanaf daar kun je een taxi of bus (lijn 24) naar Yport nemen.<\/li>\n\n\n\n<li><strong>Met het vliegtuig<\/strong>: het dichtstbijzijnde vliegveld is Le Havre-Octeville, op ongeveer 40 minuten rijden van de camping. Je kunt een auto huren of een taxi nemen naar Yport.<\/li>\n\n\n\n<li><strong>Met de fiets<\/strong>: als je van tochten op twee wielen houdt, kun je de camping bereiken via de fietsroute langs de kust, die door Etretat, F\u00e9camp en Yport loopt. Je kunt de kliffen en stranden van de C\u00f4te d&#8217;Alb\u00e2tre bewonderen.<\/li>\n<\/ul>\n\n\n\n<p class=\"ls-paragraph has-text-align-left\">Welk vervoermiddel je ook kiest, je wordt <strong>hartelijk ontvangen<\/strong> op camping La Chenaie, waar je kunt <strong>genieten van een rustige, groene omgeving<\/strong> op een steenworp afstand van de zee.<\/p>\n\n        <div class=\"ls-lire-plus__gradient\" style=\"background: linear-gradient(to bottom,rgba(255,235,204,0) 0%,rgba(255,235,204,1) 100%);\"><\/div>\n    <\/div>\n<\/div><\/div>\n<\/div>\n\n\r\n    <\/div>\r\n<\/section><section id=\"ls-section-block_736c35ad913a70bd96f9849c97a8cf1b\" class=\"ls-section  home-first page-one\" >\r\n        <div class=\"container container--wide\">\r\n        \n\n<div class=\"wp-block-columns is-layout-flex wp-container-core-columns-is-layout-2 wp-block-columns-is-layout-flex\">\n<div class=\"wp-block-column is-vertically-aligned-center animated fadeInLeft slow has-color-white-color has-text-color is-layout-flow wp-block-column-is-layout-flow\" style=\"flex-basis:55%\">\n<h2 class=\"ls__heading wp-block-heading has-color-7-color has-text-color\">Neem contact met ons op<\/h2>\n\n\n\n<p class=\"ls-paragraph has-color-black-color has-text-color\">Heb je meer informatie nodig? Wil je contact met ons opnemen om je aankomst voor te bereiden?<\/p>\n\n\n\n<p class=\"ls-paragraph has-color-black-color has-text-color\">U kunt contact met ons opnemen via het contactformulier of per telefoon <strong>02 35 27 33 56<\/strong><\/p>\n\n\n\n<p class=\"ls-paragraph has-color-black-color has-text-color\">of stuur een e-mail naar <a href=\"mailto:camping.yport@flowercampings.com\">camping.yport@flowercampings.com<\/a>.  <\/p>\n\n\n\n<p class=\"ls-paragraph has-color-black-color has-text-color\">Ons team neemt zo snel mogelijk contact met je op.<\/p>\n<\/div>\n\n\n\n<div class=\"wp-block-column is-vertically-aligned-center animated fadeInRight delay-200ms slow is-layout-flow wp-block-column-is-layout-flow\" style=\"flex-basis:45%\">\n\n<div class=\"wpcf7 no-js\" id=\"wpcf7-f3529-o1\" lang=\"nl-NL\" dir=\"ltr\" data-wpcf7-id=\"3529\">\n<div class=\"screen-reader-response\"><p role=\"status\" aria-live=\"polite\" aria-atomic=\"true\"><\/p> <ul><\/ul><\/div>\n<form action=\"\/nl\/wp-json\/wp\/v2\/pages\/3494#wpcf7-f3529-o1\" method=\"post\" class=\"wpcf7-form init\" aria-label=\"Contactformulier\" novalidate=\"novalidate\" data-status=\"init\">\n<div style=\"display: none;\">\n<input type=\"hidden\" name=\"_wpcf7\" value=\"3529\" \/>\n<input type=\"hidden\" name=\"_wpcf7_version\" value=\"6.0\" \/>\n<input type=\"hidden\" name=\"_wpcf7_locale\" value=\"nl_NL\" \/>\n<input type=\"hidden\" name=\"_wpcf7_unit_tag\" value=\"wpcf7-f3529-o1\" \/>\n<input type=\"hidden\" name=\"_wpcf7_container_post\" value=\"0\" \/>\n<input type=\"hidden\" name=\"_wpcf7_posted_data_hash\" value=\"\" \/>\n<input type=\"hidden\" name=\"_wpcf7_recaptcha_response\" value=\"\" \/>\n<\/div>\n<p><label> Uw naam<br \/>\n<span class=\"wpcf7-form-control-wrap\" data-name=\"your-name\"><input size=\"40\" maxlength=\"400\" class=\"wpcf7-form-control wpcf7-text wpcf7-validates-as-required\" autocomplete=\"name\" aria-required=\"true\" aria-invalid=\"false\" value=\"\" type=\"text\" name=\"your-name\" \/><\/span> <\/label>\n<\/p>\n<p><label> Uw e-mail<br \/>\n<span class=\"wpcf7-form-control-wrap\" data-name=\"your-email\"><input size=\"40\" maxlength=\"400\" class=\"wpcf7-form-control wpcf7-email wpcf7-validates-as-required wpcf7-text wpcf7-validates-as-email\" autocomplete=\"email\" aria-required=\"true\" aria-invalid=\"false\" value=\"\" type=\"email\" name=\"your-email\" \/><\/span> <\/label>\n<\/p>\n<p><label> Object<br \/>\n<span class=\"wpcf7-form-control-wrap\" data-name=\"your-subject\"><input size=\"40\" maxlength=\"400\" class=\"wpcf7-form-control wpcf7-text wpcf7-validates-as-required\" aria-required=\"true\" aria-invalid=\"false\" value=\"\" type=\"text\" name=\"your-subject\" \/><\/span> <\/label>\n<\/p>\n<p><label> Uw bericht<br \/>\n<span class=\"wpcf7-form-control-wrap\" data-name=\"your-message\"><textarea cols=\"40\" rows=\"10\" maxlength=\"2000\" class=\"wpcf7-form-control wpcf7-textarea wpcf7-validates-as-required\" aria-required=\"true\" aria-invalid=\"false\" name=\"your-message\"><\/textarea><\/span> <\/label>\n<\/p>\n<p><span class=\"wpcf7-form-control-wrap\" data-name=\"acceptance-886\"><span class=\"wpcf7-form-control wpcf7-acceptance\"><span class=\"wpcf7-list-item\"><input type=\"checkbox\" name=\"acceptance-886\" value=\"1\" aria-invalid=\"false\" \/><\/span><\/span><\/span> Door dit vakje aan te vinken, accepteer ik het <a href=\"\/nl\/privacybeleid\/\" rel=\"nofollow\" target=\"_blank\">Privacybeleid<\/a> van deze site.<br \/>\n<input class=\"wpcf7-form-control wpcf7-submit has-spinner\" type=\"submit\" value=\"Stuur\" \/>\n<\/p><input type='hidden' class='wpcf7-pum' value='{\"closepopup\":false,\"closedelay\":0,\"openpopup\":false,\"openpopup_id\":0}' \/><div class=\"wpcf7-response-output\" aria-hidden=\"true\"><\/div>\n<\/form>\n<\/div>\n\n<\/div>\n<\/div>\n\n\r\n    <\/div>\r\n<\/section>","protected":false},"excerpt":{"rendered":"","protected":false},"author":1,"featured_media":2795,"parent":0,"menu_order":0,"comment_status":"closed","ping_status":"closed","template":"","meta":{"_acf_changed":false,"footnotes":""},"sujet":[],"class_list":["post-3494","page","type-page","status-publish","has-post-thumbnail","hentry"],"acf":[],"yoast_head":"<!-- This site is optimized with the Yoast SEO plugin v23.9 - https:\/\/yoast.com\/wordpress\/plugins\/seo\/ -->\n<title>Info en contact - La Chenaie<\/title>\n<meta name=\"robots\" content=\"noindex, follow, max-snippet:-1, max-image-preview:large, max-video-preview:-1\" \/>\n<meta property=\"og:locale\" content=\"nl_NL\" \/>\n<meta property=\"og:type\" content=\"article\" \/>\n<meta property=\"og:title\" content=\"Info en contact - La Chenaie\" \/>\n<meta property=\"og:url\" content=\"https:\/\/normandieyport.geek-tonic.dev\/nl\/contact-en-toegang\/\" \/>\n<meta property=\"og:site_name\" content=\"La Chenaie\" \/>\n<meta property=\"article:modified_time\" content=\"2024-03-19T13:57:07+00:00\" \/>\n<meta property=\"og:image\" content=\"https:\/\/normandieyport.geek-tonic.dev\/wp-content\/uploads\/sites\/11\/2023\/05\/Voiture-sur-la-plage-de-seine-mairtime-pres-du-flower-camping-la-chenaie-copie.webp\" \/>\n\t<meta property=\"og:image:width\" content=\"1799\" \/>\n\t<meta property=\"og:image:height\" content=\"563\" \/>\n\t<meta property=\"og:image:type\" content=\"image\/webp\" \/>\n<meta name=\"twitter:card\" content=\"summary_large_image\" \/>\n<meta name=\"twitter:label1\" content=\"Geschatte leestijd\" \/>\n\t<meta name=\"twitter:data1\" content=\"1 minuut\" \/>\n<script type=\"application\/ld+json\" class=\"yoast-schema-graph\">{\"@context\":\"https:\/\/schema.org\",\"@graph\":[{\"@type\":\"WebPage\",\"@id\":\"https:\/\/normandieyport.geek-tonic.dev\/nl\/contact-en-toegang\/\",\"url\":\"https:\/\/normandieyport.geek-tonic.dev\/nl\/contact-en-toegang\/\",\"name\":\"Info en contact - La Chenaie\",\"isPartOf\":{\"@id\":\"https:\/\/normandieyport.geek-tonic.dev\/nl\/#website\"},\"primaryImageOfPage\":{\"@id\":\"https:\/\/normandieyport.geek-tonic.dev\/nl\/contact-en-toegang\/#primaryimage\"},\"image\":{\"@id\":\"https:\/\/normandieyport.geek-tonic.dev\/nl\/contact-en-toegang\/#primaryimage\"},\"thumbnailUrl\":\"https:\/\/normandieyport.geek-tonic.dev\/wp-content\/uploads\/sites\/11\/2023\/05\/Voiture-sur-la-plage-de-seine-mairtime-pres-du-flower-camping-la-chenaie-copie.webp\",\"datePublished\":\"2023-05-25T09:45:03+00:00\",\"dateModified\":\"2024-03-19T13:57:07+00:00\",\"breadcrumb\":{\"@id\":\"https:\/\/normandieyport.geek-tonic.dev\/nl\/contact-en-toegang\/#breadcrumb\"},\"inLanguage\":\"nl-NL\",\"potentialAction\":[{\"@type\":\"ReadAction\",\"target\":[\"https:\/\/normandieyport.geek-tonic.dev\/nl\/contact-en-toegang\/\"]}]},{\"@type\":\"ImageObject\",\"inLanguage\":\"nl-NL\",\"@id\":\"https:\/\/normandieyport.geek-tonic.dev\/nl\/contact-en-toegang\/#primaryimage\",\"url\":\"https:\/\/normandieyport.geek-tonic.dev\/wp-content\/uploads\/sites\/11\/2023\/05\/Voiture-sur-la-plage-de-seine-mairtime-pres-du-flower-camping-la-chenaie-copie.webp\",\"contentUrl\":\"https:\/\/normandieyport.geek-tonic.dev\/wp-content\/uploads\/sites\/11\/2023\/05\/Voiture-sur-la-plage-de-seine-mairtime-pres-du-flower-camping-la-chenaie-copie.webp\",\"width\":1799,\"height\":563,\"caption\":\"Auto op seine mairtime strand bij bloem camping la chenaie kopie\"},{\"@type\":\"BreadcrumbList\",\"@id\":\"https:\/\/normandieyport.geek-tonic.dev\/nl\/contact-en-toegang\/#breadcrumb\",\"itemListElement\":[{\"@type\":\"ListItem\",\"position\":1,\"name\":\"Camping Normandie\",\"item\":\"https:\/\/normandieyport.geek-tonic.dev\/nl\/\"},{\"@type\":\"ListItem\",\"position\":2,\"name\":\"Info en contact\"}]},{\"@type\":\"WebSite\",\"@id\":\"https:\/\/normandieyport.geek-tonic.dev\/nl\/#website\",\"url\":\"https:\/\/normandieyport.geek-tonic.dev\/nl\/\",\"name\":\"La Chenaie\",\"description\":\"\",\"publisher\":{\"@id\":\"https:\/\/normandieyport.geek-tonic.dev\/nl\/#organization\"},\"potentialAction\":[{\"@type\":\"SearchAction\",\"target\":{\"@type\":\"EntryPoint\",\"urlTemplate\":\"https:\/\/normandieyport.geek-tonic.dev\/nl\/?s={search_term_string}\"},\"query-input\":{\"@type\":\"PropertyValueSpecification\",\"valueRequired\":true,\"valueName\":\"search_term_string\"}}],\"inLanguage\":\"nl-NL\"},{\"@type\":\"Organization\",\"@id\":\"https:\/\/normandieyport.geek-tonic.dev\/nl\/#organization\",\"name\":\"La Chenaie\",\"url\":\"https:\/\/normandieyport.geek-tonic.dev\/nl\/\",\"logo\":{\"@type\":\"ImageObject\",\"inLanguage\":\"nl-NL\",\"@id\":\"https:\/\/normandieyport.geek-tonic.dev\/nl\/#\/schema\/logo\/image\/\",\"url\":\"https:\/\/normandieyport.geek-tonic.dev\/wp-content\/uploads\/sites\/11\/2024\/03\/cropped-logo-Flower-camping-La-chenaie.png\",\"contentUrl\":\"https:\/\/normandieyport.geek-tonic.dev\/wp-content\/uploads\/sites\/11\/2024\/03\/cropped-logo-Flower-camping-La-chenaie.png\",\"width\":500,\"height\":660,\"caption\":\"La Chenaie\"},\"image\":{\"@id\":\"https:\/\/normandieyport.geek-tonic.dev\/nl\/#\/schema\/logo\/image\/\"}}]}<\/script>\n<!-- \/ Yoast SEO plugin. -->","yoast_head_json":{"title":"Info en contact - La Chenaie","robots":{"index":"noindex","follow":"follow","max-snippet":"max-snippet:-1","max-image-preview":"max-image-preview:large","max-video-preview":"max-video-preview:-1"},"og_locale":"nl_NL","og_type":"article","og_title":"Info en contact - La Chenaie","og_url":"https:\/\/normandieyport.geek-tonic.dev\/nl\/contact-en-toegang\/","og_site_name":"La Chenaie","article_modified_time":"2024-03-19T13:57:07+00:00","og_image":[{"width":1799,"height":563,"url":"https:\/\/normandieyport.geek-tonic.dev\/wp-content\/uploads\/sites\/11\/2023\/05\/Voiture-sur-la-plage-de-seine-mairtime-pres-du-flower-camping-la-chenaie-copie.webp","type":"image\/webp"}],"twitter_card":"summary_large_image","twitter_misc":{"Geschatte leestijd":"1 minuut"},"schema":{"@context":"https:\/\/schema.org","@graph":[{"@type":"WebPage","@id":"https:\/\/normandieyport.geek-tonic.dev\/nl\/contact-en-toegang\/","url":"https:\/\/normandieyport.geek-tonic.dev\/nl\/contact-en-toegang\/","name":"Info en contact - La Chenaie","isPartOf":{"@id":"https:\/\/normandieyport.geek-tonic.dev\/nl\/#website"},"primaryImageOfPage":{"@id":"https:\/\/normandieyport.geek-tonic.dev\/nl\/contact-en-toegang\/#primaryimage"},"image":{"@id":"https:\/\/normandieyport.geek-tonic.dev\/nl\/contact-en-toegang\/#primaryimage"},"thumbnailUrl":"https:\/\/normandieyport.geek-tonic.dev\/wp-content\/uploads\/sites\/11\/2023\/05\/Voiture-sur-la-plage-de-seine-mairtime-pres-du-flower-camping-la-chenaie-copie.webp","datePublished":"2023-05-25T09:45:03+00:00","dateModified":"2024-03-19T13:57:07+00:00","breadcrumb":{"@id":"https:\/\/normandieyport.geek-tonic.dev\/nl\/contact-en-toegang\/#breadcrumb"},"inLanguage":"nl-NL","potentialAction":[{"@type":"ReadAction","target":["https:\/\/normandieyport.geek-tonic.dev\/nl\/contact-en-toegang\/"]}]},{"@type":"ImageObject","inLanguage":"nl-NL","@id":"https:\/\/normandieyport.geek-tonic.dev\/nl\/contact-en-toegang\/#primaryimage","url":"https:\/\/normandieyport.geek-tonic.dev\/wp-content\/uploads\/sites\/11\/2023\/05\/Voiture-sur-la-plage-de-seine-mairtime-pres-du-flower-camping-la-chenaie-copie.webp","contentUrl":"https:\/\/normandieyport.geek-tonic.dev\/wp-content\/uploads\/sites\/11\/2023\/05\/Voiture-sur-la-plage-de-seine-mairtime-pres-du-flower-camping-la-chenaie-copie.webp","width":1799,"height":563,"caption":"Auto op seine mairtime strand bij bloem camping la chenaie kopie"},{"@type":"BreadcrumbList","@id":"https:\/\/normandieyport.geek-tonic.dev\/nl\/contact-en-toegang\/#breadcrumb","itemListElement":[{"@type":"ListItem","position":1,"name":"Camping Normandie","item":"https:\/\/normandieyport.geek-tonic.dev\/nl\/"},{"@type":"ListItem","position":2,"name":"Info en contact"}]},{"@type":"WebSite","@id":"https:\/\/normandieyport.geek-tonic.dev\/nl\/#website","url":"https:\/\/normandieyport.geek-tonic.dev\/nl\/","name":"La Chenaie","description":"","publisher":{"@id":"https:\/\/normandieyport.geek-tonic.dev\/nl\/#organization"},"potentialAction":[{"@type":"SearchAction","target":{"@type":"EntryPoint","urlTemplate":"https:\/\/normandieyport.geek-tonic.dev\/nl\/?s={search_term_string}"},"query-input":{"@type":"PropertyValueSpecification","valueRequired":true,"valueName":"search_term_string"}}],"inLanguage":"nl-NL"},{"@type":"Organization","@id":"https:\/\/normandieyport.geek-tonic.dev\/nl\/#organization","name":"La Chenaie","url":"https:\/\/normandieyport.geek-tonic.dev\/nl\/","logo":{"@type":"ImageObject","inLanguage":"nl-NL","@id":"https:\/\/normandieyport.geek-tonic.dev\/nl\/#\/schema\/logo\/image\/","url":"https:\/\/normandieyport.geek-tonic.dev\/wp-content\/uploads\/sites\/11\/2024\/03\/cropped-logo-Flower-camping-La-chenaie.png","contentUrl":"https:\/\/normandieyport.geek-tonic.dev\/wp-content\/uploads\/sites\/11\/2024\/03\/cropped-logo-Flower-camping-La-chenaie.png","width":500,"height":660,"caption":"La Chenaie"},"image":{"@id":"https:\/\/normandieyport.geek-tonic.dev\/nl\/#\/schema\/logo\/image\/"}}]}},"_links":{"self":[{"href":"https:\/\/normandieyport.geek-tonic.dev\/nl\/wp-json\/wp\/v2\/pages\/3494","targetHints":{"allow":["GET"]}}],"collection":[{"href":"https:\/\/normandieyport.geek-tonic.dev\/nl\/wp-json\/wp\/v2\/pages"}],"about":[{"href":"https:\/\/normandieyport.geek-tonic.dev\/nl\/wp-json\/wp\/v2\/types\/page"}],"author":[{"embeddable":true,"href":"https:\/\/normandieyport.geek-tonic.dev\/nl\/wp-json\/wp\/v2\/users\/1"}],"replies":[{"embeddable":true,"href":"https:\/\/normandieyport.geek-tonic.dev\/nl\/wp-json\/wp\/v2\/comments?post=3494"}],"version-history":[{"count":1,"href":"https:\/\/normandieyport.geek-tonic.dev\/nl\/wp-json\/wp\/v2\/pages\/3494\/revisions"}],"predecessor-version":[{"id":3495,"href":"https:\/\/normandieyport.geek-tonic.dev\/nl\/wp-json\/wp\/v2\/pages\/3494\/revisions\/3495"}],"wp:featuredmedia":[{"embeddable":true,"href":"https:\/\/normandieyport.geek-tonic.dev\/nl\/wp-json\/wp\/v2\/media\/2795"}],"wp:attachment":[{"href":"https:\/\/normandieyport.geek-tonic.dev\/nl\/wp-json\/wp\/v2\/media?parent=3494"}],"wp:term":[{"taxonomy":"sujet","embeddable":true,"href":"https:\/\/normandieyport.geek-tonic.dev\/nl\/wp-json\/wp\/v2\/sujet?post=3494"}],"curies":[{"name":"wp","href":"https:\/\/api.w.org\/{rel}","templated":true}]}}