{"id":3492,"date":"2023-05-25T10:07:09","date_gmt":"2023-05-25T08:07:09","guid":{"rendered":"https:\/\/www.normandieyport.geek-tonic.dev\/camping-ecologisch-yport\/"},"modified":"2024-03-19T14:56:39","modified_gmt":"2024-03-19T13:56:39","slug":"camping-ecologisch-yport","status":"publish","type":"page","link":"https:\/\/normandieyport.geek-tonic.dev\/nl\/camping-ecologisch-yport\/","title":{"rendered":"Onze verplichtingen"},"content":{"rendered":"<section id=\"ls-section-block_acb73a9b32a2b17f2ed6934fa17a5d86\" class=\"ls-section  page-one has-background has-color-4-background-color has-m-t m-t-0 has-m-b m-b-0 has-p-t p-t-14 has-p-b p-b-14\" >\r\n        <div class=\"container container--wide\">\r\n        \n\n<div class=\"wp-block-columns are-vertically-aligned-center is-layout-flex wp-container-core-columns-is-layout-1 wp-block-columns-is-layout-flex\">\n<div class=\"wp-block-column is-vertically-aligned-center animated fadeInLeft delay-100ms slow is-layout-flow wp-block-column-is-layout-flow\" style=\"flex-basis:45%\">\n<figure class=\"wp-block-image size-full\"><img decoding=\"async\" width=\"1803\" height=\"1200\" src=\"https:\/\/www.normandieyport.geek-tonic.dev\/wp-content\/uploads\/sites\/11\/2023\/05\/Etretats-falaises-seine-maritime-2.webp\" alt=\"Etretats kliffen seine maritime bij yport\" class=\"wp-image-2085\" srcset=\"https:\/\/normandieyport.geek-tonic.dev\/wp-content\/uploads\/sites\/11\/2023\/05\/Etretats-falaises-seine-maritime-2.webp 1803w, https:\/\/normandieyport.geek-tonic.dev\/wp-content\/uploads\/sites\/11\/2023\/05\/Etretats-falaises-seine-maritime-2-300x200.webp 300w, https:\/\/normandieyport.geek-tonic.dev\/wp-content\/uploads\/sites\/11\/2023\/05\/Etretats-falaises-seine-maritime-2-1024x682.webp 1024w, https:\/\/normandieyport.geek-tonic.dev\/wp-content\/uploads\/sites\/11\/2023\/05\/Etretats-falaises-seine-maritime-2-768x511.webp 768w, https:\/\/normandieyport.geek-tonic.dev\/wp-content\/uploads\/sites\/11\/2023\/05\/Etretats-falaises-seine-maritime-2-1536x1022.webp 1536w\" sizes=\"(max-width: 1803px) 100vw, 1803px\" \/><\/figure>\n<\/div>\n\n\n\n<div class=\"wp-block-column is-vertically-aligned-center animated fadeInRight slow is-layout-flow wp-block-column-is-layout-flow\" style=\"flex-basis:55%\">\n<h1 class=\"ls__heading wp-block-heading has-text-align-left\">Ecologisch kamperen in Yport<\/h1>\n\n\n\n<h2 class=\"ls__heading wp-block-heading\">Flower Campings in Seine-Maritime<\/h2>\n\n\n\n<p class=\"ls-paragraph\">Welkom op <a href=\"https:\/\/www.normandieyport.geek-tonic.dev\/nl\/\">La Ch\u00eanaie, een camping<\/a> in de ongerepte natuur van Yport in Normandi\u00eb, die <strong>het label &#8220;Flower&#8221;<\/strong> heeft gekregen. Dit label getuigt van<strong>de inzet van<\/strong> de camping<strong>voor het milieu<\/strong> en de bevordering van<strong> natuurvriendelijke praktijken<\/strong>. De camping gaat er dan ook prat op<strong> strenge milieunormen na te leven om<\/strong>de impact op het milieu tot een minimum te beperken.<\/p>\n\n\n\n<p class=\"ls-paragraph\"><a href=\"https:\/\/www.normandieyport.geek-tonic.dev\/nl\/\">Camping en Seine-Maritime<\/a> gelooft dat duurzame vakanties net zo leuk kunnen zijn als conventionele vakanties. Daarom biedt het zijn klanten <strong>moderne voorzieningen die de ecologische waarden<\/strong> van het label &#8220;Flower camping&#8221; respecteren. Kampeerplaatsen en huuraccommodaties zijn ontworpen om kampeerders comfort en welzijn te bieden en tegelijkertijd de <strong>impact van de camping op het milieu te minimaliseren<\/strong>. Kortom, La Ch\u00eanaie is de ideale keuze voor een <strong>ecologische en duurzame vakantie<\/strong> in Normandi\u00eb.<\/p>\n<\/div>\n<\/div>\n\n\r\n    <\/div>\r\n<\/section><section id=\"ls-section-block_465e59a1250efa6a7191e57bf6591215\" class=\"ls-section  home-gallery has-background has-color-4-background-color has-m-t m-t-0 has-p-t p-t-0\" >\r\n        <div class=\"container container--full\">\r\n        \n\n<figure class=\"wp-block-gallery has-nested-images columns-1 is-cropped galerie-slider-container wp-block-gallery-1 is-layout-flex wp-block-gallery-is-layout-flex\">\n<figure class=\"wp-block-image size-full\"><a href=\"https:\/\/www.normandieyport.geek-tonic.dev\/wp-content\/uploads\/sites\/11\/2023\/05\/chenaie-4_resultat.webp\"><img decoding=\"async\" width=\"1024\" height=\"683\" src=\"https:\/\/www.normandieyport.geek-tonic.dev\/wp-content\/uploads\/sites\/11\/2023\/05\/chenaie-4_resultat.webp\" alt=\"twee kleine meisjes wandelen in het wild bij camping la chenaie\" class=\"wp-image-1869\" srcset=\"https:\/\/normandieyport.geek-tonic.dev\/wp-content\/uploads\/sites\/11\/2023\/05\/chenaie-4_resultat.webp 1024w, https:\/\/normandieyport.geek-tonic.dev\/wp-content\/uploads\/sites\/11\/2023\/05\/chenaie-4_resultat-300x200.webp 300w, https:\/\/normandieyport.geek-tonic.dev\/wp-content\/uploads\/sites\/11\/2023\/05\/chenaie-4_resultat-768x512.webp 768w\" sizes=\"(max-width: 1024px) 100vw, 1024px\" \/><\/a><\/figure>\n\n\n\n<figure class=\"wp-block-image size-large\"><a href=\"https:\/\/www.normandieyport.geek-tonic.dev\/wp-content\/uploads\/sites\/11\/2023\/05\/AdobeStock_71456319_resultat.webp\"><img decoding=\"async\" width=\"1024\" height=\"683\" src=\"https:\/\/www.normandieyport.geek-tonic.dev\/wp-content\/uploads\/sites\/11\/2023\/05\/AdobeStock_71456319_resultat-1024x683.webp\" alt=\"boomtoppen op camping la chenaie onder een prachtige zomerzon\" class=\"wp-image-2114\" srcset=\"https:\/\/normandieyport.geek-tonic.dev\/wp-content\/uploads\/sites\/11\/2023\/05\/AdobeStock_71456319_resultat-1024x683.webp 1024w, https:\/\/normandieyport.geek-tonic.dev\/wp-content\/uploads\/sites\/11\/2023\/05\/AdobeStock_71456319_resultat-300x200.webp 300w, https:\/\/normandieyport.geek-tonic.dev\/wp-content\/uploads\/sites\/11\/2023\/05\/AdobeStock_71456319_resultat-768x512.webp 768w, https:\/\/normandieyport.geek-tonic.dev\/wp-content\/uploads\/sites\/11\/2023\/05\/AdobeStock_71456319_resultat-1536x1024.webp 1536w, https:\/\/normandieyport.geek-tonic.dev\/wp-content\/uploads\/sites\/11\/2023\/05\/AdobeStock_71456319_resultat.webp 1800w\" sizes=\"(max-width: 1024px) 100vw, 1024px\" \/><\/a><\/figure>\n\n\n\n<figure class=\"wp-block-image size-full\"><a href=\"https:\/\/www.normandieyport.geek-tonic.dev\/wp-content\/uploads\/sites\/11\/2023\/05\/chenaie-2_resultat.webp\"><img decoding=\"async\" width=\"1024\" height=\"682\" src=\"https:\/\/www.normandieyport.geek-tonic.dev\/wp-content\/uploads\/sites\/11\/2023\/05\/chenaie-2_resultat.webp\" alt=\"camping bloem la chenaie vanuit de lucht\" class=\"wp-image-1861\" srcset=\"https:\/\/normandieyport.geek-tonic.dev\/wp-content\/uploads\/sites\/11\/2023\/05\/chenaie-2_resultat.webp 1024w, https:\/\/normandieyport.geek-tonic.dev\/wp-content\/uploads\/sites\/11\/2023\/05\/chenaie-2_resultat-300x200.webp 300w, https:\/\/normandieyport.geek-tonic.dev\/wp-content\/uploads\/sites\/11\/2023\/05\/chenaie-2_resultat-768x512.webp 768w\" sizes=\"(max-width: 1024px) 100vw, 1024px\" \/><\/a><\/figure>\n<\/figure>\n\n\r\n    <\/div>\r\n<\/section><section id=\"ls-section-block_b15d4b96a84029be6b901269818ceb22\" class=\"ls-section  page-two animated fadeInUp slow\" >\r\n        <div class=\"container container--wide\">\r\n        \n\n<p class=\"ls-paragraph has-text-align-center\">Onze camping heeft <strong>een aantal acties opgezet voor duurzame ontwikkeling en biodiversiteit<\/strong>:<\/p>\n\n\n\n<ul class=\"ls-list wp-block-list\">\n<li>lieveheersbeestje huis<\/li>\n\n\n\n<li>insectenhotel, kast voor solitaire bijen<\/li>\n\n\n\n<li>bloemenweide<\/li>\n\n\n\n<li>aanwezigheidsmelder in sanitaire ruimtes<\/li>\n\n\n\n<li>promotie van gereedschap op batterijen<\/li>\n\n\n\n<li>selectief sorteren<\/li>\n\n\n\n<li>verkoop van biologische kruidenierswaren op korte termijn<\/li>\n\n\n\n<li>zwart-wit en conceptprinten favoriet<\/li>\n\n\n\n<li>toeristische informatie beschikbaar voor raadpleging, elektronisch welkomstboekje via de Flower Campings mobiele app<\/li>\n<\/ul>\n\n\r\n    <\/div>\r\n<\/section><section id=\"ls-section-block_6d21e97a64c1acfa4019a5db36adaaf1\" class=\"ls-section  page-one aventure has-background has-color-4-background-color\" >\r\n        <div class=\"container container--wide\">\r\n        \n\n<div class=\"wp-block-columns are-vertically-aligned-center is-layout-flex wp-container-core-columns-is-layout-2 wp-block-columns-is-layout-flex\">\n<div class=\"wp-block-column is-vertically-aligned-center first animated fadeInLeft delay-100ms slow is-layout-flow wp-block-column-is-layout-flow\" style=\"flex-basis:45%\">\n<figure class=\"wp-block-image size-large\"><a href=\"https:\/\/www.normandieyport.geek-tonic.dev\/wp-content\/uploads\/sites\/11\/2023\/05\/Depositphotos_66601307_XL_resultat.webp\"><img decoding=\"async\" width=\"1024\" height=\"683\" src=\"https:\/\/www.normandieyport.geek-tonic.dev\/wp-content\/uploads\/sites\/11\/2023\/05\/Depositphotos_66601307_XL_resultat-1024x683.webp\" alt=\"kinderhanden houden ontkiemende zaadjes vast in de zon op camping Flowers la Chenaie\" class=\"wp-image-2110\" srcset=\"https:\/\/normandieyport.geek-tonic.dev\/wp-content\/uploads\/sites\/11\/2023\/05\/Depositphotos_66601307_XL_resultat-1024x683.webp 1024w, https:\/\/normandieyport.geek-tonic.dev\/wp-content\/uploads\/sites\/11\/2023\/05\/Depositphotos_66601307_XL_resultat-300x200.webp 300w, https:\/\/normandieyport.geek-tonic.dev\/wp-content\/uploads\/sites\/11\/2023\/05\/Depositphotos_66601307_XL_resultat-768x512.webp 768w, https:\/\/normandieyport.geek-tonic.dev\/wp-content\/uploads\/sites\/11\/2023\/05\/Depositphotos_66601307_XL_resultat-1536x1024.webp 1536w, https:\/\/normandieyport.geek-tonic.dev\/wp-content\/uploads\/sites\/11\/2023\/05\/Depositphotos_66601307_XL_resultat.webp 1800w\" sizes=\"(max-width: 1024px) 100vw, 1024px\" \/><\/a><\/figure>\n<\/div>\n\n\n\n<div class=\"wp-block-column is-vertically-aligned-center second animated fadeInRight slow is-layout-flow wp-block-column-is-layout-flow\" style=\"flex-basis:55%\">\n<h2 class=\"ls__heading wp-block-heading\">Onze ecologische verplichtingen op de camping<\/h2>\n\n\n\n<p class=\"ls-paragraph\">Camping La Ch\u00eanaie heeft naast het Flower label ook de<strong> labels &#8220;Cl\u00e9 verte&#8221; en &#8220;Qualit\u00e9 Tourisme<\/strong>&#8221; gekregen.<\/p>\n\n\n\n<p class=\"ls-paragraph\"><strong>Het keurmerk &#8220;Green Key&#8221; <\/strong>is een <strong>internationale milieucertificering<\/strong> die campings stimuleert om milieuvriendelijke <strong>praktijken<\/strong> toe te passen. Deze campings zetten zich in om hun impact op het milieu te beperken door maatregelen zoals afvalvermindering, verantwoord water- en energiebeheer en het gebruik van milieuvriendelijke producten.<\/p>\n\n\n\n<p class=\"ls-paragraph\">Het label <strong>&#8220;Qualit\u00e9 Tourisme&#8221;<\/strong> is een Franse certificering<strong> die wordt toegekend aan campings die een toeristische kwaliteitservaring<\/strong> bieden. Campings met het label &#8220;Qualit\u00e9 Tourisme&#8221; worden beoordeeld op criteria zoals onthaal, netheid, diensten en veiligheid.<br\/><br\/>Kiezen voor een camping met het label &#8220;Cl\u00e9 Verte&#8221; en &#8220;Qualit\u00e9 Tourisme&#8221; is de ideale keuze, want dat belooft een <strong>langdurige, geslaagde vakantie<\/strong>. De combinatie van deze labels garandeert de implementatie van <strong>ecologische maatregelen<\/strong> met behoud van het comfort van de kampeerders.  <\/p>\n<\/div>\n<\/div>\n\n\r\n    <\/div>\r\n<\/section><section id=\"ls-section-block_a4f819731d5eb0eae877903b2ac3bc4c\" class=\"ls-section  page-maillage experience\" >\r\n        <div class=\"container container--wide\">\r\n        \n\n<div id=\"ls-heading ls-titre-div-block_385a5aae2bdc4106ebfc243bc394fe3e\" class=\"ls-titre-div aligncenter h2-like\" >\n    Ontdek onze diensten, onze verplichtingen en ons zwembad<\/div>\n\n\n<div id=\"ls-maillage-block_04a8dc2595cecda10a718857aebd7378\" class=\"ls-maillage cta-style-normal\" data-rows=\"3\">\n    <div class=\"wp-block-columns\"><div class=\"wp-block-column\"><div id=\"destinations\" class=\"ls-cta\">\n\n<a href=\"https:\/\/normandieyport.geek-tonic.dev\/nl\/camping-verwarmd-zwembad-yport\/\" target=\"\" rel=\"noopener\" class=\"ls-cta__link\">\n\n\t<div class=\"ls-cta__image\"><img decoding=\"async\" src=\"https:\/\/normandieyport.geek-tonic.dev\/wp-content\/uploads\/sites\/11\/2023\/05\/AdobeStock_516247864_resultat.webp\" alt=\"Een kind met een hoed en bril heeft plezier in het zwembad bij La Chenaie\"><\/div>\n\t<div class=\"ls-cta__title\">\n\t\tOns zwembad\t<\/div>\n\n\t\t\n<\/a><\/div><\/div><div class=\"wp-block-column\"><div id=\"destinations\" class=\"ls-cta\">\n\n<a href=\"https:\/\/normandieyport.geek-tonic.dev\/nl\/camping-familie-yport\/\" target=\"\" rel=\"noopener\" class=\"ls-cta__link\">\n\n\t<div class=\"ls-cta__image\"><img decoding=\"async\" src=\"https:\/\/normandieyport.geek-tonic.dev\/wp-content\/uploads\/sites\/11\/2023\/05\/enfant-camping-voiture-pleine-vacances.webp\" alt=\"kind camping auto volledige vakantie complete kampeeruitrusting\"><\/div>\n\t<div class=\"ls-cta__title\">\n\t\tOnze diensten\t<\/div>\n\n\t\t\n<\/a><\/div><\/div><div class=\"wp-block-column\"><div id=\"destinations\" class=\"ls-cta\">\n\n<a href=\"https:\/\/normandieyport.geek-tonic.dev\/nl\/camping-ecologisch-yport\/\" target=\"\" rel=\"noopener\" class=\"ls-cta__link\">\n\n\t<div class=\"ls-cta__image\"><img decoding=\"async\" src=\"https:\/\/normandieyport.geek-tonic.dev\/wp-content\/uploads\/sites\/11\/2023\/04\/camping-yport.webp\" alt=\"camping yport\"><\/div>\n\t<div class=\"ls-cta__title\">\n\t\tOnze verplichtingen\t<\/div>\n\n\t\t\n<\/a><\/div><\/div><\/div><\/div>\n\r\n    <\/div>\r\n<\/section>","protected":false},"excerpt":{"rendered":"","protected":false},"author":1,"featured_media":2090,"parent":0,"menu_order":0,"comment_status":"closed","ping_status":"closed","template":"","meta":{"_acf_changed":false,"footnotes":""},"sujet":[],"class_list":["post-3492","page","type-page","status-publish","has-post-thumbnail","hentry"],"acf":[],"yoast_head":"<!-- This site is optimized with the Yoast SEO plugin v23.9 - https:\/\/yoast.com\/wordpress\/plugins\/seo\/ -->\n<title>Ecologische camping in Seine-Maritime | Camping Flower Yport<\/title>\n<meta name=\"robots\" content=\"noindex, follow, max-snippet:-1, max-image-preview:large, max-video-preview:-1\" \/>\n<meta property=\"og:locale\" content=\"nl_NL\" \/>\n<meta property=\"og:type\" content=\"article\" \/>\n<meta property=\"og:title\" content=\"Ecologische camping in Seine-Maritime | Camping Flower Yport\" \/>\n<meta property=\"og:url\" content=\"https:\/\/normandieyport.geek-tonic.dev\/nl\/camping-ecologisch-yport\/\" \/>\n<meta property=\"og:site_name\" content=\"La Chenaie\" \/>\n<meta property=\"article:modified_time\" content=\"2024-03-19T13:56:39+00:00\" \/>\n<meta property=\"og:image\" content=\"https:\/\/normandieyport.geek-tonic.dev\/wp-content\/uploads\/sites\/11\/2023\/05\/Etretats-falaises-seine-maritime-3.webp\" \/>\n\t<meta property=\"og:image:width\" content=\"1920\" \/>\n\t<meta property=\"og:image:height\" content=\"985\" \/>\n\t<meta property=\"og:image:type\" content=\"image\/webp\" \/>\n<meta name=\"twitter:card\" content=\"summary_large_image\" \/>\n<meta name=\"twitter:label1\" content=\"Geschatte leestijd\" \/>\n\t<meta name=\"twitter:data1\" content=\"2 minuten\" \/>\n<script type=\"application\/ld+json\" class=\"yoast-schema-graph\">{\"@context\":\"https:\/\/schema.org\",\"@graph\":[{\"@type\":\"WebPage\",\"@id\":\"https:\/\/normandieyport.geek-tonic.dev\/nl\/camping-ecologisch-yport\/\",\"url\":\"https:\/\/normandieyport.geek-tonic.dev\/nl\/camping-ecologisch-yport\/\",\"name\":\"Ecologische camping in Seine-Maritime | Camping Flower Yport\",\"isPartOf\":{\"@id\":\"https:\/\/normandieyport.geek-tonic.dev\/nl\/#website\"},\"primaryImageOfPage\":{\"@id\":\"https:\/\/normandieyport.geek-tonic.dev\/nl\/camping-ecologisch-yport\/#primaryimage\"},\"image\":{\"@id\":\"https:\/\/normandieyport.geek-tonic.dev\/nl\/camping-ecologisch-yport\/#primaryimage\"},\"thumbnailUrl\":\"https:\/\/normandieyport.geek-tonic.dev\/wp-content\/uploads\/sites\/11\/2023\/05\/Etretats-falaises-seine-maritime-3.webp\",\"datePublished\":\"2023-05-25T08:07:09+00:00\",\"dateModified\":\"2024-03-19T13:56:39+00:00\",\"breadcrumb\":{\"@id\":\"https:\/\/normandieyport.geek-tonic.dev\/nl\/camping-ecologisch-yport\/#breadcrumb\"},\"inLanguage\":\"nl-NL\",\"potentialAction\":[{\"@type\":\"ReadAction\",\"target\":[\"https:\/\/normandieyport.geek-tonic.dev\/nl\/camping-ecologisch-yport\/\"]}]},{\"@type\":\"ImageObject\",\"inLanguage\":\"nl-NL\",\"@id\":\"https:\/\/normandieyport.geek-tonic.dev\/nl\/camping-ecologisch-yport\/#primaryimage\",\"url\":\"https:\/\/normandieyport.geek-tonic.dev\/wp-content\/uploads\/sites\/11\/2023\/05\/Etretats-falaises-seine-maritime-3.webp\",\"contentUrl\":\"https:\/\/normandieyport.geek-tonic.dev\/wp-content\/uploads\/sites\/11\/2023\/05\/Etretats-falaises-seine-maritime-3.webp\",\"width\":1920,\"height\":985,\"caption\":\"bark op het strand van galet d'yport bij camping flower la chenaie\"},{\"@type\":\"BreadcrumbList\",\"@id\":\"https:\/\/normandieyport.geek-tonic.dev\/nl\/camping-ecologisch-yport\/#breadcrumb\",\"itemListElement\":[{\"@type\":\"ListItem\",\"position\":1,\"name\":\"Camping Normandie\",\"item\":\"https:\/\/normandieyport.geek-tonic.dev\/nl\/\"},{\"@type\":\"ListItem\",\"position\":2,\"name\":\"Camping Bloemen in Yport\"}]},{\"@type\":\"WebSite\",\"@id\":\"https:\/\/normandieyport.geek-tonic.dev\/nl\/#website\",\"url\":\"https:\/\/normandieyport.geek-tonic.dev\/nl\/\",\"name\":\"La Chenaie\",\"description\":\"\",\"publisher\":{\"@id\":\"https:\/\/normandieyport.geek-tonic.dev\/nl\/#organization\"},\"potentialAction\":[{\"@type\":\"SearchAction\",\"target\":{\"@type\":\"EntryPoint\",\"urlTemplate\":\"https:\/\/normandieyport.geek-tonic.dev\/nl\/?s={search_term_string}\"},\"query-input\":{\"@type\":\"PropertyValueSpecification\",\"valueRequired\":true,\"valueName\":\"search_term_string\"}}],\"inLanguage\":\"nl-NL\"},{\"@type\":\"Organization\",\"@id\":\"https:\/\/normandieyport.geek-tonic.dev\/nl\/#organization\",\"name\":\"La Chenaie\",\"url\":\"https:\/\/normandieyport.geek-tonic.dev\/nl\/\",\"logo\":{\"@type\":\"ImageObject\",\"inLanguage\":\"nl-NL\",\"@id\":\"https:\/\/normandieyport.geek-tonic.dev\/nl\/#\/schema\/logo\/image\/\",\"url\":\"https:\/\/normandieyport.geek-tonic.dev\/wp-content\/uploads\/sites\/11\/2024\/03\/cropped-logo-Flower-camping-La-chenaie.png\",\"contentUrl\":\"https:\/\/normandieyport.geek-tonic.dev\/wp-content\/uploads\/sites\/11\/2024\/03\/cropped-logo-Flower-camping-La-chenaie.png\",\"width\":500,\"height\":660,\"caption\":\"La Chenaie\"},\"image\":{\"@id\":\"https:\/\/normandieyport.geek-tonic.dev\/nl\/#\/schema\/logo\/image\/\"}}]}<\/script>\n<!-- \/ Yoast SEO plugin. -->","yoast_head_json":{"title":"Ecologische camping in Seine-Maritime | Camping Flower Yport","robots":{"index":"noindex","follow":"follow","max-snippet":"max-snippet:-1","max-image-preview":"max-image-preview:large","max-video-preview":"max-video-preview:-1"},"og_locale":"nl_NL","og_type":"article","og_title":"Ecologische camping in Seine-Maritime | Camping Flower Yport","og_url":"https:\/\/normandieyport.geek-tonic.dev\/nl\/camping-ecologisch-yport\/","og_site_name":"La Chenaie","article_modified_time":"2024-03-19T13:56:39+00:00","og_image":[{"width":1920,"height":985,"url":"https:\/\/normandieyport.geek-tonic.dev\/wp-content\/uploads\/sites\/11\/2023\/05\/Etretats-falaises-seine-maritime-3.webp","type":"image\/webp"}],"twitter_card":"summary_large_image","twitter_misc":{"Geschatte leestijd":"2 minuten"},"schema":{"@context":"https:\/\/schema.org","@graph":[{"@type":"WebPage","@id":"https:\/\/normandieyport.geek-tonic.dev\/nl\/camping-ecologisch-yport\/","url":"https:\/\/normandieyport.geek-tonic.dev\/nl\/camping-ecologisch-yport\/","name":"Ecologische camping in Seine-Maritime | Camping Flower Yport","isPartOf":{"@id":"https:\/\/normandieyport.geek-tonic.dev\/nl\/#website"},"primaryImageOfPage":{"@id":"https:\/\/normandieyport.geek-tonic.dev\/nl\/camping-ecologisch-yport\/#primaryimage"},"image":{"@id":"https:\/\/normandieyport.geek-tonic.dev\/nl\/camping-ecologisch-yport\/#primaryimage"},"thumbnailUrl":"https:\/\/normandieyport.geek-tonic.dev\/wp-content\/uploads\/sites\/11\/2023\/05\/Etretats-falaises-seine-maritime-3.webp","datePublished":"2023-05-25T08:07:09+00:00","dateModified":"2024-03-19T13:56:39+00:00","breadcrumb":{"@id":"https:\/\/normandieyport.geek-tonic.dev\/nl\/camping-ecologisch-yport\/#breadcrumb"},"inLanguage":"nl-NL","potentialAction":[{"@type":"ReadAction","target":["https:\/\/normandieyport.geek-tonic.dev\/nl\/camping-ecologisch-yport\/"]}]},{"@type":"ImageObject","inLanguage":"nl-NL","@id":"https:\/\/normandieyport.geek-tonic.dev\/nl\/camping-ecologisch-yport\/#primaryimage","url":"https:\/\/normandieyport.geek-tonic.dev\/wp-content\/uploads\/sites\/11\/2023\/05\/Etretats-falaises-seine-maritime-3.webp","contentUrl":"https:\/\/normandieyport.geek-tonic.dev\/wp-content\/uploads\/sites\/11\/2023\/05\/Etretats-falaises-seine-maritime-3.webp","width":1920,"height":985,"caption":"bark op het strand van galet d'yport bij camping flower la chenaie"},{"@type":"BreadcrumbList","@id":"https:\/\/normandieyport.geek-tonic.dev\/nl\/camping-ecologisch-yport\/#breadcrumb","itemListElement":[{"@type":"ListItem","position":1,"name":"Camping Normandie","item":"https:\/\/normandieyport.geek-tonic.dev\/nl\/"},{"@type":"ListItem","position":2,"name":"Camping Bloemen in Yport"}]},{"@type":"WebSite","@id":"https:\/\/normandieyport.geek-tonic.dev\/nl\/#website","url":"https:\/\/normandieyport.geek-tonic.dev\/nl\/","name":"La Chenaie","description":"","publisher":{"@id":"https:\/\/normandieyport.geek-tonic.dev\/nl\/#organization"},"potentialAction":[{"@type":"SearchAction","target":{"@type":"EntryPoint","urlTemplate":"https:\/\/normandieyport.geek-tonic.dev\/nl\/?s={search_term_string}"},"query-input":{"@type":"PropertyValueSpecification","valueRequired":true,"valueName":"search_term_string"}}],"inLanguage":"nl-NL"},{"@type":"Organization","@id":"https:\/\/normandieyport.geek-tonic.dev\/nl\/#organization","name":"La Chenaie","url":"https:\/\/normandieyport.geek-tonic.dev\/nl\/","logo":{"@type":"ImageObject","inLanguage":"nl-NL","@id":"https:\/\/normandieyport.geek-tonic.dev\/nl\/#\/schema\/logo\/image\/","url":"https:\/\/normandieyport.geek-tonic.dev\/wp-content\/uploads\/sites\/11\/2024\/03\/cropped-logo-Flower-camping-La-chenaie.png","contentUrl":"https:\/\/normandieyport.geek-tonic.dev\/wp-content\/uploads\/sites\/11\/2024\/03\/cropped-logo-Flower-camping-La-chenaie.png","width":500,"height":660,"caption":"La Chenaie"},"image":{"@id":"https:\/\/normandieyport.geek-tonic.dev\/nl\/#\/schema\/logo\/image\/"}}]}},"_links":{"self":[{"href":"https:\/\/normandieyport.geek-tonic.dev\/nl\/wp-json\/wp\/v2\/pages\/3492","targetHints":{"allow":["GET"]}}],"collection":[{"href":"https:\/\/normandieyport.geek-tonic.dev\/nl\/wp-json\/wp\/v2\/pages"}],"about":[{"href":"https:\/\/normandieyport.geek-tonic.dev\/nl\/wp-json\/wp\/v2\/types\/page"}],"author":[{"embeddable":true,"href":"https:\/\/normandieyport.geek-tonic.dev\/nl\/wp-json\/wp\/v2\/users\/1"}],"replies":[{"embeddable":true,"href":"https:\/\/normandieyport.geek-tonic.dev\/nl\/wp-json\/wp\/v2\/comments?post=3492"}],"version-history":[{"count":1,"href":"https:\/\/normandieyport.geek-tonic.dev\/nl\/wp-json\/wp\/v2\/pages\/3492\/revisions"}],"predecessor-version":[{"id":3493,"href":"https:\/\/normandieyport.geek-tonic.dev\/nl\/wp-json\/wp\/v2\/pages\/3492\/revisions\/3493"}],"wp:featuredmedia":[{"embeddable":true,"href":"https:\/\/normandieyport.geek-tonic.dev\/nl\/wp-json\/wp\/v2\/media\/2090"}],"wp:attachment":[{"href":"https:\/\/normandieyport.geek-tonic.dev\/nl\/wp-json\/wp\/v2\/media?parent=3492"}],"wp:term":[{"taxonomy":"sujet","embeddable":true,"href":"https:\/\/normandieyport.geek-tonic.dev\/nl\/wp-json\/wp\/v2\/sujet?post=3492"}],"curies":[{"name":"wp","href":"https:\/\/api.w.org\/{rel}","templated":true}]}}