{"id":3470,"date":"2023-05-25T11:45:03","date_gmt":"2023-05-25T09:45:03","guid":{"rendered":"https:\/\/www.normandieyport.geek-tonic.dev\/contact-and-access\/"},"modified":"2024-03-19T14:47:20","modified_gmt":"2024-03-19T13:47:20","slug":"contact-and-access","status":"publish","type":"page","link":"https:\/\/normandieyport.geek-tonic.dev\/en\/contact-and-access\/","title":{"rendered":"Info and contact"},"content":{"rendered":"<section id=\"ls-section-block_25e9350f48c065f795974e49d4d7532d\" class=\"ls-section  home-first page-one has-background has-color-4-background-color\" >\r\n        <div class=\"container container--wide\">\r\n        \n\n<div class=\"wp-block-columns is-layout-flex wp-container-core-columns-is-layout-1 wp-block-columns-is-layout-flex\">\n<div class=\"wp-block-column is-vertically-aligned-top animated fadeInLeft slow is-layout-flow wp-block-column-is-layout-flow\" style=\"flex-basis:45%\">\n<iframe src=\"https:\/\/www.google.com\/maps\/embed?pb=!1m18!1m12!1m3!1d73399.64798744602!2d0.2697215716140705!3d49.74356741019501!2m3!1f0!2f0!3f0!3m2!1i1024!2i768!4f13.1!3m3!1m2!1s0x47e014e29448df27%3A0xaf0e7b17caab95f7!2sFlower%20Camping%20La%20Ch%C3%AAnaie!5e1!3m2!1sfr!2sfr!4v1685430954905!5m2!1sfr!2sfr\" width=\"100%\" height=\"450\" style=\"border:0;\" allowfullscreen=\"\" loading=\"lazy\" referrerpolicy=\"no-referrer-when-downgrade\"><\/iframe>\n<\/div>\n\n\n\n<div class=\"wp-block-column is-vertically-aligned-top animated fadeInRight delay-100ms slow is-layout-flow wp-block-column-is-layout-flow\" style=\"flex-basis:55%\">\n<h1 class=\"ls__heading wp-block-heading has-text-align-center\">Contact and access<\/h1>\n\n\n\n<h2 class=\"ls__heading wp-block-heading\">Coming to the campsite<\/h2>\n\n\n\n<p class=\"ls-paragraph\"><a href=\"https:\/\/www.normandieyport.geek-tonic.dev\/en\/\">Camping La Chenaie<\/a> is located rue Henry Simon, 76111 Yport.<br\/><strong>GPS coordinates<\/strong>: 49.73271786819733, 0.3220580998567707.<\/p>\n\n\n\n<p class=\"ls-paragraph\">Camping La Chenaie is located in the charming <strong>village of Yport<\/strong>, on <strong>the Normandy coast<\/strong>. To access it, you have several options:<\/p>\n\n\n\n<div class=\"ls-lire-plus\">\n    <input id=\"ls-lire-plus-block_046c905272daa88cc763b9a8f832c35b69e88d91768f2\" type=\"checkbox\" class=\"ls-lire-plus__toggle\"  \/>\n    <label for=\"ls-lire-plus-block_046c905272daa88cc763b9a8f832c35b69e88d91768f2\" class=\"ls-lire-plus__toggle-label\">\n        <span>Lire plus<\/span>\n        <span>Lire moins<\/span>\n    <\/label>\n    <div class=\"ls-lire-plus__content\">\n        \n\n<ul class=\"ls-list wp-block-list\">\n<li><strong>By car<\/strong>: take the A29 freeway to the F\u00e9camp exit, then follow signs for Yport. The campsite is about 15 minutes from F\u00e9camp. You can also take the coastal road (D940), which runs alongside the sea and offers magnificent scenery.<\/li>\n\n\n\n<li><strong>By train<\/strong>: the nearest station is F\u00e9camp, served by TER trains from Rouen and Le Havre. From there, you can take a cab or bus (line 24) to Yport.<\/li>\n\n\n\n<li><strong>By plane<\/strong>: the nearest airport is Le Havre-Octeville, about 40 minutes&#8217; drive from the campsite. You can rent a car or take a cab to Yport.<\/li>\n\n\n\n<li><strong>By bike<\/strong>: if you like two-wheeled tours, you can reach the campsite via the coastal cycle route, which passes through Etretat, F\u00e9camp and Yport. You can admire the cliffs and beaches of the C\u00f4te d&#8217;Alb\u00e2tre.<\/li>\n<\/ul>\n\n\n\n<p class=\"ls-paragraph has-text-align-left\">Whichever means of transport you choose, you&#8217;ll receive a <strong>warm welcome<\/strong> at La Chenaie campsite, where you can <strong>enjoy a quiet, green setting<\/strong> just a stone&#8217;s throw from the sea.<\/p>\n\n        <div class=\"ls-lire-plus__gradient\" style=\"background: linear-gradient(to bottom,rgba(255,235,204,0) 0%,rgba(255,235,204,1) 100%);\"><\/div>\n    <\/div>\n<\/div><\/div>\n<\/div>\n\n\r\n    <\/div>\r\n<\/section><section id=\"ls-section-block_50e8d548fd2c43a6888878e0bf7ceca4\" class=\"ls-section  home-first page-one\" >\r\n        <div class=\"container container--wide\">\r\n        \n\n<div class=\"wp-block-columns is-layout-flex wp-container-core-columns-is-layout-2 wp-block-columns-is-layout-flex\">\n<div class=\"wp-block-column is-vertically-aligned-center animated fadeInLeft slow has-color-white-color has-text-color is-layout-flow wp-block-column-is-layout-flow\" style=\"flex-basis:55%\">\n<h2 class=\"ls__heading wp-block-heading has-color-7-color has-text-color\">Contact us<\/h2>\n\n\n\n<p class=\"ls-paragraph has-color-black-color has-text-color\">Do you need more information? Would you like to contact us to prepare for your arrival?<\/p>\n\n\n\n<p class=\"ls-paragraph has-color-black-color has-text-color\">You can contact us via the contact form, or by telephone <strong>02 35 27 33 56<\/strong><\/p>\n\n\n\n<p class=\"ls-paragraph has-color-black-color has-text-color\">or e-mail <a href=\"mailto:camping.yport@flowercampings.com\">camping.yport@flowercampings.com<\/a>.  <\/p>\n\n\n\n<p class=\"ls-paragraph has-color-black-color has-text-color\">Our team will get back to you as soon as possible.<\/p>\n<\/div>\n\n\n\n<div class=\"wp-block-column is-vertically-aligned-center animated fadeInRight delay-200ms slow is-layout-flow wp-block-column-is-layout-flow\" style=\"flex-basis:45%\">\n\n<div class=\"wpcf7 no-js\" id=\"wpcf7-f3528-o1\" lang=\"en-US\" dir=\"ltr\" data-wpcf7-id=\"3528\">\n<div class=\"screen-reader-response\"><p role=\"status\" aria-live=\"polite\" aria-atomic=\"true\"><\/p> <ul><\/ul><\/div>\n<form action=\"\/en\/wp-json\/wp\/v2\/pages\/3470#wpcf7-f3528-o1\" method=\"post\" class=\"wpcf7-form init\" aria-label=\"Contact form\" novalidate=\"novalidate\" data-status=\"init\">\n<div style=\"display: none;\">\n<input type=\"hidden\" name=\"_wpcf7\" value=\"3528\" \/>\n<input type=\"hidden\" name=\"_wpcf7_version\" value=\"6.0\" \/>\n<input type=\"hidden\" name=\"_wpcf7_locale\" value=\"en_US\" \/>\n<input type=\"hidden\" name=\"_wpcf7_unit_tag\" value=\"wpcf7-f3528-o1\" \/>\n<input type=\"hidden\" name=\"_wpcf7_container_post\" value=\"0\" \/>\n<input type=\"hidden\" name=\"_wpcf7_posted_data_hash\" value=\"\" \/>\n<input type=\"hidden\" name=\"_wpcf7_recaptcha_response\" value=\"\" \/>\n<\/div>\n<p><label> Your name<br \/>\n<span class=\"wpcf7-form-control-wrap\" data-name=\"your-name\"><input size=\"40\" maxlength=\"400\" class=\"wpcf7-form-control wpcf7-text wpcf7-validates-as-required\" autocomplete=\"name\" aria-required=\"true\" aria-invalid=\"false\" value=\"\" type=\"text\" name=\"your-name\" \/><\/span> <\/label>\n<\/p>\n<p><label> Your e-mail<br \/>\n<span class=\"wpcf7-form-control-wrap\" data-name=\"your-email\"><input size=\"40\" maxlength=\"400\" class=\"wpcf7-form-control wpcf7-email wpcf7-validates-as-required wpcf7-text wpcf7-validates-as-email\" autocomplete=\"email\" aria-required=\"true\" aria-invalid=\"false\" value=\"\" type=\"email\" name=\"your-email\" \/><\/span> <\/label>\n<\/p>\n<p><label> Object<br \/>\n<span class=\"wpcf7-form-control-wrap\" data-name=\"your-subject\"><input size=\"40\" maxlength=\"400\" class=\"wpcf7-form-control wpcf7-text wpcf7-validates-as-required\" aria-required=\"true\" aria-invalid=\"false\" value=\"\" type=\"text\" name=\"your-subject\" \/><\/span> <\/label>\n<\/p>\n<p><label> Your message<br \/>\n<span class=\"wpcf7-form-control-wrap\" data-name=\"your-message\"><textarea cols=\"40\" rows=\"10\" maxlength=\"2000\" class=\"wpcf7-form-control wpcf7-textarea wpcf7-validates-as-required\" aria-required=\"true\" aria-invalid=\"false\" name=\"your-message\"><\/textarea><\/span> <\/label>\n<\/p>\n<p><span class=\"wpcf7-form-control-wrap\" data-name=\"acceptance-886\"><span class=\"wpcf7-form-control wpcf7-acceptance\"><span class=\"wpcf7-list-item\"><input type=\"checkbox\" name=\"acceptance-886\" value=\"1\" aria-invalid=\"false\" \/><\/span><\/span><\/span> By checking this box, I accept the <a href=\"\/en\/privacy-policy\/\" rel=\"nofollow\" target=\"_blank\">Privacy Policy<\/a> of this site.<br \/>\n<input class=\"wpcf7-form-control wpcf7-submit has-spinner\" type=\"submit\" value=\"Send\" \/>\n<\/p><input type='hidden' class='wpcf7-pum' value='{\"closepopup\":false,\"closedelay\":0,\"openpopup\":false,\"openpopup_id\":0}' \/><div class=\"wpcf7-response-output\" aria-hidden=\"true\"><\/div>\n<\/form>\n<\/div>\n\n<\/div>\n<\/div>\n\n\r\n    <\/div>\r\n<\/section>","protected":false},"excerpt":{"rendered":"","protected":false},"author":1,"featured_media":2796,"parent":0,"menu_order":0,"comment_status":"closed","ping_status":"closed","template":"","meta":{"_acf_changed":false,"footnotes":""},"sujet":[],"class_list":["post-3470","page","type-page","status-publish","has-post-thumbnail","hentry"],"acf":[],"yoast_head":"<!-- This site is optimized with the Yoast SEO plugin v23.9 - https:\/\/yoast.com\/wordpress\/plugins\/seo\/ -->\n<title>Info and contact - La Chenaie<\/title>\n<meta name=\"robots\" content=\"noindex, follow, max-snippet:-1, max-image-preview:large, max-video-preview:-1\" \/>\n<meta property=\"og:locale\" content=\"en_US\" \/>\n<meta property=\"og:type\" content=\"article\" \/>\n<meta property=\"og:title\" content=\"Info and contact - La Chenaie\" \/>\n<meta property=\"og:url\" content=\"https:\/\/normandieyport.geek-tonic.dev\/en\/contact-and-access\/\" \/>\n<meta property=\"og:site_name\" content=\"La Chenaie\" \/>\n<meta property=\"article:modified_time\" content=\"2024-03-19T13:47:20+00:00\" \/>\n<meta property=\"og:image\" content=\"https:\/\/normandieyport.geek-tonic.dev\/wp-content\/uploads\/sites\/11\/2023\/05\/Voiture-sur-la-plage-de-seine-mairtime-pres-du-flower-camping-la-chenaie-copie.webp\" \/>\n\t<meta property=\"og:image:width\" content=\"1799\" \/>\n\t<meta property=\"og:image:height\" content=\"563\" \/>\n\t<meta property=\"og:image:type\" content=\"image\/webp\" \/>\n<meta name=\"twitter:card\" content=\"summary_large_image\" \/>\n<meta name=\"twitter:label1\" content=\"Est. reading time\" \/>\n\t<meta name=\"twitter:data1\" content=\"1 minute\" \/>\n<script type=\"application\/ld+json\" class=\"yoast-schema-graph\">{\"@context\":\"https:\/\/schema.org\",\"@graph\":[{\"@type\":\"WebPage\",\"@id\":\"https:\/\/normandieyport.geek-tonic.dev\/en\/contact-and-access\/\",\"url\":\"https:\/\/normandieyport.geek-tonic.dev\/en\/contact-and-access\/\",\"name\":\"Info and contact - La Chenaie\",\"isPartOf\":{\"@id\":\"https:\/\/normandieyport.geek-tonic.dev\/en\/#website\"},\"primaryImageOfPage\":{\"@id\":\"https:\/\/normandieyport.geek-tonic.dev\/en\/contact-and-access\/#primaryimage\"},\"image\":{\"@id\":\"https:\/\/normandieyport.geek-tonic.dev\/en\/contact-and-access\/#primaryimage\"},\"thumbnailUrl\":\"https:\/\/normandieyport.geek-tonic.dev\/wp-content\/uploads\/sites\/11\/2023\/05\/Voiture-sur-la-plage-de-seine-mairtime-pres-du-flower-camping-la-chenaie-copie.webp\",\"datePublished\":\"2023-05-25T09:45:03+00:00\",\"dateModified\":\"2024-03-19T13:47:20+00:00\",\"breadcrumb\":{\"@id\":\"https:\/\/normandieyport.geek-tonic.dev\/en\/contact-and-access\/#breadcrumb\"},\"inLanguage\":\"en-US\",\"potentialAction\":[{\"@type\":\"ReadAction\",\"target\":[\"https:\/\/normandieyport.geek-tonic.dev\/en\/contact-and-access\/\"]}]},{\"@type\":\"ImageObject\",\"inLanguage\":\"en-US\",\"@id\":\"https:\/\/normandieyport.geek-tonic.dev\/en\/contact-and-access\/#primaryimage\",\"url\":\"https:\/\/normandieyport.geek-tonic.dev\/wp-content\/uploads\/sites\/11\/2023\/05\/Voiture-sur-la-plage-de-seine-mairtime-pres-du-flower-camping-la-chenaie-copie.webp\",\"contentUrl\":\"https:\/\/normandieyport.geek-tonic.dev\/wp-content\/uploads\/sites\/11\/2023\/05\/Voiture-sur-la-plage-de-seine-mairtime-pres-du-flower-camping-la-chenaie-copie.webp\",\"width\":1799,\"height\":563,\"caption\":\"Car on seine mairtime beach near flower camping la chenaie copy\"},{\"@type\":\"BreadcrumbList\",\"@id\":\"https:\/\/normandieyport.geek-tonic.dev\/en\/contact-and-access\/#breadcrumb\",\"itemListElement\":[{\"@type\":\"ListItem\",\"position\":1,\"name\":\"Camping Normandie\",\"item\":\"https:\/\/normandieyport.geek-tonic.dev\/en\/\"},{\"@type\":\"ListItem\",\"position\":2,\"name\":\"Info and contact\"}]},{\"@type\":\"WebSite\",\"@id\":\"https:\/\/normandieyport.geek-tonic.dev\/en\/#website\",\"url\":\"https:\/\/normandieyport.geek-tonic.dev\/en\/\",\"name\":\"La Chenaie\",\"description\":\"\",\"publisher\":{\"@id\":\"https:\/\/normandieyport.geek-tonic.dev\/en\/#organization\"},\"potentialAction\":[{\"@type\":\"SearchAction\",\"target\":{\"@type\":\"EntryPoint\",\"urlTemplate\":\"https:\/\/normandieyport.geek-tonic.dev\/en\/?s={search_term_string}\"},\"query-input\":{\"@type\":\"PropertyValueSpecification\",\"valueRequired\":true,\"valueName\":\"search_term_string\"}}],\"inLanguage\":\"en-US\"},{\"@type\":\"Organization\",\"@id\":\"https:\/\/normandieyport.geek-tonic.dev\/en\/#organization\",\"name\":\"La Chenaie\",\"url\":\"https:\/\/normandieyport.geek-tonic.dev\/en\/\",\"logo\":{\"@type\":\"ImageObject\",\"inLanguage\":\"en-US\",\"@id\":\"https:\/\/normandieyport.geek-tonic.dev\/en\/#\/schema\/logo\/image\/\",\"url\":\"https:\/\/normandieyport.geek-tonic.dev\/wp-content\/uploads\/sites\/11\/2024\/03\/cropped-logo-Flower-camping-La-chenaie.png\",\"contentUrl\":\"https:\/\/normandieyport.geek-tonic.dev\/wp-content\/uploads\/sites\/11\/2024\/03\/cropped-logo-Flower-camping-La-chenaie.png\",\"width\":500,\"height\":660,\"caption\":\"La Chenaie\"},\"image\":{\"@id\":\"https:\/\/normandieyport.geek-tonic.dev\/en\/#\/schema\/logo\/image\/\"}}]}<\/script>\n<!-- \/ Yoast SEO plugin. -->","yoast_head_json":{"title":"Info and contact - La Chenaie","robots":{"index":"noindex","follow":"follow","max-snippet":"max-snippet:-1","max-image-preview":"max-image-preview:large","max-video-preview":"max-video-preview:-1"},"og_locale":"en_US","og_type":"article","og_title":"Info and contact - La Chenaie","og_url":"https:\/\/normandieyport.geek-tonic.dev\/en\/contact-and-access\/","og_site_name":"La Chenaie","article_modified_time":"2024-03-19T13:47:20+00:00","og_image":[{"width":1799,"height":563,"url":"https:\/\/normandieyport.geek-tonic.dev\/wp-content\/uploads\/sites\/11\/2023\/05\/Voiture-sur-la-plage-de-seine-mairtime-pres-du-flower-camping-la-chenaie-copie.webp","type":"image\/webp"}],"twitter_card":"summary_large_image","twitter_misc":{"Est. reading time":"1 minute"},"schema":{"@context":"https:\/\/schema.org","@graph":[{"@type":"WebPage","@id":"https:\/\/normandieyport.geek-tonic.dev\/en\/contact-and-access\/","url":"https:\/\/normandieyport.geek-tonic.dev\/en\/contact-and-access\/","name":"Info and contact - La Chenaie","isPartOf":{"@id":"https:\/\/normandieyport.geek-tonic.dev\/en\/#website"},"primaryImageOfPage":{"@id":"https:\/\/normandieyport.geek-tonic.dev\/en\/contact-and-access\/#primaryimage"},"image":{"@id":"https:\/\/normandieyport.geek-tonic.dev\/en\/contact-and-access\/#primaryimage"},"thumbnailUrl":"https:\/\/normandieyport.geek-tonic.dev\/wp-content\/uploads\/sites\/11\/2023\/05\/Voiture-sur-la-plage-de-seine-mairtime-pres-du-flower-camping-la-chenaie-copie.webp","datePublished":"2023-05-25T09:45:03+00:00","dateModified":"2024-03-19T13:47:20+00:00","breadcrumb":{"@id":"https:\/\/normandieyport.geek-tonic.dev\/en\/contact-and-access\/#breadcrumb"},"inLanguage":"en-US","potentialAction":[{"@type":"ReadAction","target":["https:\/\/normandieyport.geek-tonic.dev\/en\/contact-and-access\/"]}]},{"@type":"ImageObject","inLanguage":"en-US","@id":"https:\/\/normandieyport.geek-tonic.dev\/en\/contact-and-access\/#primaryimage","url":"https:\/\/normandieyport.geek-tonic.dev\/wp-content\/uploads\/sites\/11\/2023\/05\/Voiture-sur-la-plage-de-seine-mairtime-pres-du-flower-camping-la-chenaie-copie.webp","contentUrl":"https:\/\/normandieyport.geek-tonic.dev\/wp-content\/uploads\/sites\/11\/2023\/05\/Voiture-sur-la-plage-de-seine-mairtime-pres-du-flower-camping-la-chenaie-copie.webp","width":1799,"height":563,"caption":"Car on seine mairtime beach near flower camping la chenaie copy"},{"@type":"BreadcrumbList","@id":"https:\/\/normandieyport.geek-tonic.dev\/en\/contact-and-access\/#breadcrumb","itemListElement":[{"@type":"ListItem","position":1,"name":"Camping Normandie","item":"https:\/\/normandieyport.geek-tonic.dev\/en\/"},{"@type":"ListItem","position":2,"name":"Info and contact"}]},{"@type":"WebSite","@id":"https:\/\/normandieyport.geek-tonic.dev\/en\/#website","url":"https:\/\/normandieyport.geek-tonic.dev\/en\/","name":"La Chenaie","description":"","publisher":{"@id":"https:\/\/normandieyport.geek-tonic.dev\/en\/#organization"},"potentialAction":[{"@type":"SearchAction","target":{"@type":"EntryPoint","urlTemplate":"https:\/\/normandieyport.geek-tonic.dev\/en\/?s={search_term_string}"},"query-input":{"@type":"PropertyValueSpecification","valueRequired":true,"valueName":"search_term_string"}}],"inLanguage":"en-US"},{"@type":"Organization","@id":"https:\/\/normandieyport.geek-tonic.dev\/en\/#organization","name":"La Chenaie","url":"https:\/\/normandieyport.geek-tonic.dev\/en\/","logo":{"@type":"ImageObject","inLanguage":"en-US","@id":"https:\/\/normandieyport.geek-tonic.dev\/en\/#\/schema\/logo\/image\/","url":"https:\/\/normandieyport.geek-tonic.dev\/wp-content\/uploads\/sites\/11\/2024\/03\/cropped-logo-Flower-camping-La-chenaie.png","contentUrl":"https:\/\/normandieyport.geek-tonic.dev\/wp-content\/uploads\/sites\/11\/2024\/03\/cropped-logo-Flower-camping-La-chenaie.png","width":500,"height":660,"caption":"La Chenaie"},"image":{"@id":"https:\/\/normandieyport.geek-tonic.dev\/en\/#\/schema\/logo\/image\/"}}]}},"_links":{"self":[{"href":"https:\/\/normandieyport.geek-tonic.dev\/en\/wp-json\/wp\/v2\/pages\/3470","targetHints":{"allow":["GET"]}}],"collection":[{"href":"https:\/\/normandieyport.geek-tonic.dev\/en\/wp-json\/wp\/v2\/pages"}],"about":[{"href":"https:\/\/normandieyport.geek-tonic.dev\/en\/wp-json\/wp\/v2\/types\/page"}],"author":[{"embeddable":true,"href":"https:\/\/normandieyport.geek-tonic.dev\/en\/wp-json\/wp\/v2\/users\/1"}],"replies":[{"embeddable":true,"href":"https:\/\/normandieyport.geek-tonic.dev\/en\/wp-json\/wp\/v2\/comments?post=3470"}],"version-history":[{"count":1,"href":"https:\/\/normandieyport.geek-tonic.dev\/en\/wp-json\/wp\/v2\/pages\/3470\/revisions"}],"predecessor-version":[{"id":3471,"href":"https:\/\/normandieyport.geek-tonic.dev\/en\/wp-json\/wp\/v2\/pages\/3470\/revisions\/3471"}],"wp:featuredmedia":[{"embeddable":true,"href":"https:\/\/normandieyport.geek-tonic.dev\/en\/wp-json\/wp\/v2\/media\/2796"}],"wp:attachment":[{"href":"https:\/\/normandieyport.geek-tonic.dev\/en\/wp-json\/wp\/v2\/media?parent=3470"}],"wp:term":[{"taxonomy":"sujet","embeddable":true,"href":"https:\/\/normandieyport.geek-tonic.dev\/en\/wp-json\/wp\/v2\/sujet?post=3470"}],"curies":[{"name":"wp","href":"https:\/\/api.w.org\/{rel}","templated":true}]}}