{"id":3464,"date":"2023-05-25T10:07:09","date_gmt":"2023-05-25T08:07:09","guid":{"rendered":"https:\/\/www.normandieyport.geek-tonic.dev\/campsite-ecological-yport\/"},"modified":"2024-03-19T14:44:10","modified_gmt":"2024-03-19T13:44:10","slug":"campsite-ecological-yport","status":"publish","type":"page","link":"https:\/\/normandieyport.geek-tonic.dev\/en\/campsite-ecological-yport\/","title":{"rendered":"Our commitments"},"content":{"rendered":"<section id=\"ls-section-block_f776424f143e9bce9c7d44b241bfcaa9\" class=\"ls-section  page-one has-background has-color-4-background-color has-m-t m-t-0 has-m-b m-b-0 has-p-t p-t-14 has-p-b p-b-14\" >\r\n        <div class=\"container container--wide\">\r\n        \n\n<div class=\"wp-block-columns are-vertically-aligned-center is-layout-flex wp-container-core-columns-is-layout-1 wp-block-columns-is-layout-flex\">\n<div class=\"wp-block-column is-vertically-aligned-center animated fadeInLeft delay-100ms slow is-layout-flow wp-block-column-is-layout-flow\" style=\"flex-basis:45%\">\n<figure class=\"wp-block-image size-full\"><img decoding=\"async\" width=\"1803\" height=\"1200\" src=\"https:\/\/www.normandieyport.geek-tonic.dev\/wp-content\/uploads\/sites\/11\/2023\/05\/Etretats-falaises-seine-maritime-2.webp\" alt=\"Etretats cliffs seine maritime near yport\" class=\"wp-image-2085\" srcset=\"https:\/\/normandieyport.geek-tonic.dev\/wp-content\/uploads\/sites\/11\/2023\/05\/Etretats-falaises-seine-maritime-2.webp 1803w, https:\/\/normandieyport.geek-tonic.dev\/wp-content\/uploads\/sites\/11\/2023\/05\/Etretats-falaises-seine-maritime-2-300x200.webp 300w, https:\/\/normandieyport.geek-tonic.dev\/wp-content\/uploads\/sites\/11\/2023\/05\/Etretats-falaises-seine-maritime-2-1024x682.webp 1024w, https:\/\/normandieyport.geek-tonic.dev\/wp-content\/uploads\/sites\/11\/2023\/05\/Etretats-falaises-seine-maritime-2-768x511.webp 768w, https:\/\/normandieyport.geek-tonic.dev\/wp-content\/uploads\/sites\/11\/2023\/05\/Etretats-falaises-seine-maritime-2-1536x1022.webp 1536w\" sizes=\"(max-width: 1803px) 100vw, 1803px\" \/><\/figure>\n<\/div>\n\n\n\n<div class=\"wp-block-column is-vertically-aligned-center animated fadeInRight slow is-layout-flow wp-block-column-is-layout-flow\" style=\"flex-basis:55%\">\n<h1 class=\"ls__heading wp-block-heading has-text-align-left\">Ecological camping in Yport<\/h1>\n\n\n\n<h2 class=\"ls__heading wp-block-heading\">Flower Campings in Seine-Maritime<\/h2>\n\n\n\n<p class=\"ls-paragraph\">Welcome to <a href=\"https:\/\/www.normandieyport.geek-tonic.dev\/en\/\">La Ch\u00eanaie, a campsite<\/a> set in unspoilt natural surroundings in Yport, Normandy, which has been <strong>awarded the &#8220;Flower&#8221; label<\/strong>. This label testifies to the<strong>campsite&#8217;s commitment to the environment<\/strong> and the promotion of<strong> nature-friendly practices<\/strong>. As such, the campground prides itself on<strong> adhering to strict environmental standards<\/strong>to minimize its impact on the environment.<\/p>\n\n\n\n<p class=\"ls-paragraph\"><a href=\"https:\/\/www.normandieyport.geek-tonic.dev\/en\/\">Camping en Seine-Maritime<\/a> believes that sustainable vacations can be just as enjoyable as conventional ones. For this reason, it provides its customers with <strong>modern facilities that respect the ecological values<\/strong> of the &#8220;Flower camping&#8221; label. Pitches and rentals have been designed to offer comfort and well-being to campers, while <strong>minimizing the campsite&#8217;s environmental impact<\/strong>. In short, La Ch\u00eanaie is the ideal choice for an <strong>ecological and sustainable vacation<\/strong> in Normandy.<\/p>\n<\/div>\n<\/div>\n\n\r\n    <\/div>\r\n<\/section><section id=\"ls-section-block_2205ed751dd2c6b68209cf7258d28b32\" class=\"ls-section  home-gallery has-background has-color-4-background-color has-m-t m-t-0 has-p-t p-t-0\" >\r\n        <div class=\"container container--full\">\r\n        \n\n<figure class=\"wp-block-gallery has-nested-images columns-1 is-cropped galerie-slider-container wp-block-gallery-1 is-layout-flex wp-block-gallery-is-layout-flex\">\n<figure class=\"wp-block-image size-full\"><a href=\"https:\/\/www.normandieyport.geek-tonic.dev\/wp-content\/uploads\/sites\/11\/2023\/05\/chenaie-4_resultat.webp\"><img decoding=\"async\" width=\"1024\" height=\"683\" src=\"https:\/\/www.normandieyport.geek-tonic.dev\/wp-content\/uploads\/sites\/11\/2023\/05\/chenaie-4_resultat.webp\" alt=\"two little girls walking in the wild near the la chenaie campsite\" class=\"wp-image-1869\" srcset=\"https:\/\/normandieyport.geek-tonic.dev\/wp-content\/uploads\/sites\/11\/2023\/05\/chenaie-4_resultat.webp 1024w, https:\/\/normandieyport.geek-tonic.dev\/wp-content\/uploads\/sites\/11\/2023\/05\/chenaie-4_resultat-300x200.webp 300w, https:\/\/normandieyport.geek-tonic.dev\/wp-content\/uploads\/sites\/11\/2023\/05\/chenaie-4_resultat-768x512.webp 768w\" sizes=\"(max-width: 1024px) 100vw, 1024px\" \/><\/a><\/figure>\n\n\n\n<figure class=\"wp-block-image size-large\"><a href=\"https:\/\/www.normandieyport.geek-tonic.dev\/wp-content\/uploads\/sites\/11\/2023\/05\/AdobeStock_71456319_resultat.webp\"><img decoding=\"async\" width=\"1024\" height=\"683\" src=\"https:\/\/www.normandieyport.geek-tonic.dev\/wp-content\/uploads\/sites\/11\/2023\/05\/AdobeStock_71456319_resultat-1024x683.webp\" alt=\"tree tops at camping la chenaie under a beautiful summer sun\" class=\"wp-image-2114\" srcset=\"https:\/\/normandieyport.geek-tonic.dev\/wp-content\/uploads\/sites\/11\/2023\/05\/AdobeStock_71456319_resultat-1024x683.webp 1024w, https:\/\/normandieyport.geek-tonic.dev\/wp-content\/uploads\/sites\/11\/2023\/05\/AdobeStock_71456319_resultat-300x200.webp 300w, https:\/\/normandieyport.geek-tonic.dev\/wp-content\/uploads\/sites\/11\/2023\/05\/AdobeStock_71456319_resultat-768x512.webp 768w, https:\/\/normandieyport.geek-tonic.dev\/wp-content\/uploads\/sites\/11\/2023\/05\/AdobeStock_71456319_resultat-1536x1024.webp 1536w, https:\/\/normandieyport.geek-tonic.dev\/wp-content\/uploads\/sites\/11\/2023\/05\/AdobeStock_71456319_resultat.webp 1800w\" sizes=\"(max-width: 1024px) 100vw, 1024px\" \/><\/a><\/figure>\n\n\n\n<figure class=\"wp-block-image size-full\"><a href=\"https:\/\/www.normandieyport.geek-tonic.dev\/wp-content\/uploads\/sites\/11\/2023\/05\/chenaie-2_resultat.webp\"><img decoding=\"async\" width=\"1024\" height=\"682\" src=\"https:\/\/www.normandieyport.geek-tonic.dev\/wp-content\/uploads\/sites\/11\/2023\/05\/chenaie-2_resultat.webp\" alt=\"camping flower la chenaie from the sky\" class=\"wp-image-1861\" srcset=\"https:\/\/normandieyport.geek-tonic.dev\/wp-content\/uploads\/sites\/11\/2023\/05\/chenaie-2_resultat.webp 1024w, https:\/\/normandieyport.geek-tonic.dev\/wp-content\/uploads\/sites\/11\/2023\/05\/chenaie-2_resultat-300x200.webp 300w, https:\/\/normandieyport.geek-tonic.dev\/wp-content\/uploads\/sites\/11\/2023\/05\/chenaie-2_resultat-768x512.webp 768w\" sizes=\"(max-width: 1024px) 100vw, 1024px\" \/><\/a><\/figure>\n<\/figure>\n\n\r\n    <\/div>\r\n<\/section><section id=\"ls-section-block_b93e104868a8afc3ada1e474f22a6ace\" class=\"ls-section  page-two animated fadeInUp slow\" >\r\n        <div class=\"container container--wide\">\r\n        \n\n<p class=\"ls-paragraph has-text-align-center\">Our campsite has set up <strong>a number of actions in favour of sustainable development and biodiversity<\/strong>:<\/p>\n\n\n\n<ul class=\"ls-list wp-block-list\">\n<li>ladybug house<\/li>\n\n\n\n<li>insect hotel, hive for solitary bees<\/li>\n\n\n\n<li>flower meadow<\/li>\n\n\n\n<li>presence detector in washrooms<\/li>\n\n\n\n<li>promotion of battery-powered tools<\/li>\n\n\n\n<li>selective sorting<\/li>\n\n\n\n<li>sale of short-run organic grocery products<\/li>\n\n\n\n<li>black &amp; white and draft printing favored<\/li>\n\n\n\n<li>tourist information available for consultation, electronic welcome booklet via Flower Campings mobile app<\/li>\n<\/ul>\n\n\r\n    <\/div>\r\n<\/section><section id=\"ls-section-block_a8713d308a35c4abe4bb1b4a3b450e74\" class=\"ls-section  page-one aventure has-background has-color-4-background-color\" >\r\n        <div class=\"container container--wide\">\r\n        \n\n<div class=\"wp-block-columns are-vertically-aligned-center is-layout-flex wp-container-core-columns-is-layout-2 wp-block-columns-is-layout-flex\">\n<div class=\"wp-block-column is-vertically-aligned-center first animated fadeInLeft delay-100ms slow is-layout-flow wp-block-column-is-layout-flow\" style=\"flex-basis:45%\">\n<figure class=\"wp-block-image size-large\"><a href=\"https:\/\/www.normandieyport.geek-tonic.dev\/wp-content\/uploads\/sites\/11\/2023\/05\/Depositphotos_66601307_XL_resultat.webp\"><img decoding=\"async\" width=\"1024\" height=\"683\" src=\"https:\/\/www.normandieyport.geek-tonic.dev\/wp-content\/uploads\/sites\/11\/2023\/05\/Depositphotos_66601307_XL_resultat-1024x683.webp\" alt=\"children's hands hold germinating seeds in the sunshine at Flowers la Chenaie campsite\" class=\"wp-image-2110\" srcset=\"https:\/\/normandieyport.geek-tonic.dev\/wp-content\/uploads\/sites\/11\/2023\/05\/Depositphotos_66601307_XL_resultat-1024x683.webp 1024w, https:\/\/normandieyport.geek-tonic.dev\/wp-content\/uploads\/sites\/11\/2023\/05\/Depositphotos_66601307_XL_resultat-300x200.webp 300w, https:\/\/normandieyport.geek-tonic.dev\/wp-content\/uploads\/sites\/11\/2023\/05\/Depositphotos_66601307_XL_resultat-768x512.webp 768w, https:\/\/normandieyport.geek-tonic.dev\/wp-content\/uploads\/sites\/11\/2023\/05\/Depositphotos_66601307_XL_resultat-1536x1024.webp 1536w, https:\/\/normandieyport.geek-tonic.dev\/wp-content\/uploads\/sites\/11\/2023\/05\/Depositphotos_66601307_XL_resultat.webp 1800w\" sizes=\"(max-width: 1024px) 100vw, 1024px\" \/><\/a><\/figure>\n<\/div>\n\n\n\n<div class=\"wp-block-column is-vertically-aligned-center second animated fadeInRight slow is-layout-flow wp-block-column-is-layout-flow\" style=\"flex-basis:55%\">\n<h2 class=\"ls__heading wp-block-heading\">Our ecological commitments at the campsite<\/h2>\n\n\n\n<p class=\"ls-paragraph\">In addition to the Flower label, Camping La Ch\u00eanaie has also been awarded the<strong> &#8220;Cl\u00e9 verte&#8221; and &#8220;Qualit\u00e9 Tourisme&#8221; labels<\/strong>.<\/p>\n\n\n\n<p class=\"ls-paragraph\">The <strong>&#8220;Green Key&#8221; label <\/strong>is an <strong>international environmental certification<\/strong> that encourages campsites to implement environmentally-friendly <strong>practices<\/strong>. These campsites are committed to limiting their impact on the environment through measures such as waste reduction, responsible water and energy management, and the use of eco-friendly products.<\/p>\n\n\n\n<p class=\"ls-paragraph\">The <strong>&#8220;Qualit\u00e9 Tourisme<\/strong> &#8221; label is a French certification<strong> awarded to campsites offering a quality tourist experience<\/strong>. Campsites with the &#8220;Qualit\u00e9 Tourisme&#8221; label are assessed on criteria such as welcome, cleanliness, services and safety.<br\/><br\/>Choosing a campsite with the &#8220;Cl\u00e9 Verte&#8221; and &#8220;Qualit\u00e9 Tourisme&#8221; labels is the ideal choice, as it promises a <strong>long-lasting, successful vacation<\/strong>. The combination of these labels guarantees the implementation of <strong>ecological measures<\/strong> while preserving the comfort of campers.  <\/p>\n<\/div>\n<\/div>\n\n\r\n    <\/div>\r\n<\/section><section id=\"ls-section-block_6251e31ede780b1638c6e43b8dd866c7\" class=\"ls-section  page-maillage experience\" >\r\n        <div class=\"container container--wide\">\r\n        \n\n<div id=\"ls-heading ls-titre-div-block_2ac7f84388e786cbf55298a65a76f86a\" class=\"ls-titre-div aligncenter h2-like\" >\n    Discover our services, our commitments and our pool<\/div>\n\n\n<div id=\"ls-maillage-block_6d7c2f8a4ddddc6a3811e00b998f1c67\" class=\"ls-maillage cta-style-normal\" data-rows=\"3\">\n    <div class=\"wp-block-columns\"><div class=\"wp-block-column\"><div id=\"destinations\" class=\"ls-cta\">\n\n<a href=\"https:\/\/normandieyport.geek-tonic.dev\/en\/campsite-pool-yport\/\" target=\"\" rel=\"noopener\" class=\"ls-cta__link\">\n\n\t<div class=\"ls-cta__image\"><img decoding=\"async\" src=\"https:\/\/normandieyport.geek-tonic.dev\/wp-content\/uploads\/sites\/11\/2023\/05\/AdobeStock_516247864_resultat.webp\" alt=\"a child with a hat and glasses enjoys a dip in the La Chenaie pool\"><\/div>\n\t<div class=\"ls-cta__title\">\n\t\tOur pool\t<\/div>\n\n\t\t\n<\/a><\/div><\/div><div class=\"wp-block-column\"><div id=\"destinations\" class=\"ls-cta\">\n\n<a href=\"https:\/\/normandieyport.geek-tonic.dev\/en\/campsite-family-yport\/\" target=\"\" rel=\"noopener\" class=\"ls-cta__link\">\n\n\t<div class=\"ls-cta__image\"><img decoding=\"async\" src=\"https:\/\/normandieyport.geek-tonic.dev\/wp-content\/uploads\/sites\/11\/2023\/05\/enfant-camping-voiture-pleine-vacances.webp\" alt=\"child camping car full vacation complete camping equipment\"><\/div>\n\t<div class=\"ls-cta__title\">\n\t\tOur services\t<\/div>\n\n\t\t\n<\/a><\/div><\/div><div class=\"wp-block-column\"><div id=\"destinations\" class=\"ls-cta\">\n\n<a href=\"https:\/\/normandieyport.geek-tonic.dev\/en\/campsite-ecological-yport\/\" target=\"\" rel=\"noopener\" class=\"ls-cta__link\">\n\n\t<div class=\"ls-cta__image\"><img decoding=\"async\" src=\"https:\/\/normandieyport.geek-tonic.dev\/wp-content\/uploads\/sites\/11\/2023\/04\/camping-yport.webp\" alt=\"camping yport\"><\/div>\n\t<div class=\"ls-cta__title\">\n\t\tOur commitments\t<\/div>\n\n\t\t\n<\/a><\/div><\/div><\/div><\/div>\n\r\n    <\/div>\r\n<\/section>","protected":false},"excerpt":{"rendered":"","protected":false},"author":1,"featured_media":2091,"parent":0,"menu_order":0,"comment_status":"closed","ping_status":"closed","template":"","meta":{"_acf_changed":false,"footnotes":""},"sujet":[],"class_list":["post-3464","page","type-page","status-publish","has-post-thumbnail","hentry"],"acf":[],"yoast_head":"<!-- This site is optimized with the Yoast SEO plugin v23.9 - https:\/\/yoast.com\/wordpress\/plugins\/seo\/ -->\n<title>Ecological camping in Seine-Maritime | Camping Flower Yport<\/title>\n<meta name=\"robots\" content=\"noindex, follow, max-snippet:-1, max-image-preview:large, max-video-preview:-1\" \/>\n<meta property=\"og:locale\" content=\"en_US\" \/>\n<meta property=\"og:type\" content=\"article\" \/>\n<meta property=\"og:title\" content=\"Ecological camping in Seine-Maritime | Camping Flower Yport\" \/>\n<meta property=\"og:url\" content=\"https:\/\/normandieyport.geek-tonic.dev\/en\/campsite-ecological-yport\/\" \/>\n<meta property=\"og:site_name\" content=\"La Chenaie\" \/>\n<meta property=\"article:modified_time\" content=\"2024-03-19T13:44:10+00:00\" \/>\n<meta property=\"og:image\" content=\"https:\/\/normandieyport.geek-tonic.dev\/wp-content\/uploads\/sites\/11\/2023\/05\/Etretats-falaises-seine-maritime-3.webp\" \/>\n\t<meta property=\"og:image:width\" content=\"1920\" \/>\n\t<meta property=\"og:image:height\" content=\"985\" \/>\n\t<meta property=\"og:image:type\" content=\"image\/webp\" \/>\n<meta name=\"twitter:card\" content=\"summary_large_image\" \/>\n<meta name=\"twitter:label1\" content=\"Est. reading time\" \/>\n\t<meta name=\"twitter:data1\" content=\"2 minutes\" \/>\n<script type=\"application\/ld+json\" class=\"yoast-schema-graph\">{\"@context\":\"https:\/\/schema.org\",\"@graph\":[{\"@type\":\"WebPage\",\"@id\":\"https:\/\/normandieyport.geek-tonic.dev\/en\/campsite-ecological-yport\/\",\"url\":\"https:\/\/normandieyport.geek-tonic.dev\/en\/campsite-ecological-yport\/\",\"name\":\"Ecological camping in Seine-Maritime | Camping Flower Yport\",\"isPartOf\":{\"@id\":\"https:\/\/normandieyport.geek-tonic.dev\/en\/#website\"},\"primaryImageOfPage\":{\"@id\":\"https:\/\/normandieyport.geek-tonic.dev\/en\/campsite-ecological-yport\/#primaryimage\"},\"image\":{\"@id\":\"https:\/\/normandieyport.geek-tonic.dev\/en\/campsite-ecological-yport\/#primaryimage\"},\"thumbnailUrl\":\"https:\/\/normandieyport.geek-tonic.dev\/wp-content\/uploads\/sites\/11\/2023\/05\/Etretats-falaises-seine-maritime-3.webp\",\"datePublished\":\"2023-05-25T08:07:09+00:00\",\"dateModified\":\"2024-03-19T13:44:10+00:00\",\"breadcrumb\":{\"@id\":\"https:\/\/normandieyport.geek-tonic.dev\/en\/campsite-ecological-yport\/#breadcrumb\"},\"inLanguage\":\"en-US\",\"potentialAction\":[{\"@type\":\"ReadAction\",\"target\":[\"https:\/\/normandieyport.geek-tonic.dev\/en\/campsite-ecological-yport\/\"]}]},{\"@type\":\"ImageObject\",\"inLanguage\":\"en-US\",\"@id\":\"https:\/\/normandieyport.geek-tonic.dev\/en\/campsite-ecological-yport\/#primaryimage\",\"url\":\"https:\/\/normandieyport.geek-tonic.dev\/wp-content\/uploads\/sites\/11\/2023\/05\/Etretats-falaises-seine-maritime-3.webp\",\"contentUrl\":\"https:\/\/normandieyport.geek-tonic.dev\/wp-content\/uploads\/sites\/11\/2023\/05\/Etretats-falaises-seine-maritime-3.webp\",\"width\":1920,\"height\":985,\"caption\":\"barque on the galet d'yport beach near camping flower la chenaie\"},{\"@type\":\"BreadcrumbList\",\"@id\":\"https:\/\/normandieyport.geek-tonic.dev\/en\/campsite-ecological-yport\/#breadcrumb\",\"itemListElement\":[{\"@type\":\"ListItem\",\"position\":1,\"name\":\"Camping Normandie\",\"item\":\"https:\/\/normandieyport.geek-tonic.dev\/en\/\"},{\"@type\":\"ListItem\",\"position\":2,\"name\":\"Camping Flower in Yport\"}]},{\"@type\":\"WebSite\",\"@id\":\"https:\/\/normandieyport.geek-tonic.dev\/en\/#website\",\"url\":\"https:\/\/normandieyport.geek-tonic.dev\/en\/\",\"name\":\"La Chenaie\",\"description\":\"\",\"publisher\":{\"@id\":\"https:\/\/normandieyport.geek-tonic.dev\/en\/#organization\"},\"potentialAction\":[{\"@type\":\"SearchAction\",\"target\":{\"@type\":\"EntryPoint\",\"urlTemplate\":\"https:\/\/normandieyport.geek-tonic.dev\/en\/?s={search_term_string}\"},\"query-input\":{\"@type\":\"PropertyValueSpecification\",\"valueRequired\":true,\"valueName\":\"search_term_string\"}}],\"inLanguage\":\"en-US\"},{\"@type\":\"Organization\",\"@id\":\"https:\/\/normandieyport.geek-tonic.dev\/en\/#organization\",\"name\":\"La Chenaie\",\"url\":\"https:\/\/normandieyport.geek-tonic.dev\/en\/\",\"logo\":{\"@type\":\"ImageObject\",\"inLanguage\":\"en-US\",\"@id\":\"https:\/\/normandieyport.geek-tonic.dev\/en\/#\/schema\/logo\/image\/\",\"url\":\"https:\/\/normandieyport.geek-tonic.dev\/wp-content\/uploads\/sites\/11\/2024\/03\/cropped-logo-Flower-camping-La-chenaie.png\",\"contentUrl\":\"https:\/\/normandieyport.geek-tonic.dev\/wp-content\/uploads\/sites\/11\/2024\/03\/cropped-logo-Flower-camping-La-chenaie.png\",\"width\":500,\"height\":660,\"caption\":\"La Chenaie\"},\"image\":{\"@id\":\"https:\/\/normandieyport.geek-tonic.dev\/en\/#\/schema\/logo\/image\/\"}}]}<\/script>\n<!-- \/ Yoast SEO plugin. -->","yoast_head_json":{"title":"Ecological camping in Seine-Maritime | Camping Flower Yport","robots":{"index":"noindex","follow":"follow","max-snippet":"max-snippet:-1","max-image-preview":"max-image-preview:large","max-video-preview":"max-video-preview:-1"},"og_locale":"en_US","og_type":"article","og_title":"Ecological camping in Seine-Maritime | Camping Flower Yport","og_url":"https:\/\/normandieyport.geek-tonic.dev\/en\/campsite-ecological-yport\/","og_site_name":"La Chenaie","article_modified_time":"2024-03-19T13:44:10+00:00","og_image":[{"width":1920,"height":985,"url":"https:\/\/normandieyport.geek-tonic.dev\/wp-content\/uploads\/sites\/11\/2023\/05\/Etretats-falaises-seine-maritime-3.webp","type":"image\/webp"}],"twitter_card":"summary_large_image","twitter_misc":{"Est. reading time":"2 minutes"},"schema":{"@context":"https:\/\/schema.org","@graph":[{"@type":"WebPage","@id":"https:\/\/normandieyport.geek-tonic.dev\/en\/campsite-ecological-yport\/","url":"https:\/\/normandieyport.geek-tonic.dev\/en\/campsite-ecological-yport\/","name":"Ecological camping in Seine-Maritime | Camping Flower Yport","isPartOf":{"@id":"https:\/\/normandieyport.geek-tonic.dev\/en\/#website"},"primaryImageOfPage":{"@id":"https:\/\/normandieyport.geek-tonic.dev\/en\/campsite-ecological-yport\/#primaryimage"},"image":{"@id":"https:\/\/normandieyport.geek-tonic.dev\/en\/campsite-ecological-yport\/#primaryimage"},"thumbnailUrl":"https:\/\/normandieyport.geek-tonic.dev\/wp-content\/uploads\/sites\/11\/2023\/05\/Etretats-falaises-seine-maritime-3.webp","datePublished":"2023-05-25T08:07:09+00:00","dateModified":"2024-03-19T13:44:10+00:00","breadcrumb":{"@id":"https:\/\/normandieyport.geek-tonic.dev\/en\/campsite-ecological-yport\/#breadcrumb"},"inLanguage":"en-US","potentialAction":[{"@type":"ReadAction","target":["https:\/\/normandieyport.geek-tonic.dev\/en\/campsite-ecological-yport\/"]}]},{"@type":"ImageObject","inLanguage":"en-US","@id":"https:\/\/normandieyport.geek-tonic.dev\/en\/campsite-ecological-yport\/#primaryimage","url":"https:\/\/normandieyport.geek-tonic.dev\/wp-content\/uploads\/sites\/11\/2023\/05\/Etretats-falaises-seine-maritime-3.webp","contentUrl":"https:\/\/normandieyport.geek-tonic.dev\/wp-content\/uploads\/sites\/11\/2023\/05\/Etretats-falaises-seine-maritime-3.webp","width":1920,"height":985,"caption":"barque on the galet d'yport beach near camping flower la chenaie"},{"@type":"BreadcrumbList","@id":"https:\/\/normandieyport.geek-tonic.dev\/en\/campsite-ecological-yport\/#breadcrumb","itemListElement":[{"@type":"ListItem","position":1,"name":"Camping Normandie","item":"https:\/\/normandieyport.geek-tonic.dev\/en\/"},{"@type":"ListItem","position":2,"name":"Camping Flower in Yport"}]},{"@type":"WebSite","@id":"https:\/\/normandieyport.geek-tonic.dev\/en\/#website","url":"https:\/\/normandieyport.geek-tonic.dev\/en\/","name":"La Chenaie","description":"","publisher":{"@id":"https:\/\/normandieyport.geek-tonic.dev\/en\/#organization"},"potentialAction":[{"@type":"SearchAction","target":{"@type":"EntryPoint","urlTemplate":"https:\/\/normandieyport.geek-tonic.dev\/en\/?s={search_term_string}"},"query-input":{"@type":"PropertyValueSpecification","valueRequired":true,"valueName":"search_term_string"}}],"inLanguage":"en-US"},{"@type":"Organization","@id":"https:\/\/normandieyport.geek-tonic.dev\/en\/#organization","name":"La Chenaie","url":"https:\/\/normandieyport.geek-tonic.dev\/en\/","logo":{"@type":"ImageObject","inLanguage":"en-US","@id":"https:\/\/normandieyport.geek-tonic.dev\/en\/#\/schema\/logo\/image\/","url":"https:\/\/normandieyport.geek-tonic.dev\/wp-content\/uploads\/sites\/11\/2024\/03\/cropped-logo-Flower-camping-La-chenaie.png","contentUrl":"https:\/\/normandieyport.geek-tonic.dev\/wp-content\/uploads\/sites\/11\/2024\/03\/cropped-logo-Flower-camping-La-chenaie.png","width":500,"height":660,"caption":"La Chenaie"},"image":{"@id":"https:\/\/normandieyport.geek-tonic.dev\/en\/#\/schema\/logo\/image\/"}}]}},"_links":{"self":[{"href":"https:\/\/normandieyport.geek-tonic.dev\/en\/wp-json\/wp\/v2\/pages\/3464","targetHints":{"allow":["GET"]}}],"collection":[{"href":"https:\/\/normandieyport.geek-tonic.dev\/en\/wp-json\/wp\/v2\/pages"}],"about":[{"href":"https:\/\/normandieyport.geek-tonic.dev\/en\/wp-json\/wp\/v2\/types\/page"}],"author":[{"embeddable":true,"href":"https:\/\/normandieyport.geek-tonic.dev\/en\/wp-json\/wp\/v2\/users\/1"}],"replies":[{"embeddable":true,"href":"https:\/\/normandieyport.geek-tonic.dev\/en\/wp-json\/wp\/v2\/comments?post=3464"}],"version-history":[{"count":1,"href":"https:\/\/normandieyport.geek-tonic.dev\/en\/wp-json\/wp\/v2\/pages\/3464\/revisions"}],"predecessor-version":[{"id":3465,"href":"https:\/\/normandieyport.geek-tonic.dev\/en\/wp-json\/wp\/v2\/pages\/3464\/revisions\/3465"}],"wp:featuredmedia":[{"embeddable":true,"href":"https:\/\/normandieyport.geek-tonic.dev\/en\/wp-json\/wp\/v2\/media\/2091"}],"wp:attachment":[{"href":"https:\/\/normandieyport.geek-tonic.dev\/en\/wp-json\/wp\/v2\/media?parent=3464"}],"wp:term":[{"taxonomy":"sujet","embeddable":true,"href":"https:\/\/normandieyport.geek-tonic.dev\/en\/wp-json\/wp\/v2\/sujet?post=3464"}],"curies":[{"name":"wp","href":"https:\/\/api.w.org\/{rel}","templated":true}]}}