{"id":3522,"date":"2023-05-25T11:50:39","date_gmt":"2023-05-25T09:50:39","guid":{"rendered":"https:\/\/www.normandieyport.geek-tonic.dev\/campingplatz-gruppe-yport\/"},"modified":"2024-03-27T12:05:21","modified_gmt":"2024-03-27T11:05:21","slug":"camping-group-yport","status":"publish","type":"page","link":"https:\/\/normandieyport.geek-tonic.dev\/de\/camping-group-yport\/","title":{"rendered":"Gruppen und Betriebsr\u00e4te"},"content":{"rendered":"<section id=\"ls-section-block_22c315c54c2a7c938f904a81fb0e9038\" class=\"ls-section  page-one has-background has-color-4-background-color has-m-t m-t-0 has-m-b m-b-0 has-p-t p-t-14 has-p-b p-b-14\" >\r\n        <div class=\"container container--wide\">\r\n        \n\n<div class=\"wp-block-columns are-vertically-aligned-center is-layout-flex wp-container-core-columns-is-layout-1 wp-block-columns-is-layout-flex\">\n<div class=\"wp-block-column is-vertically-aligned-center animated fadeInLeft delay-100ms slow is-layout-flow wp-block-column-is-layout-flow\" style=\"flex-basis:45%\">\n<figure class=\"wp-block-image size-large\"><a href=\"https:\/\/www.normandieyport.geek-tonic.dev\/wp-content\/uploads\/sites\/11\/2023\/05\/Groupe-La-chenaie-6-copie.webp\"><img decoding=\"async\" width=\"1024\" height=\"1024\" src=\"https:\/\/www.normandieyport.geek-tonic.dev\/wp-content\/uploads\/sites\/11\/2023\/05\/Groupe-La-chenaie-6-copie-1024x1024.webp\" alt=\"Eine Gruppe von Kollegen schaut sich eine Karte im Wald von Yport in der N&#xE4;he des Campingplatzes La Chenaie an\" class=\"wp-image-2202\" srcset=\"https:\/\/normandieyport.geek-tonic.dev\/wp-content\/uploads\/sites\/11\/2023\/05\/Groupe-La-chenaie-6-copie-1024x1024.webp 1024w, https:\/\/normandieyport.geek-tonic.dev\/wp-content\/uploads\/sites\/11\/2023\/05\/Groupe-La-chenaie-6-copie-300x300.webp 300w, https:\/\/normandieyport.geek-tonic.dev\/wp-content\/uploads\/sites\/11\/2023\/05\/Groupe-La-chenaie-6-copie-150x150.webp 150w, https:\/\/normandieyport.geek-tonic.dev\/wp-content\/uploads\/sites\/11\/2023\/05\/Groupe-La-chenaie-6-copie-768x768.webp 768w, https:\/\/normandieyport.geek-tonic.dev\/wp-content\/uploads\/sites\/11\/2023\/05\/Groupe-La-chenaie-6-copie.webp 1200w\" sizes=\"(max-width: 1024px) 100vw, 1024px\" \/><\/a><\/figure>\n<\/div>\n\n\n\n<div class=\"wp-block-column is-vertically-aligned-center animated fadeInRight slow is-layout-flow wp-block-column-is-layout-flow\" style=\"flex-basis:55%\">\n<h1 class=\"ls__heading wp-block-heading has-text-align-left\">Gruppencamping in Yport<\/h1>\n\n\n\n<h2 class=\"ls__heading wp-block-heading\">Idealer Campingplatz f\u00fcr Gruppen in Seine-Maritime<\/h2>\n\n\n\n<p class=\"ls-paragraph\">Suchen Sie einen idealen Urlaubsort f\u00fcr eine<strong> Familienzusammenf\u00fchrung, einen Betriebsrat oder einen Sportverein<\/strong>?<\/p>\n\n\n\n<p class=\"ls-paragraph\">Unser <strong>Campingplatz f\u00fcr Gruppen im D\u00e9partement Seine-Maritime<\/strong> bietet Platz f\u00fcr <strong>bis zu 50 Personen<\/strong>. G\u00f6nnen Sie Ihren Lieben einen gemeinsamen Urlaub in einer <strong>geselligen und friedlichen Umgebung auf <\/strong>unserem Campingplatz, der <strong>perfekt f\u00fcr Gruppen geeignet<\/strong> ist.<\/p>\n\n\n\n<p class=\"ls-paragraph\">Nutzen Sie die <strong>zahlreichen Animationen<\/strong>, die auf dem Campingplatz angeboten werden, und erleben Sie unvergessliche Momente. Haben Sie Lust, Ihre Lieben bei einer <strong>Naturaktivit\u00e4t in der N\u00e4he des Campingplatzes<\/strong> zu versammeln? Unser Team wird Sie bestm\u00f6glich beraten, um bei Ihren Mitarbeitern einen bleibenden Eindruck zu hinterlassen.  <br\/>Tauchen Sie am Ende des Tages in den <strong>Pool des Campingplatzes<\/strong> ein! G\u00f6nnen Sie sich dann einen Abend am <strong>Meer<\/strong>, mit direktem Zugang von Ihrer Mietunterkunft aus.<\/p>\n<\/div>\n<\/div>\n\n\r\n    <\/div>\r\n<\/section><section id=\"ls-section-block_8d4fd4a9f5fc8a46cd392dbe8e779fa5\" class=\"ls-section  home-gallery has-background has-color-4-background-color has-m-t m-t-0 has-p-t p-t-0\" >\r\n        <div class=\"container container--full\">\r\n        \n\n<figure class=\"wp-block-gallery has-nested-images columns-1 is-cropped galerie-slider-container wp-block-gallery-1 is-layout-flex wp-block-gallery-is-layout-flex\">\n<figure class=\"wp-block-image size-full\"><a href=\"https:\/\/www.normandieyport.geek-tonic.dev\/wp-content\/uploads\/sites\/11\/2023\/05\/Groupe-La-chenaie-2.webp\"><img decoding=\"async\" width=\"1920\" height=\"1152\" src=\"https:\/\/www.normandieyport.geek-tonic.dev\/wp-content\/uploads\/sites\/11\/2023\/05\/Groupe-La-chenaie-2.webp\" alt=\"Gruppe La chenaie 2\" class=\"wp-image-2184\" srcset=\"https:\/\/normandieyport.geek-tonic.dev\/wp-content\/uploads\/sites\/11\/2023\/05\/Groupe-La-chenaie-2.webp 1920w, https:\/\/normandieyport.geek-tonic.dev\/wp-content\/uploads\/sites\/11\/2023\/05\/Groupe-La-chenaie-2-300x180.webp 300w, https:\/\/normandieyport.geek-tonic.dev\/wp-content\/uploads\/sites\/11\/2023\/05\/Groupe-La-chenaie-2-1024x614.webp 1024w, https:\/\/normandieyport.geek-tonic.dev\/wp-content\/uploads\/sites\/11\/2023\/05\/Groupe-La-chenaie-2-768x461.webp 768w, https:\/\/normandieyport.geek-tonic.dev\/wp-content\/uploads\/sites\/11\/2023\/05\/Groupe-La-chenaie-2-1536x922.webp 1536w\" sizes=\"(max-width: 1920px) 100vw, 1920px\" \/><\/a><\/figure>\n\n\n\n<figure class=\"wp-block-image size-full\"><a href=\"https:\/\/www.normandieyport.geek-tonic.dev\/wp-content\/uploads\/sites\/11\/2023\/05\/Groupe-La-chenaie-5.webp\"><img decoding=\"async\" width=\"1920\" height=\"1011\" src=\"https:\/\/www.normandieyport.geek-tonic.dev\/wp-content\/uploads\/sites\/11\/2023\/05\/Groupe-La-chenaie-5.webp\" alt=\"Gruppe La chenaie 5\" class=\"wp-image-2196\" srcset=\"https:\/\/normandieyport.geek-tonic.dev\/wp-content\/uploads\/sites\/11\/2023\/05\/Groupe-La-chenaie-5.webp 1920w, https:\/\/normandieyport.geek-tonic.dev\/wp-content\/uploads\/sites\/11\/2023\/05\/Groupe-La-chenaie-5-300x158.webp 300w, https:\/\/normandieyport.geek-tonic.dev\/wp-content\/uploads\/sites\/11\/2023\/05\/Groupe-La-chenaie-5-1024x539.webp 1024w, https:\/\/normandieyport.geek-tonic.dev\/wp-content\/uploads\/sites\/11\/2023\/05\/Groupe-La-chenaie-5-768x404.webp 768w, https:\/\/normandieyport.geek-tonic.dev\/wp-content\/uploads\/sites\/11\/2023\/05\/Groupe-La-chenaie-5-1536x809.webp 1536w\" sizes=\"(max-width: 1920px) 100vw, 1920px\" \/><\/a><\/figure>\n\n\n\n<figure class=\"wp-block-image size-full\"><a href=\"https:\/\/www.normandieyport.geek-tonic.dev\/wp-content\/uploads\/sites\/11\/2023\/05\/Groupe-La-chenaie-1.webp\"><img decoding=\"async\" width=\"1800\" height=\"1200\" src=\"https:\/\/www.normandieyport.geek-tonic.dev\/wp-content\/uploads\/sites\/11\/2023\/05\/Groupe-La-chenaie-1.webp\" alt=\"Radfahren in der Gruppe bei Sonnenuntergang auf dem Meer bei Yport\" class=\"wp-image-2180\" srcset=\"https:\/\/normandieyport.geek-tonic.dev\/wp-content\/uploads\/sites\/11\/2023\/05\/Groupe-La-chenaie-1.webp 1800w, https:\/\/normandieyport.geek-tonic.dev\/wp-content\/uploads\/sites\/11\/2023\/05\/Groupe-La-chenaie-1-300x200.webp 300w, https:\/\/normandieyport.geek-tonic.dev\/wp-content\/uploads\/sites\/11\/2023\/05\/Groupe-La-chenaie-1-1024x683.webp 1024w, https:\/\/normandieyport.geek-tonic.dev\/wp-content\/uploads\/sites\/11\/2023\/05\/Groupe-La-chenaie-1-768x512.webp 768w, https:\/\/normandieyport.geek-tonic.dev\/wp-content\/uploads\/sites\/11\/2023\/05\/Groupe-La-chenaie-1-1536x1024.webp 1536w\" sizes=\"(max-width: 1800px) 100vw, 1800px\" \/><\/a><\/figure>\n<\/figure>\n\n\r\n    <\/div>\r\n<\/section><section id=\"ls-section-block_68428b11470b157d0907444d13752392\" class=\"ls-section  page-one animated fadeInUp slow  has-m-t m-t-0 has-m-b m-b-0 has-p-t p-t-0 has-p-b p-b-0\" >\r\n        <div class=\"container container--wide\">\r\n        \n\n<h2 class=\"ls__heading wp-block-heading has-text-align-center\">Unsere Gruppenvermietungen in Yport<\/h2>\n\n\n\n<p class=\"ls-paragraph has-text-align-center\">Le <a href=\"https:\/\/www.normandieyport.geek-tonic.dev\">camping La Ch\u00eanaie en Seine-Maritime<\/a> propose des <strong>locations de mobil-homes confortables<\/strong> \u00e0 Yport. Avec une superficie comprise entre <strong>18 et 35 m\u00b2<\/strong>, ils peuvent accueillir <strong>jusqu&#8217;\u00e0 7 personnes<\/strong> et disposent tous d&#8217;une <strong>terrasse couverte ou semi-couverte<\/strong>.<\/p>\n\n\n\n<p class=\"ls-paragraph has-text-align-center\">Es gibt <strong>drei Mobilheimserien<\/strong>, die sich ideal f\u00fcr Gruppen eignen: Standard, Komfort und Premium mit Gartenm\u00f6beln, Sonnenliegen und Plancha. Einige sind sogar mit einem Fernseher ausgestattet und die Premiummodelle &#8222;home flower&#8220; haben eine <strong>Klimaanlage<\/strong>.<\/p>\n\n\r\n    <\/div>\r\n<\/section><section id=\"ls-section-block_612420d2677f0b74d2d75471b8e3e065\" class=\"ls-section  page-one aventure\" >\r\n        <div class=\"container container--wide\">\r\n        \n\n<div class=\"wp-block-columns are-vertically-aligned-center is-layout-flex wp-container-core-columns-is-layout-2 wp-block-columns-is-layout-flex\">\n<div class=\"wp-block-column is-vertically-aligned-center animated fadeInLeft slow is-layout-flow wp-block-column-is-layout-flow\" style=\"flex-basis:45%\">\n<figure class=\"wp-block-image size-full\"><a href=\"https:\/\/www.normandieyport.geek-tonic.dev\/wp-content\/uploads\/sites\/11\/2023\/05\/chenaie-11_resultat.webp\"><img decoding=\"async\" width=\"1024\" height=\"680\" src=\"https:\/\/www.normandieyport.geek-tonic.dev\/wp-content\/uploads\/sites\/11\/2023\/05\/chenaie-11_resultat.webp\" alt=\"unterkunft des campingplatzes flower la chenaie in seine maritime\" class=\"wp-image-1833\" srcset=\"https:\/\/normandieyport.geek-tonic.dev\/wp-content\/uploads\/sites\/11\/2023\/05\/chenaie-11_resultat.webp 1024w, https:\/\/normandieyport.geek-tonic.dev\/wp-content\/uploads\/sites\/11\/2023\/05\/chenaie-11_resultat-300x199.webp 300w, https:\/\/normandieyport.geek-tonic.dev\/wp-content\/uploads\/sites\/11\/2023\/05\/chenaie-11_resultat-768x510.webp 768w\" sizes=\"(max-width: 1024px) 100vw, 1024px\" \/><\/a><\/figure>\n<\/div>\n\n\n\n<div class=\"wp-block-column is-vertically-aligned-center animated fadeInRight delay-200ms slow is-layout-flow wp-block-column-is-layout-flow\" style=\"flex-basis:55%\">\n<p class=\"ls-paragraph\">Wenn Sie sich f\u00fcr die Anmietung eines Mobilheims in Yport entscheiden, k\u00f6nnen Sie Ihren Angestellten oder Angeh\u00f6rigen einen Aufenthalt in einer <strong>nat\u00fcrlichen und geselligen Umgebung<\/strong> bieten. Die Unterk\u00fcnfte f\u00fcr Gruppen befinden sich inmitten der Natur in einer malerischen Umgebung. Au\u00dferdem haben Sie Zugang zum beheizten Hallenbad und zu allen Aktivit\u00e4ten, die der Campingplatz anbietet.<\/p>\n\n\n\n<p class=\"ls-paragraph\"><br\/>Der Campingplatz La Ch\u00eanaie bietet auch atypische Unterk\u00fcnfte, die f\u00fcr Glamping geeignet sind, wie die Waldh\u00fctten Lodge VIP oder die Cosy Flower H\u00fctten. Glamping ist eine attraktive Option f\u00fcr Menschen, die sich in der Natur erholen und gleichzeitig modernen Komfort genie\u00dfen m\u00f6chten.<\/p>\n<\/div>\n<\/div>\n\n\r\n    <\/div>\r\n<\/section><section id=\"ls-section-block_fa6b568cd15a15470c2aa412b8469af3\" class=\"ls-section  page-cta\" >\r\n        <div class=\"container container--wide\">\r\n        \n\n<div id=\"ls-heading ls-titre-div-block_6b8474d0f60b83b103d95bdbb1d967c4\" class=\"ls-titre-div aligncenter h2-like\" >\n    Entdecken Sie unsere Freizeitaktivit\u00e4ten, Unterk\u00fcnfte und Umgebung<\/div>\n\n\n<div id=\"ls-maillage-block_09d9199481e2463b380dba9cb8f91a3a\" class=\"ls-maillage cta-style-normal\" data-rows=\"3\">\n    <div class=\"wp-block-columns\"><div class=\"wp-block-column\"><div id=\"destinations\" class=\"ls-cta\">\n\n<a href=\"https:\/\/normandieyport.geek-tonic.dev\/de\/standort-mobil-heimat-hafen\/\" target=\"\" rel=\"noopener\" class=\"ls-cta__link\">\n\n\t<div class=\"ls-cta__image\"><img decoding=\"async\" src=\"https:\/\/normandieyport.geek-tonic.dev\/wp-content\/uploads\/sites\/11\/2023\/04\/vacances-yport.webp\" alt=\"vermietung chalet yport\"><\/div>\n\t<div class=\"ls-cta__title\">\n\t\tUnsere Vermietungen\t<\/div>\n\n\t\t\n<\/a><\/div><\/div><div class=\"wp-block-column\"><div id=\"destinations\" class=\"ls-cta\">\n\n<a href=\"https:\/\/normandieyport.geek-tonic.dev\/de\/camping-animations-yport\/\" target=\"\" rel=\"noopener\" class=\"ls-cta__link\">\n\n\t<div class=\"ls-cta__image\"><img decoding=\"async\" src=\"https:\/\/normandieyport.geek-tonic.dev\/wp-content\/uploads\/sites\/11\/2023\/05\/animations.jpg\" alt=\"animations\"><\/div>\n\t<div class=\"ls-cta__title\">\n\t\tNos loisirs\t<\/div>\n\n\t\t\n<\/a><\/div><\/div><div class=\"wp-block-column\"><div id=\"destinations\" class=\"ls-cta\">\n\n<a href=\"https:\/\/normandieyport.geek-tonic.dev\/de\/tourismus-normandie\/\" target=\"\" rel=\"noopener\" class=\"ls-cta__link\">\n\n\t<div class=\"ls-cta__image\"><img decoding=\"async\" src=\"https:\/\/normandieyport.geek-tonic.dev\/wp-content\/uploads\/sites\/11\/2023\/05\/flower-camping-la-chenaie-78794-29-1.webp\" alt=\"Normandie camping la chenaie H\u00fctten am Strand\"><\/div>\n\t<div class=\"ls-cta__title\">\n\t\tTourismus in der Normandie\t<\/div>\n\n\t\t\n<\/a><\/div><\/div><\/div><\/div>\n\r\n    <\/div>\r\n<\/section>","protected":false},"excerpt":{"rendered":"","protected":false},"author":1,"featured_media":2191,"parent":0,"menu_order":0,"comment_status":"closed","ping_status":"closed","template":"","meta":{"_acf_changed":false,"footnotes":""},"sujet":[],"class_list":["post-3522","page","type-page","status-publish","has-post-thumbnail","hentry"],"acf":[],"yoast_head":"<!-- This site is optimized with the Yoast SEO plugin v23.9 - https:\/\/yoast.com\/wordpress\/plugins\/seo\/ -->\n<title>Gruppencamping in Seine-Maritime | Veranstaltung in Yport<\/title>\n<meta name=\"robots\" content=\"noindex, follow, max-snippet:-1, max-image-preview:large, max-video-preview:-1\" \/>\n<meta property=\"og:locale\" content=\"de_DE\" \/>\n<meta property=\"og:type\" content=\"article\" \/>\n<meta property=\"og:title\" content=\"Gruppencamping in Seine-Maritime | Veranstaltung in Yport\" \/>\n<meta property=\"og:url\" content=\"https:\/\/normandieyport.geek-tonic.dev\/de\/camping-group-yport\/\" \/>\n<meta property=\"og:site_name\" content=\"La Chenaie\" \/>\n<meta property=\"article:modified_time\" content=\"2024-03-27T11:05:21+00:00\" \/>\n<meta property=\"og:image\" content=\"https:\/\/normandieyport.geek-tonic.dev\/wp-content\/uploads\/sites\/11\/2023\/05\/Groupe-La-chenaie-3.webp\" \/>\n\t<meta property=\"og:image:width\" content=\"1920\" \/>\n\t<meta property=\"og:image:height\" content=\"707\" \/>\n\t<meta property=\"og:image:type\" content=\"image\/webp\" \/>\n<meta name=\"twitter:card\" content=\"summary_large_image\" \/>\n<meta name=\"twitter:label1\" content=\"Gesch\u00e4tzte Lesezeit\" \/>\n\t<meta name=\"twitter:data1\" content=\"2\u00a0Minuten\" \/>\n<script type=\"application\/ld+json\" class=\"yoast-schema-graph\">{\"@context\":\"https:\/\/schema.org\",\"@graph\":[{\"@type\":\"WebPage\",\"@id\":\"https:\/\/normandieyport.geek-tonic.dev\/de\/camping-group-yport\/\",\"url\":\"https:\/\/normandieyport.geek-tonic.dev\/de\/camping-group-yport\/\",\"name\":\"Gruppencamping in Seine-Maritime | Veranstaltung in Yport\",\"isPartOf\":{\"@id\":\"https:\/\/normandieyport.geek-tonic.dev\/de\/#website\"},\"primaryImageOfPage\":{\"@id\":\"https:\/\/normandieyport.geek-tonic.dev\/de\/camping-group-yport\/#primaryimage\"},\"image\":{\"@id\":\"https:\/\/normandieyport.geek-tonic.dev\/de\/camping-group-yport\/#primaryimage\"},\"thumbnailUrl\":\"https:\/\/normandieyport.geek-tonic.dev\/wp-content\/uploads\/sites\/11\/2023\/05\/Groupe-La-chenaie-3.webp\",\"datePublished\":\"2023-05-25T09:50:39+00:00\",\"dateModified\":\"2024-03-27T11:05:21+00:00\",\"breadcrumb\":{\"@id\":\"https:\/\/normandieyport.geek-tonic.dev\/de\/camping-group-yport\/#breadcrumb\"},\"inLanguage\":\"de\",\"potentialAction\":[{\"@type\":\"ReadAction\",\"target\":[\"https:\/\/normandieyport.geek-tonic.dev\/de\/camping-group-yport\/\"]}]},{\"@type\":\"ImageObject\",\"inLanguage\":\"de\",\"@id\":\"https:\/\/normandieyport.geek-tonic.dev\/de\/camping-group-yport\/#primaryimage\",\"url\":\"https:\/\/normandieyport.geek-tonic.dev\/wp-content\/uploads\/sites\/11\/2023\/05\/Groupe-La-chenaie-3.webp\",\"contentUrl\":\"https:\/\/normandieyport.geek-tonic.dev\/wp-content\/uploads\/sites\/11\/2023\/05\/Groupe-La-chenaie-3.webp\",\"width\":1920,\"height\":707,\"caption\":\"eine gruppe von freunden auf dem campingplatz flower la chenaie\"},{\"@type\":\"BreadcrumbList\",\"@id\":\"https:\/\/normandieyport.geek-tonic.dev\/de\/camping-group-yport\/#breadcrumb\",\"itemListElement\":[{\"@type\":\"ListItem\",\"position\":1,\"name\":\"Camping Normandie\",\"item\":\"https:\/\/normandieyport.geek-tonic.dev\/de\/\"},{\"@type\":\"ListItem\",\"position\":2,\"name\":\"Gruppenreise nach Yport\"}]},{\"@type\":\"WebSite\",\"@id\":\"https:\/\/normandieyport.geek-tonic.dev\/de\/#website\",\"url\":\"https:\/\/normandieyport.geek-tonic.dev\/de\/\",\"name\":\"La Chenaie\",\"description\":\"\",\"publisher\":{\"@id\":\"https:\/\/normandieyport.geek-tonic.dev\/de\/#organization\"},\"potentialAction\":[{\"@type\":\"SearchAction\",\"target\":{\"@type\":\"EntryPoint\",\"urlTemplate\":\"https:\/\/normandieyport.geek-tonic.dev\/de\/?s={search_term_string}\"},\"query-input\":{\"@type\":\"PropertyValueSpecification\",\"valueRequired\":true,\"valueName\":\"search_term_string\"}}],\"inLanguage\":\"de\"},{\"@type\":\"Organization\",\"@id\":\"https:\/\/normandieyport.geek-tonic.dev\/de\/#organization\",\"name\":\"La Chenaie\",\"url\":\"https:\/\/normandieyport.geek-tonic.dev\/de\/\",\"logo\":{\"@type\":\"ImageObject\",\"inLanguage\":\"de\",\"@id\":\"https:\/\/normandieyport.geek-tonic.dev\/de\/#\/schema\/logo\/image\/\",\"url\":\"https:\/\/normandieyport.geek-tonic.dev\/wp-content\/uploads\/sites\/11\/2024\/03\/cropped-logo-Flower-camping-La-chenaie.png\",\"contentUrl\":\"https:\/\/normandieyport.geek-tonic.dev\/wp-content\/uploads\/sites\/11\/2024\/03\/cropped-logo-Flower-camping-La-chenaie.png\",\"width\":500,\"height\":660,\"caption\":\"La Chenaie\"},\"image\":{\"@id\":\"https:\/\/normandieyport.geek-tonic.dev\/de\/#\/schema\/logo\/image\/\"}}]}<\/script>\n<!-- \/ Yoast SEO plugin. -->","yoast_head_json":{"title":"Gruppencamping in Seine-Maritime | Veranstaltung in Yport","robots":{"index":"noindex","follow":"follow","max-snippet":"max-snippet:-1","max-image-preview":"max-image-preview:large","max-video-preview":"max-video-preview:-1"},"og_locale":"de_DE","og_type":"article","og_title":"Gruppencamping in Seine-Maritime | Veranstaltung in Yport","og_url":"https:\/\/normandieyport.geek-tonic.dev\/de\/camping-group-yport\/","og_site_name":"La Chenaie","article_modified_time":"2024-03-27T11:05:21+00:00","og_image":[{"width":1920,"height":707,"url":"https:\/\/normandieyport.geek-tonic.dev\/wp-content\/uploads\/sites\/11\/2023\/05\/Groupe-La-chenaie-3.webp","type":"image\/webp"}],"twitter_card":"summary_large_image","twitter_misc":{"Gesch\u00e4tzte Lesezeit":"2\u00a0Minuten"},"schema":{"@context":"https:\/\/schema.org","@graph":[{"@type":"WebPage","@id":"https:\/\/normandieyport.geek-tonic.dev\/de\/camping-group-yport\/","url":"https:\/\/normandieyport.geek-tonic.dev\/de\/camping-group-yport\/","name":"Gruppencamping in Seine-Maritime | Veranstaltung in Yport","isPartOf":{"@id":"https:\/\/normandieyport.geek-tonic.dev\/de\/#website"},"primaryImageOfPage":{"@id":"https:\/\/normandieyport.geek-tonic.dev\/de\/camping-group-yport\/#primaryimage"},"image":{"@id":"https:\/\/normandieyport.geek-tonic.dev\/de\/camping-group-yport\/#primaryimage"},"thumbnailUrl":"https:\/\/normandieyport.geek-tonic.dev\/wp-content\/uploads\/sites\/11\/2023\/05\/Groupe-La-chenaie-3.webp","datePublished":"2023-05-25T09:50:39+00:00","dateModified":"2024-03-27T11:05:21+00:00","breadcrumb":{"@id":"https:\/\/normandieyport.geek-tonic.dev\/de\/camping-group-yport\/#breadcrumb"},"inLanguage":"de","potentialAction":[{"@type":"ReadAction","target":["https:\/\/normandieyport.geek-tonic.dev\/de\/camping-group-yport\/"]}]},{"@type":"ImageObject","inLanguage":"de","@id":"https:\/\/normandieyport.geek-tonic.dev\/de\/camping-group-yport\/#primaryimage","url":"https:\/\/normandieyport.geek-tonic.dev\/wp-content\/uploads\/sites\/11\/2023\/05\/Groupe-La-chenaie-3.webp","contentUrl":"https:\/\/normandieyport.geek-tonic.dev\/wp-content\/uploads\/sites\/11\/2023\/05\/Groupe-La-chenaie-3.webp","width":1920,"height":707,"caption":"eine gruppe von freunden auf dem campingplatz flower la chenaie"},{"@type":"BreadcrumbList","@id":"https:\/\/normandieyport.geek-tonic.dev\/de\/camping-group-yport\/#breadcrumb","itemListElement":[{"@type":"ListItem","position":1,"name":"Camping Normandie","item":"https:\/\/normandieyport.geek-tonic.dev\/de\/"},{"@type":"ListItem","position":2,"name":"Gruppenreise nach Yport"}]},{"@type":"WebSite","@id":"https:\/\/normandieyport.geek-tonic.dev\/de\/#website","url":"https:\/\/normandieyport.geek-tonic.dev\/de\/","name":"La Chenaie","description":"","publisher":{"@id":"https:\/\/normandieyport.geek-tonic.dev\/de\/#organization"},"potentialAction":[{"@type":"SearchAction","target":{"@type":"EntryPoint","urlTemplate":"https:\/\/normandieyport.geek-tonic.dev\/de\/?s={search_term_string}"},"query-input":{"@type":"PropertyValueSpecification","valueRequired":true,"valueName":"search_term_string"}}],"inLanguage":"de"},{"@type":"Organization","@id":"https:\/\/normandieyport.geek-tonic.dev\/de\/#organization","name":"La Chenaie","url":"https:\/\/normandieyport.geek-tonic.dev\/de\/","logo":{"@type":"ImageObject","inLanguage":"de","@id":"https:\/\/normandieyport.geek-tonic.dev\/de\/#\/schema\/logo\/image\/","url":"https:\/\/normandieyport.geek-tonic.dev\/wp-content\/uploads\/sites\/11\/2024\/03\/cropped-logo-Flower-camping-La-chenaie.png","contentUrl":"https:\/\/normandieyport.geek-tonic.dev\/wp-content\/uploads\/sites\/11\/2024\/03\/cropped-logo-Flower-camping-La-chenaie.png","width":500,"height":660,"caption":"La Chenaie"},"image":{"@id":"https:\/\/normandieyport.geek-tonic.dev\/de\/#\/schema\/logo\/image\/"}}]}},"_links":{"self":[{"href":"https:\/\/normandieyport.geek-tonic.dev\/de\/wp-json\/wp\/v2\/pages\/3522","targetHints":{"allow":["GET"]}}],"collection":[{"href":"https:\/\/normandieyport.geek-tonic.dev\/de\/wp-json\/wp\/v2\/pages"}],"about":[{"href":"https:\/\/normandieyport.geek-tonic.dev\/de\/wp-json\/wp\/v2\/types\/page"}],"author":[{"embeddable":true,"href":"https:\/\/normandieyport.geek-tonic.dev\/de\/wp-json\/wp\/v2\/users\/1"}],"replies":[{"embeddable":true,"href":"https:\/\/normandieyport.geek-tonic.dev\/de\/wp-json\/wp\/v2\/comments?post=3522"}],"version-history":[{"count":4,"href":"https:\/\/normandieyport.geek-tonic.dev\/de\/wp-json\/wp\/v2\/pages\/3522\/revisions"}],"predecessor-version":[{"id":3798,"href":"https:\/\/normandieyport.geek-tonic.dev\/de\/wp-json\/wp\/v2\/pages\/3522\/revisions\/3798"}],"wp:featuredmedia":[{"embeddable":true,"href":"https:\/\/normandieyport.geek-tonic.dev\/de\/wp-json\/wp\/v2\/media\/2191"}],"wp:attachment":[{"href":"https:\/\/normandieyport.geek-tonic.dev\/de\/wp-json\/wp\/v2\/media?parent=3522"}],"wp:term":[{"taxonomy":"sujet","embeddable":true,"href":"https:\/\/normandieyport.geek-tonic.dev\/de\/wp-json\/wp\/v2\/sujet?post=3522"}],"curies":[{"name":"wp","href":"https:\/\/api.w.org\/{rel}","templated":true}]}}