{"id":3520,"date":"2023-05-25T11:45:03","date_gmt":"2023-05-25T09:45:03","guid":{"rendered":"https:\/\/www.normandieyport.geek-tonic.dev\/kontakt-und-zugang\/"},"modified":"2024-03-27T12:05:21","modified_gmt":"2024-03-27T11:05:21","slug":"kontakt-und-zugang","status":"publish","type":"page","link":"https:\/\/normandieyport.geek-tonic.dev\/de\/kontakt-und-zugang\/","title":{"rendered":"Informationen und Kontakt"},"content":{"rendered":"<section id=\"ls-section-block_1eacfe57166bcb3a148c6a209012db6a\" class=\"ls-section  home-first page-one has-background has-color-4-background-color\" >\r\n        <div class=\"container container--wide\">\r\n        \n\n<div class=\"wp-block-columns is-layout-flex wp-container-core-columns-is-layout-1 wp-block-columns-is-layout-flex\">\n<div class=\"wp-block-column is-vertically-aligned-top animated fadeInLeft slow is-layout-flow wp-block-column-is-layout-flow\" style=\"flex-basis:45%\">\n<iframe src=\"https:\/\/www.google.com\/maps\/embed?pb=!1m18!1m12!1m3!1d73399.64798744602!2d0.2697215716140705!3d49.74356741019501!2m3!1f0!2f0!3f0!3m2!1i1024!2i768!4f13.1!3m3!1m2!1s0x47e014e29448df27%3A0xaf0e7b17caab95f7!2sFlower%20Camping%20La%20Ch%C3%AAnaie!5e1!3m2!1sfr!2sfr!4v1685430954905!5m2!1sfr!2sfr\" width=\"100%\" height=\"450\" style=\"border:0;\" allowfullscreen=\"\" loading=\"lazy\" referrerpolicy=\"no-referrer-when-downgrade\"><\/iframe>\n<\/div>\n\n\n\n<div class=\"wp-block-column is-vertically-aligned-top animated fadeInRight delay-100ms slow is-layout-flow wp-block-column-is-layout-flow\" style=\"flex-basis:55%\">\n<h1 class=\"ls__heading wp-block-heading has-text-align-center\">Kontakt und Zugang<\/h1>\n\n\n\n<h2 class=\"ls__heading wp-block-heading\">Ankommen auf dem Campingplatz<\/h2>\n\n\n\n<p class=\"ls-paragraph\">Le <a href=\"https:\/\/www.normandieyport.geek-tonic.dev\/\">camping La Chenaie<\/a> se situe rue Henry Simon, 76111 Yport.<br\/><strong>Coordonn\u00e9es GPS<\/strong> : 49.73271786819733, 0.3220580998567707.<\/p>\n\n\n\n<p class=\"ls-paragraph\">Der Campingplatz La Chenaie befindet sich in dem charmanten <strong>Dorf Yport<\/strong> an der <strong>K\u00fcste der Normandie<\/strong>. Um darauf zuzugreifen, haben Sie mehrere M\u00f6glichkeiten:<\/p>\n\n\n\n<div class=\"ls-lire-plus\">\n    <input id=\"ls-lire-plus-block_223f67d01525e88b1b019b0a72157a0769e61cd814b30\" type=\"checkbox\" class=\"ls-lire-plus__toggle\"  \/>\n    <label for=\"ls-lire-plus-block_223f67d01525e88b1b019b0a72157a0769e61cd814b30\" class=\"ls-lire-plus__toggle-label\">\n        <span>Lire plus<\/span>\n        <span>Lire moins<\/span>\n    <\/label>\n    <div class=\"ls-lire-plus__content\">\n        \n\n<ul class=\"ls-list wp-block-list\">\n<li><strong>Mit dem Auto<\/strong>: Nehmen Sie die Autobahn A29 bis zur Ausfahrt F\u00e9camp und folgen Sie dann der Beschilderung nach Yport. Der Campingplatz liegt etwa 15 Minuten von F\u00e9camp entfernt. Sie k\u00f6nnen auch die K\u00fcstenstra\u00dfe (D940) nehmen, die entlang des Meeres verl\u00e4uft und eine herrliche Landschaft bietet.<\/li>\n\n\n\n<li><strong>Mit dem Zug<\/strong>: Der n\u00e4chstgelegene Bahnhof ist F\u00e9camp, der von den TER-Z\u00fcgen aus Rouen und Le Havre angefahren wird. Von dort aus k\u00f6nnen Sie ein Taxi oder den Bus (Linie 24) nach Yport nehmen.<\/li>\n\n\n\n<li><strong>Mit dem Flugzeug<\/strong>: Der n\u00e4chstgelegene Flughafen ist Le Havre-Octeville, etwa 40 Autominuten vom Campingplatz entfernt. Sie k\u00f6nnen ein Auto mieten oder ein Taxi nach Yport nehmen.<\/li>\n\n\n\n<li><strong>Mit dem Fahrrad<\/strong>: Wenn Sie gerne auf zwei R\u00e4dern unterwegs sind, k\u00f6nnen Sie den Campingplatz \u00fcber den K\u00fcstenradweg erreichen, der durch Etretat, F\u00e9camp und Yport f\u00fchrt. Sie k\u00f6nnen die Klippen und Str\u00e4nde der C\u00f4te d&#8217;Alb\u00e2tre bewundern.<\/li>\n<\/ul>\n\n\n\n<p class=\"ls-paragraph has-text-align-left\">Welches Verkehrsmittel Sie auch immer w\u00e4hlen, Sie werden auf dem Campingplatz La Chenaie <strong>herzlich willkommen<\/strong> sein und <strong>eine ruhige, gr\u00fcne Umgebung<\/strong> nur einen Steinwurf vom Meer entfernt <strong>genie\u00dfen<\/strong>.<\/p>\n\n        <div class=\"ls-lire-plus__gradient\" style=\"background: linear-gradient(to bottom,rgba(255,235,204,0) 0%,rgba(255,235,204,1) 100%);\"><\/div>\n    <\/div>\n<\/div><\/div>\n<\/div>\n\n\r\n    <\/div>\r\n<\/section><section id=\"ls-section-block_9a18d0caee6db4026618a71101f736d6\" class=\"ls-section  home-first page-one\" >\r\n        <div class=\"container container--wide\">\r\n        \n\n<div class=\"wp-block-columns is-layout-flex wp-container-core-columns-is-layout-2 wp-block-columns-is-layout-flex\">\n<div class=\"wp-block-column is-vertically-aligned-center animated fadeInLeft slow has-color-white-color has-text-color is-layout-flow wp-block-column-is-layout-flow\" style=\"flex-basis:55%\">\n<h2 class=\"ls__heading wp-block-heading has-color-7-color has-text-color\">Kontakt<\/h2>\n\n\n\n<p class=\"ls-paragraph has-color-black-color has-text-color\">Ben\u00f6tigen Sie weitere Informationen? M\u00f6chten Sie mit uns Kontakt aufnehmen, um Ihre Ankunft vorzubereiten?<\/p>\n\n\n\n<p class=\"ls-paragraph has-color-black-color has-text-color\">Sie k\u00f6nnen uns \u00fcber das Kontaktformular oder telefonisch <strong>unter 02 35 27 33 56<\/strong> erreichen.<\/p>\n\n\n\n<p class=\"ls-paragraph has-color-black-color has-text-color\">oder per E-Mail an <a href=\"mailto:camping.yport@flowercampings.com\">camping.yport@flowercampings.com<\/a>.  <\/p>\n\n\n\n<p class=\"ls-paragraph has-color-black-color has-text-color\">Unser Team wird sich so schnell wie m\u00f6glich mit Ihnen in Verbindung setzen.<\/p>\n<\/div>\n\n\n\n<div class=\"wp-block-column is-vertically-aligned-center animated fadeInRight delay-200ms slow is-layout-flow wp-block-column-is-layout-flow\" style=\"flex-basis:45%\">\n\n<div class=\"wpcf7 no-js\" id=\"wpcf7-f3530-o1\" lang=\"de-DE\" dir=\"ltr\" data-wpcf7-id=\"3530\">\n<div class=\"screen-reader-response\"><p role=\"status\" aria-live=\"polite\" aria-atomic=\"true\"><\/p> <ul><\/ul><\/div>\n<form action=\"\/de\/wp-json\/wp\/v2\/pages\/3520#wpcf7-f3530-o1\" method=\"post\" class=\"wpcf7-form init\" aria-label=\"Kontaktformular\" novalidate=\"novalidate\" data-status=\"init\">\n<div style=\"display: none;\">\n<input type=\"hidden\" name=\"_wpcf7\" value=\"3530\" \/>\n<input type=\"hidden\" name=\"_wpcf7_version\" value=\"6.0\" \/>\n<input type=\"hidden\" name=\"_wpcf7_locale\" value=\"de_DE\" \/>\n<input type=\"hidden\" name=\"_wpcf7_unit_tag\" value=\"wpcf7-f3530-o1\" \/>\n<input type=\"hidden\" name=\"_wpcf7_container_post\" value=\"0\" \/>\n<input type=\"hidden\" name=\"_wpcf7_posted_data_hash\" value=\"\" \/>\n<input type=\"hidden\" name=\"_wpcf7_recaptcha_response\" value=\"\" \/>\n<\/div>\n<p><label> Ihr Name<br \/>\n<span class=\"wpcf7-form-control-wrap\" data-name=\"your-name\"><input size=\"40\" maxlength=\"400\" class=\"wpcf7-form-control wpcf7-text wpcf7-validates-as-required\" autocomplete=\"name\" aria-required=\"true\" aria-invalid=\"false\" value=\"\" type=\"text\" name=\"your-name\" \/><\/span> <\/label>\n<\/p>\n<p><label> Ihre E-Mail<br \/>\n<span class=\"wpcf7-form-control-wrap\" data-name=\"your-email\"><input size=\"40\" maxlength=\"400\" class=\"wpcf7-form-control wpcf7-email wpcf7-validates-as-required wpcf7-text wpcf7-validates-as-email\" autocomplete=\"email\" aria-required=\"true\" aria-invalid=\"false\" value=\"\" type=\"email\" name=\"your-email\" \/><\/span> <\/label>\n<\/p>\n<p><label> Objekt<br \/>\n<span class=\"wpcf7-form-control-wrap\" data-name=\"your-subject\"><input size=\"40\" maxlength=\"400\" class=\"wpcf7-form-control wpcf7-text wpcf7-validates-as-required\" aria-required=\"true\" aria-invalid=\"false\" value=\"\" type=\"text\" name=\"your-subject\" \/><\/span> <\/label>\n<\/p>\n<p><label> Ihre Nachricht<br \/>\n<span class=\"wpcf7-form-control-wrap\" data-name=\"your-message\"><textarea cols=\"40\" rows=\"10\" maxlength=\"2000\" class=\"wpcf7-form-control wpcf7-textarea wpcf7-validates-as-required\" aria-required=\"true\" aria-invalid=\"false\" name=\"your-message\"><\/textarea><\/span> <\/label>\n<\/p>\n<p><span class=\"wpcf7-form-control-wrap\" data-name=\"acceptance-886\"><span class=\"wpcf7-form-control wpcf7-acceptance\"><span class=\"wpcf7-list-item\"><input type=\"checkbox\" name=\"acceptance-886\" value=\"1\" aria-invalid=\"false\" \/><\/span><\/span><\/span> Indem ich dieses K\u00e4stchen ankreuze, stimme ich der <a href=\"\/de\/Senden Sie\/\" rel=\"nofollow\" target=\"_blank\">Datenschutzrichtlinie<\/a> dieser Website zu.<br \/>\n<input class=\"wpcf7-form-control wpcf7-submit has-spinner\" type=\"submit\" value=\"Senden Sie\" \/>\n<\/p><input type='hidden' class='wpcf7-pum' value='{\"closepopup\":false,\"closedelay\":0,\"openpopup\":false,\"openpopup_id\":0}' \/><div class=\"wpcf7-response-output\" aria-hidden=\"true\"><\/div>\n<\/form>\n<\/div>\n\n<\/div>\n<\/div>\n\n\r\n    <\/div>\r\n<\/section>","protected":false},"excerpt":{"rendered":"","protected":false},"author":1,"featured_media":2797,"parent":0,"menu_order":0,"comment_status":"closed","ping_status":"closed","template":"","meta":{"_acf_changed":false,"footnotes":""},"sujet":[],"class_list":["post-3520","page","type-page","status-publish","has-post-thumbnail","hentry"],"acf":[],"yoast_head":"<!-- This site is optimized with the Yoast SEO plugin v23.9 - https:\/\/yoast.com\/wordpress\/plugins\/seo\/ -->\n<title>Informationen und Kontakt - La Chenaie<\/title>\n<meta name=\"robots\" content=\"noindex, follow, max-snippet:-1, max-image-preview:large, max-video-preview:-1\" \/>\n<meta property=\"og:locale\" content=\"de_DE\" \/>\n<meta property=\"og:type\" content=\"article\" \/>\n<meta property=\"og:title\" content=\"Informationen und Kontakt - La Chenaie\" \/>\n<meta property=\"og:url\" content=\"https:\/\/normandieyport.geek-tonic.dev\/de\/kontakt-und-zugang\/\" \/>\n<meta property=\"og:site_name\" content=\"La Chenaie\" \/>\n<meta property=\"article:modified_time\" content=\"2024-03-27T11:05:21+00:00\" \/>\n<meta property=\"og:image\" content=\"https:\/\/normandieyport.geek-tonic.dev\/wp-content\/uploads\/sites\/11\/2023\/05\/Voiture-sur-la-plage-de-seine-mairtime-pres-du-flower-camping-la-chenaie-copie.webp\" \/>\n\t<meta property=\"og:image:width\" content=\"1799\" \/>\n\t<meta property=\"og:image:height\" content=\"563\" \/>\n\t<meta property=\"og:image:type\" content=\"image\/webp\" \/>\n<meta name=\"twitter:card\" content=\"summary_large_image\" \/>\n<meta name=\"twitter:label1\" content=\"Gesch\u00e4tzte Lesezeit\" \/>\n\t<meta name=\"twitter:data1\" content=\"1\u00a0Minute\" \/>\n<script type=\"application\/ld+json\" class=\"yoast-schema-graph\">{\"@context\":\"https:\/\/schema.org\",\"@graph\":[{\"@type\":\"WebPage\",\"@id\":\"https:\/\/normandieyport.geek-tonic.dev\/de\/kontakt-und-zugang\/\",\"url\":\"https:\/\/normandieyport.geek-tonic.dev\/de\/kontakt-und-zugang\/\",\"name\":\"Informationen und Kontakt - La Chenaie\",\"isPartOf\":{\"@id\":\"https:\/\/normandieyport.geek-tonic.dev\/de\/#website\"},\"primaryImageOfPage\":{\"@id\":\"https:\/\/normandieyport.geek-tonic.dev\/de\/kontakt-und-zugang\/#primaryimage\"},\"image\":{\"@id\":\"https:\/\/normandieyport.geek-tonic.dev\/de\/kontakt-und-zugang\/#primaryimage\"},\"thumbnailUrl\":\"https:\/\/normandieyport.geek-tonic.dev\/wp-content\/uploads\/sites\/11\/2023\/05\/Voiture-sur-la-plage-de-seine-mairtime-pres-du-flower-camping-la-chenaie-copie.webp\",\"datePublished\":\"2023-05-25T09:45:03+00:00\",\"dateModified\":\"2024-03-27T11:05:21+00:00\",\"breadcrumb\":{\"@id\":\"https:\/\/normandieyport.geek-tonic.dev\/de\/kontakt-und-zugang\/#breadcrumb\"},\"inLanguage\":\"de\",\"potentialAction\":[{\"@type\":\"ReadAction\",\"target\":[\"https:\/\/normandieyport.geek-tonic.dev\/de\/kontakt-und-zugang\/\"]}]},{\"@type\":\"ImageObject\",\"inLanguage\":\"de\",\"@id\":\"https:\/\/normandieyport.geek-tonic.dev\/de\/kontakt-und-zugang\/#primaryimage\",\"url\":\"https:\/\/normandieyport.geek-tonic.dev\/wp-content\/uploads\/sites\/11\/2023\/05\/Voiture-sur-la-plage-de-seine-mairtime-pres-du-flower-camping-la-chenaie-copie.webp\",\"contentUrl\":\"https:\/\/normandieyport.geek-tonic.dev\/wp-content\/uploads\/sites\/11\/2023\/05\/Voiture-sur-la-plage-de-seine-mairtime-pres-du-flower-camping-la-chenaie-copie.webp\",\"width\":1799,\"height\":563,\"caption\":\"Auto auf seine mairtime Strand in der N\u00e4he von Blumen camping la chenaie Kopie\"},{\"@type\":\"BreadcrumbList\",\"@id\":\"https:\/\/normandieyport.geek-tonic.dev\/de\/kontakt-und-zugang\/#breadcrumb\",\"itemListElement\":[{\"@type\":\"ListItem\",\"position\":1,\"name\":\"Camping Normandie\",\"item\":\"https:\/\/normandieyport.geek-tonic.dev\/de\/\"},{\"@type\":\"ListItem\",\"position\":2,\"name\":\"Informationen und Kontakt\"}]},{\"@type\":\"WebSite\",\"@id\":\"https:\/\/normandieyport.geek-tonic.dev\/de\/#website\",\"url\":\"https:\/\/normandieyport.geek-tonic.dev\/de\/\",\"name\":\"La Chenaie\",\"description\":\"\",\"publisher\":{\"@id\":\"https:\/\/normandieyport.geek-tonic.dev\/de\/#organization\"},\"potentialAction\":[{\"@type\":\"SearchAction\",\"target\":{\"@type\":\"EntryPoint\",\"urlTemplate\":\"https:\/\/normandieyport.geek-tonic.dev\/de\/?s={search_term_string}\"},\"query-input\":{\"@type\":\"PropertyValueSpecification\",\"valueRequired\":true,\"valueName\":\"search_term_string\"}}],\"inLanguage\":\"de\"},{\"@type\":\"Organization\",\"@id\":\"https:\/\/normandieyport.geek-tonic.dev\/de\/#organization\",\"name\":\"La Chenaie\",\"url\":\"https:\/\/normandieyport.geek-tonic.dev\/de\/\",\"logo\":{\"@type\":\"ImageObject\",\"inLanguage\":\"de\",\"@id\":\"https:\/\/normandieyport.geek-tonic.dev\/de\/#\/schema\/logo\/image\/\",\"url\":\"https:\/\/normandieyport.geek-tonic.dev\/wp-content\/uploads\/sites\/11\/2024\/03\/cropped-logo-Flower-camping-La-chenaie.png\",\"contentUrl\":\"https:\/\/normandieyport.geek-tonic.dev\/wp-content\/uploads\/sites\/11\/2024\/03\/cropped-logo-Flower-camping-La-chenaie.png\",\"width\":500,\"height\":660,\"caption\":\"La Chenaie\"},\"image\":{\"@id\":\"https:\/\/normandieyport.geek-tonic.dev\/de\/#\/schema\/logo\/image\/\"}}]}<\/script>\n<!-- \/ Yoast SEO plugin. -->","yoast_head_json":{"title":"Informationen und Kontakt - La Chenaie","robots":{"index":"noindex","follow":"follow","max-snippet":"max-snippet:-1","max-image-preview":"max-image-preview:large","max-video-preview":"max-video-preview:-1"},"og_locale":"de_DE","og_type":"article","og_title":"Informationen und Kontakt - La Chenaie","og_url":"https:\/\/normandieyport.geek-tonic.dev\/de\/kontakt-und-zugang\/","og_site_name":"La Chenaie","article_modified_time":"2024-03-27T11:05:21+00:00","og_image":[{"width":1799,"height":563,"url":"https:\/\/normandieyport.geek-tonic.dev\/wp-content\/uploads\/sites\/11\/2023\/05\/Voiture-sur-la-plage-de-seine-mairtime-pres-du-flower-camping-la-chenaie-copie.webp","type":"image\/webp"}],"twitter_card":"summary_large_image","twitter_misc":{"Gesch\u00e4tzte Lesezeit":"1\u00a0Minute"},"schema":{"@context":"https:\/\/schema.org","@graph":[{"@type":"WebPage","@id":"https:\/\/normandieyport.geek-tonic.dev\/de\/kontakt-und-zugang\/","url":"https:\/\/normandieyport.geek-tonic.dev\/de\/kontakt-und-zugang\/","name":"Informationen und Kontakt - La Chenaie","isPartOf":{"@id":"https:\/\/normandieyport.geek-tonic.dev\/de\/#website"},"primaryImageOfPage":{"@id":"https:\/\/normandieyport.geek-tonic.dev\/de\/kontakt-und-zugang\/#primaryimage"},"image":{"@id":"https:\/\/normandieyport.geek-tonic.dev\/de\/kontakt-und-zugang\/#primaryimage"},"thumbnailUrl":"https:\/\/normandieyport.geek-tonic.dev\/wp-content\/uploads\/sites\/11\/2023\/05\/Voiture-sur-la-plage-de-seine-mairtime-pres-du-flower-camping-la-chenaie-copie.webp","datePublished":"2023-05-25T09:45:03+00:00","dateModified":"2024-03-27T11:05:21+00:00","breadcrumb":{"@id":"https:\/\/normandieyport.geek-tonic.dev\/de\/kontakt-und-zugang\/#breadcrumb"},"inLanguage":"de","potentialAction":[{"@type":"ReadAction","target":["https:\/\/normandieyport.geek-tonic.dev\/de\/kontakt-und-zugang\/"]}]},{"@type":"ImageObject","inLanguage":"de","@id":"https:\/\/normandieyport.geek-tonic.dev\/de\/kontakt-und-zugang\/#primaryimage","url":"https:\/\/normandieyport.geek-tonic.dev\/wp-content\/uploads\/sites\/11\/2023\/05\/Voiture-sur-la-plage-de-seine-mairtime-pres-du-flower-camping-la-chenaie-copie.webp","contentUrl":"https:\/\/normandieyport.geek-tonic.dev\/wp-content\/uploads\/sites\/11\/2023\/05\/Voiture-sur-la-plage-de-seine-mairtime-pres-du-flower-camping-la-chenaie-copie.webp","width":1799,"height":563,"caption":"Auto auf seine mairtime Strand in der N\u00e4he von Blumen camping la chenaie Kopie"},{"@type":"BreadcrumbList","@id":"https:\/\/normandieyport.geek-tonic.dev\/de\/kontakt-und-zugang\/#breadcrumb","itemListElement":[{"@type":"ListItem","position":1,"name":"Camping Normandie","item":"https:\/\/normandieyport.geek-tonic.dev\/de\/"},{"@type":"ListItem","position":2,"name":"Informationen und Kontakt"}]},{"@type":"WebSite","@id":"https:\/\/normandieyport.geek-tonic.dev\/de\/#website","url":"https:\/\/normandieyport.geek-tonic.dev\/de\/","name":"La Chenaie","description":"","publisher":{"@id":"https:\/\/normandieyport.geek-tonic.dev\/de\/#organization"},"potentialAction":[{"@type":"SearchAction","target":{"@type":"EntryPoint","urlTemplate":"https:\/\/normandieyport.geek-tonic.dev\/de\/?s={search_term_string}"},"query-input":{"@type":"PropertyValueSpecification","valueRequired":true,"valueName":"search_term_string"}}],"inLanguage":"de"},{"@type":"Organization","@id":"https:\/\/normandieyport.geek-tonic.dev\/de\/#organization","name":"La Chenaie","url":"https:\/\/normandieyport.geek-tonic.dev\/de\/","logo":{"@type":"ImageObject","inLanguage":"de","@id":"https:\/\/normandieyport.geek-tonic.dev\/de\/#\/schema\/logo\/image\/","url":"https:\/\/normandieyport.geek-tonic.dev\/wp-content\/uploads\/sites\/11\/2024\/03\/cropped-logo-Flower-camping-La-chenaie.png","contentUrl":"https:\/\/normandieyport.geek-tonic.dev\/wp-content\/uploads\/sites\/11\/2024\/03\/cropped-logo-Flower-camping-La-chenaie.png","width":500,"height":660,"caption":"La Chenaie"},"image":{"@id":"https:\/\/normandieyport.geek-tonic.dev\/de\/#\/schema\/logo\/image\/"}}]}},"_links":{"self":[{"href":"https:\/\/normandieyport.geek-tonic.dev\/de\/wp-json\/wp\/v2\/pages\/3520","targetHints":{"allow":["GET"]}}],"collection":[{"href":"https:\/\/normandieyport.geek-tonic.dev\/de\/wp-json\/wp\/v2\/pages"}],"about":[{"href":"https:\/\/normandieyport.geek-tonic.dev\/de\/wp-json\/wp\/v2\/types\/page"}],"author":[{"embeddable":true,"href":"https:\/\/normandieyport.geek-tonic.dev\/de\/wp-json\/wp\/v2\/users\/1"}],"replies":[{"embeddable":true,"href":"https:\/\/normandieyport.geek-tonic.dev\/de\/wp-json\/wp\/v2\/comments?post=3520"}],"version-history":[{"count":3,"href":"https:\/\/normandieyport.geek-tonic.dev\/de\/wp-json\/wp\/v2\/pages\/3520\/revisions"}],"predecessor-version":[{"id":3796,"href":"https:\/\/normandieyport.geek-tonic.dev\/de\/wp-json\/wp\/v2\/pages\/3520\/revisions\/3796"}],"wp:featuredmedia":[{"embeddable":true,"href":"https:\/\/normandieyport.geek-tonic.dev\/de\/wp-json\/wp\/v2\/media\/2797"}],"wp:attachment":[{"href":"https:\/\/normandieyport.geek-tonic.dev\/de\/wp-json\/wp\/v2\/media?parent=3520"}],"wp:term":[{"taxonomy":"sujet","embeddable":true,"href":"https:\/\/normandieyport.geek-tonic.dev\/de\/wp-json\/wp\/v2\/sujet?post=3520"}],"curies":[{"name":"wp","href":"https:\/\/api.w.org\/{rel}","templated":true}]}}