{"id":3518,"date":"2023-05-25T10:07:09","date_gmt":"2023-05-25T08:07:09","guid":{"rendered":"https:\/\/www.normandieyport.geek-tonic.dev\/campingplatz-okologischer-yport\/"},"modified":"2024-03-27T12:03:40","modified_gmt":"2024-03-27T11:03:40","slug":"campingplatz-okologischer-yport","status":"publish","type":"page","link":"https:\/\/normandieyport.geek-tonic.dev\/de\/campingplatz-okologischer-yport\/","title":{"rendered":"Unser Engagement"},"content":{"rendered":"<section id=\"ls-section-block_74167e4fe4ce18650f8dc23e4cbff5d3\" class=\"ls-section  page-one has-background has-color-4-background-color has-m-t m-t-0 has-m-b m-b-0 has-p-t p-t-14 has-p-b p-b-14\" >\r\n        <div class=\"container container--wide\">\r\n        \n\n<div class=\"wp-block-columns are-vertically-aligned-center is-layout-flex wp-container-core-columns-is-layout-1 wp-block-columns-is-layout-flex\">\n<div class=\"wp-block-column is-vertically-aligned-center animated fadeInLeft delay-100ms slow is-layout-flow wp-block-column-is-layout-flow\" style=\"flex-basis:45%\">\n<figure class=\"wp-block-image size-full\"><img decoding=\"async\" width=\"1803\" height=\"1200\" src=\"https:\/\/www.normandieyport.geek-tonic.dev\/wp-content\/uploads\/sites\/11\/2023\/05\/Etretats-falaises-seine-maritime-2.webp\" alt=\"Etretats Klippen seine maritime in der N&#xE4;he von yport\" class=\"wp-image-2085\" srcset=\"https:\/\/normandieyport.geek-tonic.dev\/wp-content\/uploads\/sites\/11\/2023\/05\/Etretats-falaises-seine-maritime-2.webp 1803w, https:\/\/normandieyport.geek-tonic.dev\/wp-content\/uploads\/sites\/11\/2023\/05\/Etretats-falaises-seine-maritime-2-300x200.webp 300w, https:\/\/normandieyport.geek-tonic.dev\/wp-content\/uploads\/sites\/11\/2023\/05\/Etretats-falaises-seine-maritime-2-1024x682.webp 1024w, https:\/\/normandieyport.geek-tonic.dev\/wp-content\/uploads\/sites\/11\/2023\/05\/Etretats-falaises-seine-maritime-2-768x511.webp 768w, https:\/\/normandieyport.geek-tonic.dev\/wp-content\/uploads\/sites\/11\/2023\/05\/Etretats-falaises-seine-maritime-2-1536x1022.webp 1536w\" sizes=\"(max-width: 1803px) 100vw, 1803px\" \/><\/figure>\n<\/div>\n\n\n\n<div class=\"wp-block-column is-vertically-aligned-center animated fadeInRight slow is-layout-flow wp-block-column-is-layout-flow\" style=\"flex-basis:55%\">\n<h1 class=\"ls__heading wp-block-heading has-text-align-left\">\u00d6kologisches Camping in Yport<\/h1>\n\n\n\n<h2 class=\"ls__heading wp-block-heading\">Blumen-Campingpl\u00e4tze in Seine-Maritime<\/h2>\n\n\n\n<p class=\"ls-paragraph\">Bienvenue \u00e0 <a href=\"https:\/\/www.normandieyport.geek-tonic.dev\/\">La Ch\u00eanaie, un camping<\/a> situ\u00e9 dans un cadre naturel pr\u00e9serv\u00e9 \u00e0 Yport, en Normandie, qui a \u00e9t\u00e9 <strong>labellis\u00e9 &#8222;Flower&#8220;<\/strong>. Ce label t\u00e9moigne de l&#8216;<strong>engagement du camping en faveur de l&#8217;environnement<\/strong> et de la promotion de<strong> pratiques respectueuses de la nature<\/strong>. En tant que tel, le camping est fier de<strong> respecter des normes environnementales stricte<\/strong>s afin de minimiser son impact sur l&#8217;environnement.<\/p>\n\n\n\n<p class=\"ls-paragraph\">Le <a href=\"https:\/\/www.normandieyport.geek-tonic.dev\/\">camping en Seine-Maritime<\/a> est convaincu que des vacances durables peuvent \u00eatre tout aussi agr\u00e9ables que des vacances conventionnelles. Pour cette raison, il met \u00e0 disposition de ses clients des <strong>installations modernes respectueuses des valeurs \u00e9cologiques<\/strong> du label&#8220; Flower camping&#8220;. Les emplacements et les locations ont \u00e9t\u00e9 con\u00e7us pour offrir confort et bien-\u00eatre aux campeurs, tout en <strong>minimisant l&#8217;impact environnemental du camping<\/strong>. En bref, La Ch\u00eanaie est le choix id\u00e9al pour des <strong>vacances \u00e9cologiques et durables<\/strong> en Normandie.<\/p>\n<\/div>\n<\/div>\n\n\r\n    <\/div>\r\n<\/section><section id=\"ls-section-block_e3860c1c4855ad81ab5d7b427cdfdb7d\" class=\"ls-section  home-gallery has-background has-color-4-background-color has-m-t m-t-0 has-p-t p-t-0\" >\r\n        <div class=\"container container--full\">\r\n        \n\n<figure class=\"wp-block-gallery has-nested-images columns-1 is-cropped galerie-slider-container wp-block-gallery-1 is-layout-flex wp-block-gallery-is-layout-flex\">\n<figure class=\"wp-block-image size-full\"><a href=\"https:\/\/www.normandieyport.geek-tonic.dev\/wp-content\/uploads\/sites\/11\/2023\/05\/chenaie-4_resultat.webp\"><img decoding=\"async\" width=\"1024\" height=\"683\" src=\"https:\/\/www.normandieyport.geek-tonic.dev\/wp-content\/uploads\/sites\/11\/2023\/05\/chenaie-4_resultat.webp\" alt=\"zwei kleine m&#xE4;dchen beim spaziergang in der wildnis in der n&#xE4;he des campingplatzes la chenaie\" class=\"wp-image-1869\" srcset=\"https:\/\/normandieyport.geek-tonic.dev\/wp-content\/uploads\/sites\/11\/2023\/05\/chenaie-4_resultat.webp 1024w, https:\/\/normandieyport.geek-tonic.dev\/wp-content\/uploads\/sites\/11\/2023\/05\/chenaie-4_resultat-300x200.webp 300w, https:\/\/normandieyport.geek-tonic.dev\/wp-content\/uploads\/sites\/11\/2023\/05\/chenaie-4_resultat-768x512.webp 768w\" sizes=\"(max-width: 1024px) 100vw, 1024px\" \/><\/a><\/figure>\n\n\n\n<figure class=\"wp-block-image size-large\"><a href=\"https:\/\/www.normandieyport.geek-tonic.dev\/wp-content\/uploads\/sites\/11\/2023\/05\/AdobeStock_71456319_resultat.webp\"><img decoding=\"async\" width=\"1024\" height=\"683\" src=\"https:\/\/www.normandieyport.geek-tonic.dev\/wp-content\/uploads\/sites\/11\/2023\/05\/AdobeStock_71456319_resultat-1024x683.webp\" alt=\"baumkronen auf dem campingplatz la chenaie unter einer sch&#xF6;nen sommerlichen sonne\" class=\"wp-image-2114\" srcset=\"https:\/\/normandieyport.geek-tonic.dev\/wp-content\/uploads\/sites\/11\/2023\/05\/AdobeStock_71456319_resultat-1024x683.webp 1024w, https:\/\/normandieyport.geek-tonic.dev\/wp-content\/uploads\/sites\/11\/2023\/05\/AdobeStock_71456319_resultat-300x200.webp 300w, https:\/\/normandieyport.geek-tonic.dev\/wp-content\/uploads\/sites\/11\/2023\/05\/AdobeStock_71456319_resultat-768x512.webp 768w, https:\/\/normandieyport.geek-tonic.dev\/wp-content\/uploads\/sites\/11\/2023\/05\/AdobeStock_71456319_resultat-1536x1024.webp 1536w, https:\/\/normandieyport.geek-tonic.dev\/wp-content\/uploads\/sites\/11\/2023\/05\/AdobeStock_71456319_resultat.webp 1800w\" sizes=\"(max-width: 1024px) 100vw, 1024px\" \/><\/a><\/figure>\n\n\n\n<figure class=\"wp-block-image size-full\"><a href=\"https:\/\/www.normandieyport.geek-tonic.dev\/wp-content\/uploads\/sites\/11\/2023\/05\/chenaie-2_resultat.webp\"><img decoding=\"async\" width=\"1024\" height=\"682\" src=\"https:\/\/www.normandieyport.geek-tonic.dev\/wp-content\/uploads\/sites\/11\/2023\/05\/chenaie-2_resultat.webp\" alt=\"camping blume la chenaie vom himmel\" class=\"wp-image-1861\" srcset=\"https:\/\/normandieyport.geek-tonic.dev\/wp-content\/uploads\/sites\/11\/2023\/05\/chenaie-2_resultat.webp 1024w, https:\/\/normandieyport.geek-tonic.dev\/wp-content\/uploads\/sites\/11\/2023\/05\/chenaie-2_resultat-300x200.webp 300w, https:\/\/normandieyport.geek-tonic.dev\/wp-content\/uploads\/sites\/11\/2023\/05\/chenaie-2_resultat-768x512.webp 768w\" sizes=\"(max-width: 1024px) 100vw, 1024px\" \/><\/a><\/figure>\n<\/figure>\n\n\r\n    <\/div>\r\n<\/section><section id=\"ls-section-block_251d56848e4a14713c34fa32f3e2fd3b\" class=\"ls-section  page-two animated fadeInUp slow\" >\r\n        <div class=\"container container--wide\">\r\n        \n\n<p class=\"ls-paragraph has-text-align-center\">Unser Campingplatz hat eine <strong>Reihe von Ma\u00dfnahmen zur F\u00f6rderung der nachhaltigen Entwicklung und der biologischen Vielfalt<\/strong> ergriffen:<\/p>\n\n\n\n<ul class=\"ls-list wp-block-list\">\n<li>Marienk\u00e4ferhaus<\/li>\n\n\n\n<li>Insektenhotel, Bienenstock f\u00fcr Solit\u00e4rbienen<\/li>\n\n\n\n<li>Blumenwiese<\/li>\n\n\n\n<li>Pr\u00e4senzmelder in Waschr\u00e4umen<\/li>\n\n\n\n<li>F\u00f6rderung akkubetriebener Werkzeuge<\/li>\n\n\n\n<li>selektive Aussortierung<\/li>\n\n\n\n<li>Verkauf von Bio-Lebensmitteln in kleinen Mengen<\/li>\n\n\n\n<li>Schwarzwei\u00df- und Entwurfsdruck beg\u00fcnstigt<\/li>\n\n\n\n<li>Touristische Informationen zur Einsichtnahme, elektronisches Begr\u00fc\u00dfungsheft \u00fcber Flower Campings mobile App<\/li>\n<\/ul>\n\n\r\n    <\/div>\r\n<\/section><section id=\"ls-section-block_0330a0d73d1f8f553fc054af739a2127\" class=\"ls-section  page-one aventure has-background has-color-4-background-color\" >\r\n        <div class=\"container container--wide\">\r\n        \n\n<div class=\"wp-block-columns are-vertically-aligned-center is-layout-flex wp-container-core-columns-is-layout-2 wp-block-columns-is-layout-flex\">\n<div class=\"wp-block-column is-vertically-aligned-center first animated fadeInLeft delay-100ms slow is-layout-flow wp-block-column-is-layout-flow\" style=\"flex-basis:45%\">\n<figure class=\"wp-block-image size-large\"><a href=\"https:\/\/www.normandieyport.geek-tonic.dev\/wp-content\/uploads\/sites\/11\/2023\/05\/Depositphotos_66601307_XL_resultat.webp\"><img decoding=\"async\" width=\"1024\" height=\"683\" src=\"https:\/\/www.normandieyport.geek-tonic.dev\/wp-content\/uploads\/sites\/11\/2023\/05\/Depositphotos_66601307_XL_resultat-1024x683.webp\" alt=\"Kinderh&#xE4;nde halten keimende Samen in der Sonne auf dem Campingplatz Flowers la Chenaie\" class=\"wp-image-2110\" srcset=\"https:\/\/normandieyport.geek-tonic.dev\/wp-content\/uploads\/sites\/11\/2023\/05\/Depositphotos_66601307_XL_resultat-1024x683.webp 1024w, https:\/\/normandieyport.geek-tonic.dev\/wp-content\/uploads\/sites\/11\/2023\/05\/Depositphotos_66601307_XL_resultat-300x200.webp 300w, https:\/\/normandieyport.geek-tonic.dev\/wp-content\/uploads\/sites\/11\/2023\/05\/Depositphotos_66601307_XL_resultat-768x512.webp 768w, https:\/\/normandieyport.geek-tonic.dev\/wp-content\/uploads\/sites\/11\/2023\/05\/Depositphotos_66601307_XL_resultat-1536x1024.webp 1536w, https:\/\/normandieyport.geek-tonic.dev\/wp-content\/uploads\/sites\/11\/2023\/05\/Depositphotos_66601307_XL_resultat.webp 1800w\" sizes=\"(max-width: 1024px) 100vw, 1024px\" \/><\/a><\/figure>\n<\/div>\n\n\n\n<div class=\"wp-block-column is-vertically-aligned-center second animated fadeInRight slow is-layout-flow wp-block-column-is-layout-flow\" style=\"flex-basis:55%\">\n<h2 class=\"ls__heading wp-block-heading\">Unser \u00f6kologisches Engagement auf dem Campingplatz<\/h2>\n\n\n\n<p class=\"ls-paragraph\">Der Campingplatz La Ch\u00eanaie ist nicht nur mit der Blume, sondern auch mit den G\u00fctesiegeln<strong> &#8222;Cl\u00e9 verte&#8220; und &#8222;Qualit\u00e9 Tourisme&#8220;<\/strong> ausgezeichnet worden.<\/p>\n\n\n\n<p class=\"ls-paragraph\">Das <strong>&#8222;Green Key&#8220;-Label <\/strong>ist eine <strong>internationale Umweltzertifizierung<\/strong>, die Campingpl\u00e4tze dazu anregt, umweltfreundliche <strong>Praktiken<\/strong> anzuwenden. Diese Campingpl\u00e4tze verpflichten sich, ihre Auswirkungen auf die Umwelt durch Ma\u00dfnahmen wie Abfallvermeidung, verantwortungsvollen Umgang mit Wasser und Energie und die Verwendung umweltfreundlicher Produkte zu begrenzen.<\/p>\n\n\n\n<p class=\"ls-paragraph\">Das <strong> G\u00fctesiegel &#8222;Qualit\u00e9 Tourisme<\/strong> &#8220; ist eine franz\u00f6sische Zertifizierung<strong>, die an Campingpl\u00e4tze vergeben wird, die ein hochwertiges touristisches Erlebnis bieten<\/strong>. Campingpl\u00e4tze, die das G\u00fctesiegel &#8222;Qualit\u00e9 Tourisme&#8220; tragen, werden nach Kriterien wie Empfang, Sauberkeit, Service und Sicherheit bewertet.<br\/><br\/>Die Wahl eines Campingplatzes mit den G\u00fctesiegeln &#8222;Cl\u00e9 Verte&#8220; und &#8222;Qualit\u00e9 Tourisme&#8220; ist die ideale Wahl, denn sie verspricht einen <strong>lang anhaltenden und erfolgreichen Urlaub<\/strong>. Die Kombination dieser G\u00fctesiegel garantiert die Umsetzung <strong>\u00f6kologischer Ma\u00dfnahmen<\/strong> bei gleichzeitiger Wahrung des Komforts der Camper.  <\/p>\n<\/div>\n<\/div>\n\n\r\n    <\/div>\r\n<\/section><section id=\"ls-section-block_acf1a33f123d073f2ccaf2a9c01e3ec9\" class=\"ls-section  page-maillage experience\" >\r\n        <div class=\"container container--wide\">\r\n        \n\n<div id=\"ls-heading ls-titre-div-block_38ef28c574a6caf4561e73164e502fcb\" class=\"ls-titre-div aligncenter h2-like\" >\n    Entdecken Sie unsere Dienstleistungen, unser Engagement und unseren Pool<\/div>\n\n\n<div id=\"ls-maillage-block_10b14c790d749d26ff6c08cda5b91b3f\" class=\"ls-maillage cta-style-normal\" data-rows=\"3\">\n    <div class=\"wp-block-columns\"><div class=\"wp-block-column\"><div id=\"destinations\" class=\"ls-cta\">\n\n<a href=\"https:\/\/normandieyport.geek-tonic.dev\/de\/camping-schwimmbad-beheizt-yport\/\" target=\"\" rel=\"noopener\" class=\"ls-cta__link\">\n\n\t<div class=\"ls-cta__image\"><img decoding=\"async\" src=\"https:\/\/normandieyport.geek-tonic.dev\/wp-content\/uploads\/sites\/11\/2023\/05\/AdobeStock_516247864_resultat.webp\" alt=\"Kind mit Hut und Brille vergn\u00fcgt sich im Schwimmbad von La Chenaie\"><\/div>\n\t<div class=\"ls-cta__title\">\n\t\tUnser Pool\t<\/div>\n\n\t\t\n<\/a><\/div><\/div><div class=\"wp-block-column\"><div id=\"destinations\" class=\"ls-cta\">\n\n<a href=\"https:\/\/normandieyport.geek-tonic.dev\/de\/campingplatz-familie-yport\/\" target=\"\" rel=\"noopener\" class=\"ls-cta__link\">\n\n\t<div class=\"ls-cta__image\"><img decoding=\"async\" src=\"https:\/\/normandieyport.geek-tonic.dev\/wp-content\/uploads\/sites\/11\/2023\/05\/enfant-camping-voiture-pleine-vacances.webp\" alt=\"Kindercamping Auto voller Urlaub komplette Campingausr\u00fcstung\"><\/div>\n\t<div class=\"ls-cta__title\">\n\t\tUnsere Dienstleistungen\t<\/div>\n\n\t\t\n<\/a><\/div><\/div><div class=\"wp-block-column\"><div id=\"destinations\" class=\"ls-cta\">\n\n<a href=\"https:\/\/normandieyport.geek-tonic.dev\/de\/campingplatz-okologischer-yport\/\" target=\"\" rel=\"noopener\" class=\"ls-cta__link\">\n\n\t<div class=\"ls-cta__image\"><img decoding=\"async\" src=\"https:\/\/normandieyport.geek-tonic.dev\/wp-content\/uploads\/sites\/11\/2023\/04\/camping-yport.webp\" alt=\"camping yport\"><\/div>\n\t<div class=\"ls-cta__title\">\n\t\tUnser Engagement\t<\/div>\n\n\t\t\n<\/a><\/div><\/div><\/div><\/div>\n\r\n    <\/div>\r\n<\/section>","protected":false},"excerpt":{"rendered":"","protected":false},"author":1,"featured_media":2092,"parent":0,"menu_order":0,"comment_status":"closed","ping_status":"closed","template":"","meta":{"_acf_changed":false,"footnotes":""},"sujet":[],"class_list":["post-3518","page","type-page","status-publish","has-post-thumbnail","hentry"],"acf":[],"yoast_head":"<!-- This site is optimized with the Yoast SEO plugin v23.9 - https:\/\/yoast.com\/wordpress\/plugins\/seo\/ -->\n<title>\u00d6kologisches Camping in Seine-Maritime | Camping Flower Yport<\/title>\n<meta name=\"robots\" content=\"noindex, follow, max-snippet:-1, max-image-preview:large, max-video-preview:-1\" \/>\n<meta property=\"og:locale\" content=\"de_DE\" \/>\n<meta property=\"og:type\" content=\"article\" \/>\n<meta property=\"og:title\" content=\"\u00d6kologisches Camping in Seine-Maritime | Camping Flower Yport\" \/>\n<meta property=\"og:url\" content=\"https:\/\/normandieyport.geek-tonic.dev\/de\/campingplatz-okologischer-yport\/\" \/>\n<meta property=\"og:site_name\" content=\"La Chenaie\" \/>\n<meta property=\"article:modified_time\" content=\"2024-03-27T11:03:40+00:00\" \/>\n<meta property=\"og:image\" content=\"https:\/\/normandieyport.geek-tonic.dev\/wp-content\/uploads\/sites\/11\/2023\/05\/Etretats-falaises-seine-maritime-3.webp\" \/>\n\t<meta property=\"og:image:width\" content=\"1920\" \/>\n\t<meta property=\"og:image:height\" content=\"985\" \/>\n\t<meta property=\"og:image:type\" content=\"image\/webp\" \/>\n<meta name=\"twitter:card\" content=\"summary_large_image\" \/>\n<meta name=\"twitter:label1\" content=\"Gesch\u00e4tzte Lesezeit\" \/>\n\t<meta name=\"twitter:data1\" content=\"2\u00a0Minuten\" \/>\n<script type=\"application\/ld+json\" class=\"yoast-schema-graph\">{\"@context\":\"https:\/\/schema.org\",\"@graph\":[{\"@type\":\"WebPage\",\"@id\":\"https:\/\/normandieyport.geek-tonic.dev\/de\/campingplatz-okologischer-yport\/\",\"url\":\"https:\/\/normandieyport.geek-tonic.dev\/de\/campingplatz-okologischer-yport\/\",\"name\":\"\u00d6kologisches Camping in Seine-Maritime | Camping Flower Yport\",\"isPartOf\":{\"@id\":\"https:\/\/normandieyport.geek-tonic.dev\/de\/#website\"},\"primaryImageOfPage\":{\"@id\":\"https:\/\/normandieyport.geek-tonic.dev\/de\/campingplatz-okologischer-yport\/#primaryimage\"},\"image\":{\"@id\":\"https:\/\/normandieyport.geek-tonic.dev\/de\/campingplatz-okologischer-yport\/#primaryimage\"},\"thumbnailUrl\":\"https:\/\/normandieyport.geek-tonic.dev\/wp-content\/uploads\/sites\/11\/2023\/05\/Etretats-falaises-seine-maritime-3.webp\",\"datePublished\":\"2023-05-25T08:07:09+00:00\",\"dateModified\":\"2024-03-27T11:03:40+00:00\",\"breadcrumb\":{\"@id\":\"https:\/\/normandieyport.geek-tonic.dev\/de\/campingplatz-okologischer-yport\/#breadcrumb\"},\"inLanguage\":\"de\",\"potentialAction\":[{\"@type\":\"ReadAction\",\"target\":[\"https:\/\/normandieyport.geek-tonic.dev\/de\/campingplatz-okologischer-yport\/\"]}]},{\"@type\":\"ImageObject\",\"inLanguage\":\"de\",\"@id\":\"https:\/\/normandieyport.geek-tonic.dev\/de\/campingplatz-okologischer-yport\/#primaryimage\",\"url\":\"https:\/\/normandieyport.geek-tonic.dev\/wp-content\/uploads\/sites\/11\/2023\/05\/Etretats-falaises-seine-maritime-3.webp\",\"contentUrl\":\"https:\/\/normandieyport.geek-tonic.dev\/wp-content\/uploads\/sites\/11\/2023\/05\/Etretats-falaises-seine-maritime-3.webp\",\"width\":1920,\"height\":985,\"caption\":\"Barke am Strand von Galet d'Yport in der N\u00e4he des Campingplatzes flower la chenaie\"},{\"@type\":\"BreadcrumbList\",\"@id\":\"https:\/\/normandieyport.geek-tonic.dev\/de\/campingplatz-okologischer-yport\/#breadcrumb\",\"itemListElement\":[{\"@type\":\"ListItem\",\"position\":1,\"name\":\"Camping Normandie\",\"item\":\"https:\/\/normandieyport.geek-tonic.dev\/de\/\"},{\"@type\":\"ListItem\",\"position\":2,\"name\":\"Camping Blume in Yport\"}]},{\"@type\":\"WebSite\",\"@id\":\"https:\/\/normandieyport.geek-tonic.dev\/de\/#website\",\"url\":\"https:\/\/normandieyport.geek-tonic.dev\/de\/\",\"name\":\"La Chenaie\",\"description\":\"\",\"publisher\":{\"@id\":\"https:\/\/normandieyport.geek-tonic.dev\/de\/#organization\"},\"potentialAction\":[{\"@type\":\"SearchAction\",\"target\":{\"@type\":\"EntryPoint\",\"urlTemplate\":\"https:\/\/normandieyport.geek-tonic.dev\/de\/?s={search_term_string}\"},\"query-input\":{\"@type\":\"PropertyValueSpecification\",\"valueRequired\":true,\"valueName\":\"search_term_string\"}}],\"inLanguage\":\"de\"},{\"@type\":\"Organization\",\"@id\":\"https:\/\/normandieyport.geek-tonic.dev\/de\/#organization\",\"name\":\"La Chenaie\",\"url\":\"https:\/\/normandieyport.geek-tonic.dev\/de\/\",\"logo\":{\"@type\":\"ImageObject\",\"inLanguage\":\"de\",\"@id\":\"https:\/\/normandieyport.geek-tonic.dev\/de\/#\/schema\/logo\/image\/\",\"url\":\"https:\/\/normandieyport.geek-tonic.dev\/wp-content\/uploads\/sites\/11\/2024\/03\/cropped-logo-Flower-camping-La-chenaie.png\",\"contentUrl\":\"https:\/\/normandieyport.geek-tonic.dev\/wp-content\/uploads\/sites\/11\/2024\/03\/cropped-logo-Flower-camping-La-chenaie.png\",\"width\":500,\"height\":660,\"caption\":\"La Chenaie\"},\"image\":{\"@id\":\"https:\/\/normandieyport.geek-tonic.dev\/de\/#\/schema\/logo\/image\/\"}}]}<\/script>\n<!-- \/ Yoast SEO plugin. -->","yoast_head_json":{"title":"\u00d6kologisches Camping in Seine-Maritime | Camping Flower Yport","robots":{"index":"noindex","follow":"follow","max-snippet":"max-snippet:-1","max-image-preview":"max-image-preview:large","max-video-preview":"max-video-preview:-1"},"og_locale":"de_DE","og_type":"article","og_title":"\u00d6kologisches Camping in Seine-Maritime | Camping Flower Yport","og_url":"https:\/\/normandieyport.geek-tonic.dev\/de\/campingplatz-okologischer-yport\/","og_site_name":"La Chenaie","article_modified_time":"2024-03-27T11:03:40+00:00","og_image":[{"width":1920,"height":985,"url":"https:\/\/normandieyport.geek-tonic.dev\/wp-content\/uploads\/sites\/11\/2023\/05\/Etretats-falaises-seine-maritime-3.webp","type":"image\/webp"}],"twitter_card":"summary_large_image","twitter_misc":{"Gesch\u00e4tzte Lesezeit":"2\u00a0Minuten"},"schema":{"@context":"https:\/\/schema.org","@graph":[{"@type":"WebPage","@id":"https:\/\/normandieyport.geek-tonic.dev\/de\/campingplatz-okologischer-yport\/","url":"https:\/\/normandieyport.geek-tonic.dev\/de\/campingplatz-okologischer-yport\/","name":"\u00d6kologisches Camping in Seine-Maritime | Camping Flower Yport","isPartOf":{"@id":"https:\/\/normandieyport.geek-tonic.dev\/de\/#website"},"primaryImageOfPage":{"@id":"https:\/\/normandieyport.geek-tonic.dev\/de\/campingplatz-okologischer-yport\/#primaryimage"},"image":{"@id":"https:\/\/normandieyport.geek-tonic.dev\/de\/campingplatz-okologischer-yport\/#primaryimage"},"thumbnailUrl":"https:\/\/normandieyport.geek-tonic.dev\/wp-content\/uploads\/sites\/11\/2023\/05\/Etretats-falaises-seine-maritime-3.webp","datePublished":"2023-05-25T08:07:09+00:00","dateModified":"2024-03-27T11:03:40+00:00","breadcrumb":{"@id":"https:\/\/normandieyport.geek-tonic.dev\/de\/campingplatz-okologischer-yport\/#breadcrumb"},"inLanguage":"de","potentialAction":[{"@type":"ReadAction","target":["https:\/\/normandieyport.geek-tonic.dev\/de\/campingplatz-okologischer-yport\/"]}]},{"@type":"ImageObject","inLanguage":"de","@id":"https:\/\/normandieyport.geek-tonic.dev\/de\/campingplatz-okologischer-yport\/#primaryimage","url":"https:\/\/normandieyport.geek-tonic.dev\/wp-content\/uploads\/sites\/11\/2023\/05\/Etretats-falaises-seine-maritime-3.webp","contentUrl":"https:\/\/normandieyport.geek-tonic.dev\/wp-content\/uploads\/sites\/11\/2023\/05\/Etretats-falaises-seine-maritime-3.webp","width":1920,"height":985,"caption":"Barke am Strand von Galet d'Yport in der N\u00e4he des Campingplatzes flower la chenaie"},{"@type":"BreadcrumbList","@id":"https:\/\/normandieyport.geek-tonic.dev\/de\/campingplatz-okologischer-yport\/#breadcrumb","itemListElement":[{"@type":"ListItem","position":1,"name":"Camping Normandie","item":"https:\/\/normandieyport.geek-tonic.dev\/de\/"},{"@type":"ListItem","position":2,"name":"Camping Blume in Yport"}]},{"@type":"WebSite","@id":"https:\/\/normandieyport.geek-tonic.dev\/de\/#website","url":"https:\/\/normandieyport.geek-tonic.dev\/de\/","name":"La Chenaie","description":"","publisher":{"@id":"https:\/\/normandieyport.geek-tonic.dev\/de\/#organization"},"potentialAction":[{"@type":"SearchAction","target":{"@type":"EntryPoint","urlTemplate":"https:\/\/normandieyport.geek-tonic.dev\/de\/?s={search_term_string}"},"query-input":{"@type":"PropertyValueSpecification","valueRequired":true,"valueName":"search_term_string"}}],"inLanguage":"de"},{"@type":"Organization","@id":"https:\/\/normandieyport.geek-tonic.dev\/de\/#organization","name":"La Chenaie","url":"https:\/\/normandieyport.geek-tonic.dev\/de\/","logo":{"@type":"ImageObject","inLanguage":"de","@id":"https:\/\/normandieyport.geek-tonic.dev\/de\/#\/schema\/logo\/image\/","url":"https:\/\/normandieyport.geek-tonic.dev\/wp-content\/uploads\/sites\/11\/2024\/03\/cropped-logo-Flower-camping-La-chenaie.png","contentUrl":"https:\/\/normandieyport.geek-tonic.dev\/wp-content\/uploads\/sites\/11\/2024\/03\/cropped-logo-Flower-camping-La-chenaie.png","width":500,"height":660,"caption":"La Chenaie"},"image":{"@id":"https:\/\/normandieyport.geek-tonic.dev\/de\/#\/schema\/logo\/image\/"}}]}},"_links":{"self":[{"href":"https:\/\/normandieyport.geek-tonic.dev\/de\/wp-json\/wp\/v2\/pages\/3518","targetHints":{"allow":["GET"]}}],"collection":[{"href":"https:\/\/normandieyport.geek-tonic.dev\/de\/wp-json\/wp\/v2\/pages"}],"about":[{"href":"https:\/\/normandieyport.geek-tonic.dev\/de\/wp-json\/wp\/v2\/types\/page"}],"author":[{"embeddable":true,"href":"https:\/\/normandieyport.geek-tonic.dev\/de\/wp-json\/wp\/v2\/users\/1"}],"replies":[{"embeddable":true,"href":"https:\/\/normandieyport.geek-tonic.dev\/de\/wp-json\/wp\/v2\/comments?post=3518"}],"version-history":[{"count":3,"href":"https:\/\/normandieyport.geek-tonic.dev\/de\/wp-json\/wp\/v2\/pages\/3518\/revisions"}],"predecessor-version":[{"id":3784,"href":"https:\/\/normandieyport.geek-tonic.dev\/de\/wp-json\/wp\/v2\/pages\/3518\/revisions\/3784"}],"wp:featuredmedia":[{"embeddable":true,"href":"https:\/\/normandieyport.geek-tonic.dev\/de\/wp-json\/wp\/v2\/media\/2092"}],"wp:attachment":[{"href":"https:\/\/normandieyport.geek-tonic.dev\/de\/wp-json\/wp\/v2\/media?parent=3518"}],"wp:term":[{"taxonomy":"sujet","embeddable":true,"href":"https:\/\/normandieyport.geek-tonic.dev\/de\/wp-json\/wp\/v2\/sujet?post=3518"}],"curies":[{"name":"wp","href":"https:\/\/api.w.org\/{rel}","templated":true}]}}