{"id":3516,"date":"2023-05-25T11:43:24","date_gmt":"2023-05-25T09:43:24","guid":{"rendered":"https:\/\/www.normandieyport.geek-tonic.dev\/campingplatz-animationen-yport\/"},"modified":"2024-05-29T12:19:28","modified_gmt":"2024-05-29T10:19:28","slug":"camping-animations-yport","status":"publish","type":"page","link":"https:\/\/normandieyport.geek-tonic.dev\/de\/camping-animations-yport\/","title":{"rendered":"Nos loisirs sur place"},"content":{"rendered":"<section id=\"ls-section-block_37f118a8d68200442738b70e323004d2\" class=\"ls-section  page-one has-background has-color-4-background-color has-m-t m-t-0 has-m-b m-b-0 has-p-t p-t-14 has-p-b p-b-14\" >\r\n        <div class=\"container container--wide\">\r\n        \n\n<div class=\"wp-block-columns are-vertically-aligned-center is-layout-flex wp-container-core-columns-is-layout-1 wp-block-columns-is-layout-flex\">\n<div class=\"wp-block-column is-vertically-aligned-center animated fadeInLeft delay-100ms slow is-layout-flow wp-block-column-is-layout-flow\" style=\"flex-basis:45%\">\n<figure class=\"wp-block-image size-full\"><a href=\"https:\/\/www.normandieyport.geek-tonic.dev\/wp-content\/uploads\/sites\/11\/2023\/05\/AdobeStock_147277025_resultat.webp\"><img decoding=\"async\" width=\"1024\" height=\"683\" src=\"https:\/\/www.normandieyport.geek-tonic.dev\/wp-content\/uploads\/sites\/11\/2023\/05\/AdobeStock_147277025_resultat.webp\" alt=\"AdobeStock 147277025 ergebnis\" class=\"wp-image-1877\" srcset=\"https:\/\/normandieyport.geek-tonic.dev\/wp-content\/uploads\/sites\/11\/2023\/05\/AdobeStock_147277025_resultat.webp 1024w, https:\/\/normandieyport.geek-tonic.dev\/wp-content\/uploads\/sites\/11\/2023\/05\/AdobeStock_147277025_resultat-300x200.webp 300w, https:\/\/normandieyport.geek-tonic.dev\/wp-content\/uploads\/sites\/11\/2023\/05\/AdobeStock_147277025_resultat-768x512.webp 768w\" sizes=\"(max-width: 1024px) 100vw, 1024px\" \/><\/a><\/figure>\n<\/div>\n\n\n\n<div class=\"wp-block-column is-vertically-aligned-center animated fadeInRight slow is-layout-flow wp-block-column-is-layout-flow\" style=\"flex-basis:55%\">\n<h1 class=\"ls__heading wp-block-heading has-text-align-left\">Camping mit Unterhaltung in Seine-Maritime<\/h1>\n\n\n\n<h2 class=\"ls__heading wp-block-heading\">Kinderclub<\/h2>\n\n\n\n<p class=\"ls-paragraph\">Les enfants seront rois dans notre <strong>camping avec club enfant.<\/strong> Notre \u00e9quipe d&#8217;animation professionnelle proposera une <strong>multitude d&#8217;activit\u00e9s pour enfants<\/strong> pour les occuper tout au long de leur s\u00e9jour.<\/p>\n\n\n\n<p class=\"ls-paragraph\">Le <strong>club enfant <\/strong>est <strong>gratuit<\/strong> et accessible aux enfants de <strong>5 \u00e0 12 ans<\/strong>. Il est ouvert du lundi au vendredi de 8h \u00e0 12h. De la pr\u00e9paration de spectacle en passant par les jeux collectifs et les ateliers maquillage, nos programmes sont con\u00e7us pour \u00e9veiller leur <strong>imagination<\/strong> et leur <strong>cr\u00e9ativit\u00e9<\/strong>. Les parents pourront se d\u00e9tendre en toute tranquillit\u00e9 pendant que leurs enfants s&#8217;amusent en s\u00e9curit\u00e9.<\/p>\n<\/div>\n<\/div>\n\n\r\n    <\/div>\r\n<\/section><section id=\"ls-section-block_f0dec532c28c987f87cc3a6ede2d9393\" class=\"ls-section  home-gallery has-background has-color-4-background-color has-m-t m-t-0 has-p-t p-t-0\" >\r\n        <div class=\"container container--full\">\r\n        \n\n<figure class=\"wp-block-gallery has-nested-images columns-1 is-cropped galerie-slider-container wp-block-gallery-1 is-layout-flex wp-block-gallery-is-layout-flex\">\n<figure class=\"wp-block-image size-full\"><a href=\"https:\/\/www.normandieyport.geek-tonic.dev\/wp-content\/uploads\/sites\/11\/2023\/05\/animations-enfants-colmars.webp\"><img decoding=\"async\" width=\"900\" height=\"600\" src=\"https:\/\/www.normandieyport.geek-tonic.dev\/wp-content\/uploads\/sites\/11\/2023\/05\/animations-enfants-colmars.webp\" alt=\"Kinder unter einer farbenfrohen Fallschirmplane im Gras spielend Blumen cmaping la chenaie\" class=\"wp-image-2503\" srcset=\"https:\/\/normandieyport.geek-tonic.dev\/wp-content\/uploads\/sites\/11\/2023\/05\/animations-enfants-colmars.webp 900w, https:\/\/normandieyport.geek-tonic.dev\/wp-content\/uploads\/sites\/11\/2023\/05\/animations-enfants-colmars-300x200.webp 300w, https:\/\/normandieyport.geek-tonic.dev\/wp-content\/uploads\/sites\/11\/2023\/05\/animations-enfants-colmars-768x512.webp 768w\" sizes=\"(max-width: 900px) 100vw, 900px\" \/><\/a><\/figure>\n\n\n\n<figure class=\"wp-block-image size-full\"><a href=\"https:\/\/www.normandieyport.geek-tonic.dev\/wp-content\/uploads\/sites\/11\/2023\/05\/chateau-gonflable-camping-la-chenaie.webp\"><img decoding=\"async\" width=\"2016\" height=\"1512\" src=\"https:\/\/www.normandieyport.geek-tonic.dev\/wp-content\/uploads\/sites\/11\/2023\/05\/chateau-gonflable-camping-la-chenaie.webp\" alt=\"h&#xFC;pfburg camping la chenaie\" class=\"wp-image-2541\" srcset=\"https:\/\/normandieyport.geek-tonic.dev\/wp-content\/uploads\/sites\/11\/2023\/05\/chateau-gonflable-camping-la-chenaie.webp 2016w, https:\/\/normandieyport.geek-tonic.dev\/wp-content\/uploads\/sites\/11\/2023\/05\/chateau-gonflable-camping-la-chenaie-300x225.webp 300w, https:\/\/normandieyport.geek-tonic.dev\/wp-content\/uploads\/sites\/11\/2023\/05\/chateau-gonflable-camping-la-chenaie-1024x768.webp 1024w, https:\/\/normandieyport.geek-tonic.dev\/wp-content\/uploads\/sites\/11\/2023\/05\/chateau-gonflable-camping-la-chenaie-768x576.webp 768w, https:\/\/normandieyport.geek-tonic.dev\/wp-content\/uploads\/sites\/11\/2023\/05\/chateau-gonflable-camping-la-chenaie-1536x1152.webp 1536w\" sizes=\"(max-width: 2016px) 100vw, 2016px\" \/><\/a><\/figure>\n\n\n\n<figure class=\"wp-block-image size-full\"><a href=\"https:\/\/www.normandieyport.geek-tonic.dev\/wp-content\/uploads\/sites\/11\/2023\/05\/club-enfants-flower-camping-lac-de-la-chausseliere-1229x730-1.jpg\"><img decoding=\"async\" width=\"1229\" height=\"730\" src=\"https:\/\/www.normandieyport.geek-tonic.dev\/wp-content\/uploads\/sites\/11\/2023\/05\/club-enfants-flower-camping-lac-de-la-chausseliere-1229x730-1.jpg\" alt=\"club enfants flower camping lflower la chenaie\" class=\"wp-image-2486\" srcset=\"https:\/\/normandieyport.geek-tonic.dev\/wp-content\/uploads\/sites\/11\/2023\/05\/club-enfants-flower-camping-lac-de-la-chausseliere-1229x730-1.jpg 1229w, https:\/\/normandieyport.geek-tonic.dev\/wp-content\/uploads\/sites\/11\/2023\/05\/club-enfants-flower-camping-lac-de-la-chausseliere-1229x730-1-300x178.jpg 300w, https:\/\/normandieyport.geek-tonic.dev\/wp-content\/uploads\/sites\/11\/2023\/05\/club-enfants-flower-camping-lac-de-la-chausseliere-1229x730-1-1024x608.jpg 1024w, https:\/\/normandieyport.geek-tonic.dev\/wp-content\/uploads\/sites\/11\/2023\/05\/club-enfants-flower-camping-lac-de-la-chausseliere-1229x730-1-768x456.jpg 768w\" sizes=\"(max-width: 1229px) 100vw, 1229px\" \/><\/a><\/figure>\n<\/figure>\n\n\r\n    <\/div>\r\n<\/section><section id=\"ls-section-block_25b913bc428f4db0ffee799e1a0ccce3\" class=\"ls-section  page-one animated fadeInUp slow  has-m-t m-t-0 has-m-b m-b-0 has-p-t p-t-5 has-p-b p-b-5\" >\r\n        <div class=\"container container--wide\">\r\n        \n\n<h2 class=\"ls__heading wp-block-heading has-text-align-center\">Unsere Familienveranstaltungen in Yport<\/h2>\n\n\n\n<p class=\"ls-paragraph has-text-align-center\">Durant tout l&#8217;\u00e9t\u00e9, notre <a href=\"https:\/\/www.normandieyport.geek-tonic.dev\/de\/\">camping \u00e0 Yport<\/a> avec <strong>animations familiales<\/strong> vous fera vivre des <strong>moments inoubliables<\/strong>. Les activit\u00e9s \u00e0 faire en famille ne manquent pas dans notre \u00e9tablissement. Nous organisons divers loisirs \u00e0 vivre en famille qui amuseront m\u00eame les adolescents.<\/p>\n\n\n\n<p class=\"ls-paragraph has-text-align-center\">Von Montag bis Freitag k\u00f6nnen unsere Urlauber Olympische Spiele, verschiedene Sportwettbewerbe, P\u00e9tanque, Badminton, Abenteuerspiele und Wassersportarten genie\u00dfen. <\/p>\n\n\r\n    <\/div>\r\n<\/section><section id=\"ls-section-block_89b3aab687d9c7836d58c2da4c7b64d5\" class=\"ls-section  page-one aventure has-background has-color-3-background-color has-m-b m-b-0 has-p-t p-t-10 has-p-b p-b-10\" >\r\n        <div class=\"container container--wide\">\r\n        \n\n<div class=\"wp-block-columns are-vertically-aligned-center is-layout-flex wp-container-core-columns-is-layout-2 wp-block-columns-is-layout-flex\">\n<div class=\"wp-block-column is-vertically-aligned-center first animated fadeInLeft delay-100ms slow is-layout-flow wp-block-column-is-layout-flow\" style=\"flex-basis:45%\">\n<figure class=\"wp-block-image size-full\"><a href=\"https:\/\/www.normandieyport.geek-tonic.dev\/wp-content\/uploads\/sites\/11\/2023\/05\/soiree-chenaie-flower-camping-karaoke-animations-copie.webp\"><img decoding=\"async\" width=\"804\" height=\"804\" src=\"https:\/\/www.normandieyport.geek-tonic.dev\/wp-content\/uploads\/sites\/11\/2023\/05\/soiree-chenaie-flower-camping-karaoke-animations-copie.webp\" alt=\"soiree chenaie Blume Camping Karaoke-Animationen kopieren\" class=\"wp-image-2536\" srcset=\"https:\/\/normandieyport.geek-tonic.dev\/wp-content\/uploads\/sites\/11\/2023\/05\/soiree-chenaie-flower-camping-karaoke-animations-copie.webp 804w, https:\/\/normandieyport.geek-tonic.dev\/wp-content\/uploads\/sites\/11\/2023\/05\/soiree-chenaie-flower-camping-karaoke-animations-copie-300x300.webp 300w, https:\/\/normandieyport.geek-tonic.dev\/wp-content\/uploads\/sites\/11\/2023\/05\/soiree-chenaie-flower-camping-karaoke-animations-copie-150x150.webp 150w, https:\/\/normandieyport.geek-tonic.dev\/wp-content\/uploads\/sites\/11\/2023\/05\/soiree-chenaie-flower-camping-karaoke-animations-copie-768x768.webp 768w\" sizes=\"(max-width: 804px) 100vw, 804px\" \/><\/a><\/figure>\n<\/div>\n\n\n\n<div class=\"wp-block-column is-vertically-aligned-center second animated fadeInRight slow is-layout-flow wp-block-column-is-layout-flow\" style=\"flex-basis:55%\">\n<h2 class=\"ls__heading wp-block-heading\">Nehmen Sie an der Abendunterhaltung auf dem Campingplatz teil<\/h2>\n\n\n\n<p class=\"ls-paragraph\">Profitez d&#8216;<strong>instants festifs<\/strong> dans notre <strong>camping avec animations en soir\u00e9e<\/strong>, avec des soir\u00e9es dansantes, quizz, concerts, karaok\u00e9s, lotos et kerm\u00e8s pour les adultes, ainsi que de nombreux spectacles pour enfants.<\/p>\n\n\n\n<p class=\"ls-paragraph\">Du lundi au vendredi, de 20h30 \u00e0 22h30, vous pourrez vous divertir avec <strong>3 \u00e0 4 soir\u00e9es anim\u00e9es par semaine<\/strong>. Nos animations sont con\u00e7ues pour plaire \u00e0 tous les \u00e2ges et tous les go\u00fbts, pour que chacun puisse passer un bon moment.<\/p>\n<\/div>\n<\/div>\n\n\r\n    <\/div>\r\n<\/section><section id=\"ls-section-block_94ec3055659d9ed98a9eb60055b33087\" class=\"ls-section  home-first page-one has-background has-color-4-background-color has-m-t m-t-0 has-m-b m-b-0 has-p-t p-t-10 has-p-b p-b-10\" >\r\n        <div class=\"container container--wide\">\r\n        \n\n<div class=\"wp-block-columns are-vertically-aligned-center is-layout-flex wp-container-core-columns-is-layout-3 wp-block-columns-is-layout-flex\">\n<div class=\"wp-block-column is-vertically-aligned-center first  animated fadeInLeft slow is-layout-flow wp-block-column-is-layout-flow\" style=\"flex-basis:55%\">\n<h2 class=\"ls__heading wp-block-heading\">Campingplatz mit Sportanlagen in Seine-Maritime<\/h2>\n\n\n\n<p class=\"ls-paragraph\">Notre camping avec animations dispose aussi d&#8216;<strong>infrastructures sportives<\/strong> gr\u00e2ce auxquelles vous pourrez vous d\u00e9penser pendant vos vacances. Nos <strong>terrains de sport<\/strong> seront des occasions id\u00e9ales pour pratiquer diverses <strong>activit\u00e9s sportives en famille ou entre amis<\/strong>. Vous pourrez notamment profiter d&#8217;un <strong>boulodrome <\/strong>et d&#8217;un <strong>terrain de volleyball<\/strong>.<\/p>\n<\/div>\n\n\n\n<div class=\"wp-block-column is-vertically-aligned-center second animated fadeInRight delay-100ms slow is-layout-flow wp-block-column-is-layout-flow\" style=\"flex-basis:45%\">\n<figure class=\"wp-block-image size-large\"><a href=\"https:\/\/www.normandieyport.geek-tonic.dev\/wp-content\/uploads\/sites\/11\/2023\/05\/petanque_resultat-1.webp\"><img decoding=\"async\" width=\"1024\" height=\"1024\" src=\"https:\/\/www.normandieyport.geek-tonic.dev\/wp-content\/uploads\/sites\/11\/2023\/05\/petanque_resultat-1-1024x1024.webp\" alt=\"Petanque-Kugeln auf dem Blumencampingplatz la chenaie&#10;\" class=\"wp-image-2565\" srcset=\"https:\/\/normandieyport.geek-tonic.dev\/wp-content\/uploads\/sites\/11\/2023\/05\/petanque_resultat-1-1024x1024.webp 1024w, https:\/\/normandieyport.geek-tonic.dev\/wp-content\/uploads\/sites\/11\/2023\/05\/petanque_resultat-1-300x300.webp 300w, https:\/\/normandieyport.geek-tonic.dev\/wp-content\/uploads\/sites\/11\/2023\/05\/petanque_resultat-1-150x150.webp 150w, https:\/\/normandieyport.geek-tonic.dev\/wp-content\/uploads\/sites\/11\/2023\/05\/petanque_resultat-1-768x768.webp 768w, https:\/\/normandieyport.geek-tonic.dev\/wp-content\/uploads\/sites\/11\/2023\/05\/petanque_resultat-1.webp 1200w\" sizes=\"(max-width: 1024px) 100vw, 1024px\" \/><\/a><\/figure>\n<\/div>\n<\/div>\n\n\r\n    <\/div>\r\n<\/section><section id=\"ls-section-block_bb0178155f3e9bd8ab3e1b3cd300657d\" class=\"ls-section  page-maillage experience\" >\r\n        <div class=\"container container--wide\">\r\n        \n\n<div id=\"ls-heading ls-titre-div-block_5eac8068939b264fab431356e373c96e\" class=\"ls-titre-div aligncenter h2-like\" >\n    Entdecken Sie unsere Dienstleistungen, Unterk\u00fcnfte und Standorte<\/div>\n\n\n<div id=\"ls-maillage-block_b6753012f6b5f32207cbb03286e2a213\" class=\"ls-maillage cta-style-normal\" data-rows=\"3\">\n    <div class=\"wp-block-columns\"><div class=\"wp-block-column\"><div id=\"destinations\" class=\"ls-cta\">\n\n<a href=\"https:\/\/normandieyport.geek-tonic.dev\/de\/campingplatz-familie-yport\/\" target=\"\" rel=\"noopener\" class=\"ls-cta__link\">\n\n\t<div class=\"ls-cta__image\"><img decoding=\"async\" src=\"https:\/\/normandieyport.geek-tonic.dev\/wp-content\/uploads\/sites\/11\/2023\/05\/enfant-camping-voiture-pleine-vacances.webp\" alt=\"Kindercamping Auto voller Urlaub komplette Campingausr\u00fcstung\"><\/div>\n\t<div class=\"ls-cta__title\">\n\t\tUnsere Dienstleistungen\t<\/div>\n\n\t\t\n<\/a><\/div><\/div><div class=\"wp-block-column\"><div id=\"destinations\" class=\"ls-cta\">\n\n<a href=\"https:\/\/normandieyport.geek-tonic.dev\/de\/standort-mobil-heimat-hafen\/\" target=\"\" rel=\"noopener\" class=\"ls-cta__link\">\n\n\t<div class=\"ls-cta__image\"><img decoding=\"async\" src=\"https:\/\/normandieyport.geek-tonic.dev\/wp-content\/uploads\/sites\/11\/2023\/04\/vacances-yport.webp\" alt=\"vermietung chalet yport\"><\/div>\n\t<div class=\"ls-cta__title\">\n\t\tUnsere Vermietungen\t<\/div>\n\n\t\t\n<\/a><\/div><\/div><div class=\"wp-block-column\"><div id=\"destinations\" class=\"ls-cta\">\n\n<a href=\"https:\/\/normandieyport.geek-tonic.dev\/de\/miet-stellplatz-yport\/\" target=\"\" rel=\"noopener\" class=\"ls-cta__link\">\n\n\t<div class=\"ls-cta__image\"><img decoding=\"async\" src=\"https:\/\/normandieyport.geek-tonic.dev\/wp-content\/uploads\/sites\/11\/2023\/05\/chenaie-5_resultat-1.webp\" alt=\"die stellpl\u00e4tze des campingplatzes la chenaie flower in yport\"><\/div>\n\t<div class=\"ls-cta__title\">\n\t\tUnsere Stellpl\u00e4tze\t<\/div>\n\n\t\t\n<\/a><\/div><\/div><\/div><\/div>\n\r\n    <\/div>\r\n<\/section>","protected":false},"excerpt":{"rendered":"","protected":false},"author":1,"featured_media":2518,"parent":0,"menu_order":0,"comment_status":"closed","ping_status":"closed","template":"","meta":{"_acf_changed":false,"footnotes":""},"sujet":[],"class_list":["post-3516","page","type-page","status-publish","has-post-thumbnail","hentry"],"acf":[],"yoast_head":"<!-- This site is optimized with the Yoast SEO plugin v23.9 - https:\/\/yoast.com\/wordpress\/plugins\/seo\/ -->\n<title>Camping animations Seine-Maritime | Camping activit\u00e9s \u00e0 Yport<\/title>\n<meta name=\"robots\" content=\"noindex, follow, max-snippet:-1, max-image-preview:large, max-video-preview:-1\" \/>\n<meta property=\"og:locale\" content=\"de_DE\" \/>\n<meta property=\"og:type\" content=\"article\" \/>\n<meta property=\"og:title\" content=\"Camping animations Seine-Maritime | Camping activit\u00e9s \u00e0 Yport\" \/>\n<meta property=\"og:url\" content=\"https:\/\/normandieyport.geek-tonic.dev\/de\/camping-animations-yport\/\" \/>\n<meta property=\"og:site_name\" content=\"La Chenaie\" \/>\n<meta property=\"article:modified_time\" content=\"2024-05-29T10:19:28+00:00\" \/>\n<meta property=\"og:image\" content=\"https:\/\/normandieyport.geek-tonic.dev\/wp-content\/uploads\/sites\/11\/2023\/05\/camping-aire-de-jeuxflower-chateau-gonflable.webp\" \/>\n\t<meta property=\"og:image:width\" content=\"1900\" \/>\n\t<meta property=\"og:image:height\" content=\"700\" \/>\n\t<meta property=\"og:image:type\" content=\"image\/webp\" \/>\n<meta name=\"twitter:card\" content=\"summary_large_image\" \/>\n<meta name=\"twitter:label1\" content=\"Gesch\u00e4tzte Lesezeit\" \/>\n\t<meta name=\"twitter:data1\" content=\"2\u00a0Minuten\" \/>\n<script type=\"application\/ld+json\" class=\"yoast-schema-graph\">{\"@context\":\"https:\/\/schema.org\",\"@graph\":[{\"@type\":\"WebPage\",\"@id\":\"https:\/\/normandieyport.geek-tonic.dev\/de\/camping-animations-yport\/\",\"url\":\"https:\/\/normandieyport.geek-tonic.dev\/de\/camping-animations-yport\/\",\"name\":\"Camping animations Seine-Maritime | Camping activit\u00e9s \u00e0 Yport\",\"isPartOf\":{\"@id\":\"https:\/\/normandieyport.geek-tonic.dev\/de\/#website\"},\"primaryImageOfPage\":{\"@id\":\"https:\/\/normandieyport.geek-tonic.dev\/de\/camping-animations-yport\/#primaryimage\"},\"image\":{\"@id\":\"https:\/\/normandieyport.geek-tonic.dev\/de\/camping-animations-yport\/#primaryimage\"},\"thumbnailUrl\":\"https:\/\/normandieyport.geek-tonic.dev\/wp-content\/uploads\/sites\/11\/2023\/05\/camping-aire-de-jeuxflower-chateau-gonflable.webp\",\"datePublished\":\"2023-05-25T09:43:24+00:00\",\"dateModified\":\"2024-05-29T10:19:28+00:00\",\"breadcrumb\":{\"@id\":\"https:\/\/normandieyport.geek-tonic.dev\/de\/camping-animations-yport\/#breadcrumb\"},\"inLanguage\":\"de\",\"potentialAction\":[{\"@type\":\"ReadAction\",\"target\":[\"https:\/\/normandieyport.geek-tonic.dev\/de\/camping-animations-yport\/\"]}]},{\"@type\":\"ImageObject\",\"inLanguage\":\"de\",\"@id\":\"https:\/\/normandieyport.geek-tonic.dev\/de\/camping-animations-yport\/#primaryimage\",\"url\":\"https:\/\/normandieyport.geek-tonic.dev\/wp-content\/uploads\/sites\/11\/2023\/05\/camping-aire-de-jeuxflower-chateau-gonflable.webp\",\"contentUrl\":\"https:\/\/normandieyport.geek-tonic.dev\/wp-content\/uploads\/sites\/11\/2023\/05\/camping-aire-de-jeuxflower-chateau-gonflable.webp\",\"width\":1900,\"height\":700,\"caption\":\"camping aire de jeuxflower chateau gonflable\"},{\"@type\":\"BreadcrumbList\",\"@id\":\"https:\/\/normandieyport.geek-tonic.dev\/de\/camping-animations-yport\/#breadcrumb\",\"itemListElement\":[{\"@type\":\"ListItem\",\"position\":1,\"name\":\"Camping Normandie\",\"item\":\"https:\/\/normandieyport.geek-tonic.dev\/de\/\"},{\"@type\":\"ListItem\",\"position\":2,\"name\":\"Camping avec activit\u00e9s \u00e0 Yport\"}]},{\"@type\":\"WebSite\",\"@id\":\"https:\/\/normandieyport.geek-tonic.dev\/de\/#website\",\"url\":\"https:\/\/normandieyport.geek-tonic.dev\/de\/\",\"name\":\"La Chenaie\",\"description\":\"\",\"publisher\":{\"@id\":\"https:\/\/normandieyport.geek-tonic.dev\/de\/#organization\"},\"potentialAction\":[{\"@type\":\"SearchAction\",\"target\":{\"@type\":\"EntryPoint\",\"urlTemplate\":\"https:\/\/normandieyport.geek-tonic.dev\/de\/?s={search_term_string}\"},\"query-input\":{\"@type\":\"PropertyValueSpecification\",\"valueRequired\":true,\"valueName\":\"search_term_string\"}}],\"inLanguage\":\"de\"},{\"@type\":\"Organization\",\"@id\":\"https:\/\/normandieyport.geek-tonic.dev\/de\/#organization\",\"name\":\"La Chenaie\",\"url\":\"https:\/\/normandieyport.geek-tonic.dev\/de\/\",\"logo\":{\"@type\":\"ImageObject\",\"inLanguage\":\"de\",\"@id\":\"https:\/\/normandieyport.geek-tonic.dev\/de\/#\/schema\/logo\/image\/\",\"url\":\"https:\/\/normandieyport.geek-tonic.dev\/wp-content\/uploads\/sites\/11\/2024\/03\/cropped-logo-Flower-camping-La-chenaie.png\",\"contentUrl\":\"https:\/\/normandieyport.geek-tonic.dev\/wp-content\/uploads\/sites\/11\/2024\/03\/cropped-logo-Flower-camping-La-chenaie.png\",\"width\":500,\"height\":660,\"caption\":\"La Chenaie\"},\"image\":{\"@id\":\"https:\/\/normandieyport.geek-tonic.dev\/de\/#\/schema\/logo\/image\/\"}}]}<\/script>\n<!-- \/ Yoast SEO plugin. -->","yoast_head_json":{"title":"Camping animations Seine-Maritime | Camping activit\u00e9s \u00e0 Yport","robots":{"index":"noindex","follow":"follow","max-snippet":"max-snippet:-1","max-image-preview":"max-image-preview:large","max-video-preview":"max-video-preview:-1"},"og_locale":"de_DE","og_type":"article","og_title":"Camping animations Seine-Maritime | Camping activit\u00e9s \u00e0 Yport","og_url":"https:\/\/normandieyport.geek-tonic.dev\/de\/camping-animations-yport\/","og_site_name":"La Chenaie","article_modified_time":"2024-05-29T10:19:28+00:00","og_image":[{"width":1900,"height":700,"url":"https:\/\/normandieyport.geek-tonic.dev\/wp-content\/uploads\/sites\/11\/2023\/05\/camping-aire-de-jeuxflower-chateau-gonflable.webp","type":"image\/webp"}],"twitter_card":"summary_large_image","twitter_misc":{"Gesch\u00e4tzte Lesezeit":"2\u00a0Minuten"},"schema":{"@context":"https:\/\/schema.org","@graph":[{"@type":"WebPage","@id":"https:\/\/normandieyport.geek-tonic.dev\/de\/camping-animations-yport\/","url":"https:\/\/normandieyport.geek-tonic.dev\/de\/camping-animations-yport\/","name":"Camping animations Seine-Maritime | Camping activit\u00e9s \u00e0 Yport","isPartOf":{"@id":"https:\/\/normandieyport.geek-tonic.dev\/de\/#website"},"primaryImageOfPage":{"@id":"https:\/\/normandieyport.geek-tonic.dev\/de\/camping-animations-yport\/#primaryimage"},"image":{"@id":"https:\/\/normandieyport.geek-tonic.dev\/de\/camping-animations-yport\/#primaryimage"},"thumbnailUrl":"https:\/\/normandieyport.geek-tonic.dev\/wp-content\/uploads\/sites\/11\/2023\/05\/camping-aire-de-jeuxflower-chateau-gonflable.webp","datePublished":"2023-05-25T09:43:24+00:00","dateModified":"2024-05-29T10:19:28+00:00","breadcrumb":{"@id":"https:\/\/normandieyport.geek-tonic.dev\/de\/camping-animations-yport\/#breadcrumb"},"inLanguage":"de","potentialAction":[{"@type":"ReadAction","target":["https:\/\/normandieyport.geek-tonic.dev\/de\/camping-animations-yport\/"]}]},{"@type":"ImageObject","inLanguage":"de","@id":"https:\/\/normandieyport.geek-tonic.dev\/de\/camping-animations-yport\/#primaryimage","url":"https:\/\/normandieyport.geek-tonic.dev\/wp-content\/uploads\/sites\/11\/2023\/05\/camping-aire-de-jeuxflower-chateau-gonflable.webp","contentUrl":"https:\/\/normandieyport.geek-tonic.dev\/wp-content\/uploads\/sites\/11\/2023\/05\/camping-aire-de-jeuxflower-chateau-gonflable.webp","width":1900,"height":700,"caption":"camping aire de jeuxflower chateau gonflable"},{"@type":"BreadcrumbList","@id":"https:\/\/normandieyport.geek-tonic.dev\/de\/camping-animations-yport\/#breadcrumb","itemListElement":[{"@type":"ListItem","position":1,"name":"Camping Normandie","item":"https:\/\/normandieyport.geek-tonic.dev\/de\/"},{"@type":"ListItem","position":2,"name":"Camping avec activit\u00e9s \u00e0 Yport"}]},{"@type":"WebSite","@id":"https:\/\/normandieyport.geek-tonic.dev\/de\/#website","url":"https:\/\/normandieyport.geek-tonic.dev\/de\/","name":"La Chenaie","description":"","publisher":{"@id":"https:\/\/normandieyport.geek-tonic.dev\/de\/#organization"},"potentialAction":[{"@type":"SearchAction","target":{"@type":"EntryPoint","urlTemplate":"https:\/\/normandieyport.geek-tonic.dev\/de\/?s={search_term_string}"},"query-input":{"@type":"PropertyValueSpecification","valueRequired":true,"valueName":"search_term_string"}}],"inLanguage":"de"},{"@type":"Organization","@id":"https:\/\/normandieyport.geek-tonic.dev\/de\/#organization","name":"La Chenaie","url":"https:\/\/normandieyport.geek-tonic.dev\/de\/","logo":{"@type":"ImageObject","inLanguage":"de","@id":"https:\/\/normandieyport.geek-tonic.dev\/de\/#\/schema\/logo\/image\/","url":"https:\/\/normandieyport.geek-tonic.dev\/wp-content\/uploads\/sites\/11\/2024\/03\/cropped-logo-Flower-camping-La-chenaie.png","contentUrl":"https:\/\/normandieyport.geek-tonic.dev\/wp-content\/uploads\/sites\/11\/2024\/03\/cropped-logo-Flower-camping-La-chenaie.png","width":500,"height":660,"caption":"La Chenaie"},"image":{"@id":"https:\/\/normandieyport.geek-tonic.dev\/de\/#\/schema\/logo\/image\/"}}]}},"_links":{"self":[{"href":"https:\/\/normandieyport.geek-tonic.dev\/de\/wp-json\/wp\/v2\/pages\/3516","targetHints":{"allow":["GET"]}}],"collection":[{"href":"https:\/\/normandieyport.geek-tonic.dev\/de\/wp-json\/wp\/v2\/pages"}],"about":[{"href":"https:\/\/normandieyport.geek-tonic.dev\/de\/wp-json\/wp\/v2\/types\/page"}],"author":[{"embeddable":true,"href":"https:\/\/normandieyport.geek-tonic.dev\/de\/wp-json\/wp\/v2\/users\/1"}],"replies":[{"embeddable":true,"href":"https:\/\/normandieyport.geek-tonic.dev\/de\/wp-json\/wp\/v2\/comments?post=3516"}],"version-history":[{"count":5,"href":"https:\/\/normandieyport.geek-tonic.dev\/de\/wp-json\/wp\/v2\/pages\/3516\/revisions"}],"predecessor-version":[{"id":3926,"href":"https:\/\/normandieyport.geek-tonic.dev\/de\/wp-json\/wp\/v2\/pages\/3516\/revisions\/3926"}],"wp:featuredmedia":[{"embeddable":true,"href":"https:\/\/normandieyport.geek-tonic.dev\/de\/wp-json\/wp\/v2\/media\/2518"}],"wp:attachment":[{"href":"https:\/\/normandieyport.geek-tonic.dev\/de\/wp-json\/wp\/v2\/media?parent=3516"}],"wp:term":[{"taxonomy":"sujet","embeddable":true,"href":"https:\/\/normandieyport.geek-tonic.dev\/de\/wp-json\/wp\/v2\/sujet?post=3516"}],"curies":[{"name":"wp","href":"https:\/\/api.w.org\/{rel}","templated":true}]}}