{"id":3512,"date":"2023-05-25T11:43:12","date_gmt":"2023-05-25T09:43:12","guid":{"rendered":"https:\/\/www.normandieyport.geek-tonic.dev\/campingplatz-werbung-yport\/"},"modified":"2024-06-24T11:36:43","modified_gmt":"2024-06-24T09:36:43","slug":"campingplatz-promotion-yport","status":"publish","type":"page","link":"https:\/\/normandieyport.geek-tonic.dev\/de\/campingplatz-promotion-yport\/","title":{"rendered":"Unsere Sonderangebote"},"content":{"rendered":"<section id=\"ls-section-block_00ed5d39507e91907fd0cf2d47a3669d\" class=\"ls-section  m-t-0 has-background has-color-4-background-color has-m-t m-t-0 has-m-b m-b-0 has-p-t p-t-14\" >\r\n        <div class=\"container \">\r\n        \n\n<h1 class=\"ls__heading wp-block-heading has-text-align-center m-b-5\"> Campingangebote f\u00fcr Ihren Aufenthalt in Seine-Maritime<\/h1>\n\n\n\n<ctv-offers data-display-mode=\"carousel\"><\/ctv-offers>\n\n\r\n    <\/div>\r\n<\/section><section id=\"ls-section-block_da6dcea9cd9ec1245028cc24693e5f0f\" class=\"ls-section  page-one aventure\" >\r\n        <div class=\"container container--wide\">\r\n        \n\n<div class=\"wp-block-columns are-vertically-aligned-center is-layout-flex wp-container-core-columns-is-layout-1 wp-block-columns-is-layout-flex\">\n<div class=\"wp-block-column is-vertically-aligned-center animated fadeInLeft slow is-layout-flow wp-block-column-is-layout-flow\" style=\"flex-basis:55%\">\n<h2 class=\"ls__heading wp-block-heading\">Fr\u00fchzeitig buchen, um die besten Preise zu erhalten <\/h2>\n\n\n\n<p class=\"ls-paragraph\">Um einen Aufenthalt auf unserem <a href=\"https:\/\/www.normandieyport.geek-tonic.dev\/de\/\">Campingplatz in Yport<\/a> zu einem <strong>g\u00fcnstigen Preis<\/strong> zu erhalten, denken Sie an <strong>Early Booking<\/strong>. Dabei handelt es sich um eine <strong>Fr\u00fchbuchermethode<\/strong>, bei der Urlauber von <strong>attraktiven Preisen<\/strong> profitieren k\u00f6nnen. Wenn Sie mehrere Monate im Voraus buchen, k\u00f6nnen Sie dank dieser Sonderangebote die Kosten f\u00fcr Ihre Unterkunft auf unserem Campingplatz senken.<br\/><br\/>Mit Early Booking k\u00f6nnen Sie sicher sein, einen Platz auf unserem Campingplatz mit <strong>g\u00fcnstigen Sonderangeboten<\/strong> zu bekommen, besonders wenn Sie planen, w\u00e4hrend der Hauptreisezeit oder in den Schulferien zu reisen. Wenn Sie <strong>fr\u00fchzeitig buchen<\/strong>, k\u00f6nnen Sie au\u00dferdem von einer <strong>gr\u00f6\u00dferen Auswahl an verf\u00fcgbaren Unterk\u00fcnften<\/strong> profitieren.<\/p>\n\n\n\n<h2 class=\"ls__heading wp-block-heading\">Sommer in Yport bis zu -25%!<\/h2>\n\n\n\n<p class=\"ls-paragraph\">Noch Lust, die Sonne zu genie\u00dfen? Es ist an der Zeit, Ihren n\u00e4chsten Sommerurlaub zu buchen und dabei von <strong>25% Rabatt bis zum 30. Juni!<\/strong> Die Temperaturen sind ideal, um in der Sonne zu faulenzen. Die Pools sind ge\u00f6ffnet und die Liegest\u00fchle warten nur darauf, von Ihnen genutzt zu werden. Hier ist alles vereint, um die Landschaft von ihrer sch\u00f6nsten Seite zu entdecken, Vitamin D zu tanken und in Ruhe neue Abenteuer zu erleben. Sie haben die Freiheit, neue Gebiete zu erkunden und viele neue Entdeckungen zu machen.<\/p>\n\n\n\n<p class=\"ls-paragraph\"><\/p>\n<\/div>\n\n\n\n<div class=\"wp-block-column is-vertically-aligned-center animated fadeInRight delay-100ms slow is-layout-flow wp-block-column-is-layout-flow\" style=\"flex-basis:45%\">\n<figure class=\"wp-block-image size-full\"><a href=\"https:\/\/www.normandieyport.geek-tonic.dev\/wp-content\/uploads\/sites\/11\/2023\/05\/Groupe-de-personnes-de-tout-age-qui-font-la-ronde-sur-la-plage-dYport-a-cote-du-camping-la-chenaie.webp\"><img decoding=\"async\" width=\"748\" height=\"748\" src=\"https:\/\/www.normandieyport.geek-tonic.dev\/wp-content\/uploads\/sites\/11\/2023\/05\/Groupe-de-personnes-de-tout-age-qui-font-la-ronde-sur-la-plage-dYport-a-cote-du-camping-la-chenaie.webp\" alt=\"Eine Gruppe von Menschen aller Altersgruppen, die am Strand von DYport in der N&#xE4;he des Campingplatzes La Chenaie ihre Runden drehen\" class=\"wp-image-2465\" srcset=\"https:\/\/normandieyport.geek-tonic.dev\/wp-content\/uploads\/sites\/11\/2023\/05\/Groupe-de-personnes-de-tout-age-qui-font-la-ronde-sur-la-plage-dYport-a-cote-du-camping-la-chenaie.webp 748w, https:\/\/normandieyport.geek-tonic.dev\/wp-content\/uploads\/sites\/11\/2023\/05\/Groupe-de-personnes-de-tout-age-qui-font-la-ronde-sur-la-plage-dYport-a-cote-du-camping-la-chenaie-300x300.webp 300w, https:\/\/normandieyport.geek-tonic.dev\/wp-content\/uploads\/sites\/11\/2023\/05\/Groupe-de-personnes-de-tout-age-qui-font-la-ronde-sur-la-plage-dYport-a-cote-du-camping-la-chenaie-150x150.webp 150w\" sizes=\"(max-width: 748px) 100vw, 748px\" \/><\/a><\/figure>\n<\/div>\n<\/div>\n\n\r\n    <\/div>\r\n<\/section><section id=\"ls-section-block_02ee2bd405243d4dde917e4eb466a936\" class=\"ls-section  home-gallery page-two animated fadeInUp slow\" >\r\n        <div class=\"container container--full\">\r\n        \n\n<figure class=\"wp-block-gallery has-nested-images columns-1 is-cropped galerie-slider-container wp-block-gallery-1 is-layout-flex wp-block-gallery-is-layout-flex\">\n<figure class=\"wp-block-image size-full\"><a href=\"https:\/\/www.normandieyport.geek-tonic.dev\/wp-content\/uploads\/sites\/11\/2023\/05\/chenaie-8_resultat.webp\"><img decoding=\"async\" width=\"1024\" height=\"682\" src=\"https:\/\/www.normandieyport.geek-tonic.dev\/wp-content\/uploads\/sites\/11\/2023\/05\/chenaie-8_resultat.webp\" alt=\"vermietung chalet yport\" class=\"wp-image-1821\" srcset=\"https:\/\/normandieyport.geek-tonic.dev\/wp-content\/uploads\/sites\/11\/2023\/05\/chenaie-8_resultat.webp 1024w, https:\/\/normandieyport.geek-tonic.dev\/wp-content\/uploads\/sites\/11\/2023\/05\/chenaie-8_resultat-300x200.webp 300w, https:\/\/normandieyport.geek-tonic.dev\/wp-content\/uploads\/sites\/11\/2023\/05\/chenaie-8_resultat-768x512.webp 768w\" sizes=\"(max-width: 1024px) 100vw, 1024px\" \/><\/a><\/figure>\n\n\n\n<figure class=\"wp-block-image size-full\"><a href=\"https:\/\/www.normandieyport.geek-tonic.dev\/wp-content\/uploads\/sites\/11\/2023\/05\/349072975_639321711378587_7382635470954727796_n_resultat.webp\"><img decoding=\"async\" width=\"916\" height=\"768\" src=\"https:\/\/www.normandieyport.geek-tonic.dev\/wp-content\/uploads\/sites\/11\/2023\/05\/349072975_639321711378587_7382635470954727796_n_resultat.webp\" alt=\"Familie am Strand im Urlaub auf dem Blumencampingplatz la chenaie\" class=\"wp-image-2408\" srcset=\"https:\/\/normandieyport.geek-tonic.dev\/wp-content\/uploads\/sites\/11\/2023\/05\/349072975_639321711378587_7382635470954727796_n_resultat.webp 916w, https:\/\/normandieyport.geek-tonic.dev\/wp-content\/uploads\/sites\/11\/2023\/05\/349072975_639321711378587_7382635470954727796_n_resultat-300x252.webp 300w, https:\/\/normandieyport.geek-tonic.dev\/wp-content\/uploads\/sites\/11\/2023\/05\/349072975_639321711378587_7382635470954727796_n_resultat-768x644.webp 768w\" sizes=\"(max-width: 916px) 100vw, 916px\" \/><\/a><\/figure>\n\n\n\n<figure class=\"wp-block-image size-full\"><a href=\"https:\/\/www.normandieyport.geek-tonic.dev\/wp-content\/uploads\/sites\/11\/2023\/05\/332265208_1176232533043106_3579241567726703334_n_resultat.webp\"><img decoding=\"async\" width=\"1024\" height=\"683\" src=\"https:\/\/www.normandieyport.geek-tonic.dev\/wp-content\/uploads\/sites\/11\/2023\/05\/332265208_1176232533043106_3579241567726703334_n_resultat.webp\" alt=\"gl&#xFC;ckliche familie bei sonnenuntergang in der n&#xE4;he von cmaping le chenaie\" class=\"wp-image-2400\" srcset=\"https:\/\/normandieyport.geek-tonic.dev\/wp-content\/uploads\/sites\/11\/2023\/05\/332265208_1176232533043106_3579241567726703334_n_resultat.webp 1024w, https:\/\/normandieyport.geek-tonic.dev\/wp-content\/uploads\/sites\/11\/2023\/05\/332265208_1176232533043106_3579241567726703334_n_resultat-300x200.webp 300w, https:\/\/normandieyport.geek-tonic.dev\/wp-content\/uploads\/sites\/11\/2023\/05\/332265208_1176232533043106_3579241567726703334_n_resultat-768x512.webp 768w\" sizes=\"(max-width: 1024px) 100vw, 1024px\" \/><\/a><\/figure>\n<\/figure>\n\n\r\n    <\/div>\r\n<\/section><section id=\"ls-section-block_13b7617d4c2cdff1d03877265044ce45\" class=\"ls-section  home-gallery page-two animated fadeInUp slow has-background has-color-3-background-color has-m-t m-t-0 has-m-b m-b-0 has-p-t p-t-10 has-p-b p-b-10\" >\r\n        <div class=\"container container--wide\">\r\n        \n\n<h2 class=\"ls__heading wp-block-heading has-text-align-center\">Unsere Sonderangebote f\u00fcr Ihren langen Aufenthalt auf dem Campingplatz Yport<\/h2>\n\n\n\n<p class=\"ls-paragraph has-text-align-center\">Z\u00f6gern Sie nicht, von unseren<strong> Sonderangeboten<\/strong> zu profitieren, die regelm\u00e4\u00dfig auf unserer Website ver\u00f6ffentlicht werden.<\/p>\n\n\n\n<p class=\"ls-paragraph has-text-align-center\">Planen Sie einen Aufenthalt von <strong>mehr als 14 N\u00e4chten<\/strong> in Seine-Maritime? Unser Campingplatz La Ch\u00eanaie bietet Ihnen <strong>10% auf den Betrag, den Sie f\u00fcr Ihren Aufenthalt<\/strong> bei uns bezahlen. Profitieren Sie von der Vermietung einer Campingunterkunft mit au\u00dfergew\u00f6hnlichen Angeboten f\u00fcr einen l\u00e4ngeren Aufenthalt auf unserem preisg\u00fcnstigen Campingplatz in Yport.<\/p>\n\n\n\n<p class=\"ls-paragraph has-text-align-center\">Sie k\u00f6nnen von attraktiven Preisen f\u00fcr Ihre Unterkunft profitieren, die von ger\u00e4umigen <a href=\"https:\/\/www.normandieyport.geek-tonic.dev\/de\/miet-stellplatz-yport\/\">Caravaning-Stellpl\u00e4tzen<\/a> bis hin zu komfortablen<a href=\"https:\/\/www.normandieyport.geek-tonic.dev\/de\/standort-mobil-heimat-hafen\/\"> Mietmobilheimen<\/a> reichen.<\/p>\n\n\r\n    <\/div>\r\n<\/section><section id=\"ls-section-block_ba23ae1791ada43a25eeb1244489d0c4\" class=\"ls-section  home-piscine page-three has-background has-color-4-background-color has-m-t m-t-0 has-p-t p-t-14\" >\r\n        <div class=\"container container--wide\">\r\n        \n\n<div class=\"wp-block-columns are-vertically-aligned-center is-layout-flex wp-container-core-columns-is-layout-2 wp-block-columns-is-layout-flex\">\n<div class=\"wp-block-column is-vertically-aligned-center left animated fadeInLeft slow delay-200ms is-layout-flow wp-block-column-is-layout-flow\" style=\"flex-basis:60%\">\n<figure class=\"wp-block-gallery has-nested-images columns-1 is-cropped galerie-slider wp-block-gallery-2 is-layout-flex wp-block-gallery-is-layout-flex\">\n<figure class=\"wp-block-image size-medium\"><a href=\"https:\/\/www.normandieyport.geek-tonic.dev\/wp-content\/uploads\/sites\/11\/2023\/04\/camping-seine-maritime.webp\"><img decoding=\"async\" width=\"920\" height=\"517\" src=\"https:\/\/www.normandieyport.geek-tonic.dev\/wp-content\/uploads\/sites\/11\/2024\/03\/camping-seine-maritime-edited.webp\" alt=\"camping seine maritim\" class=\"wp-image-3807\" srcset=\"https:\/\/normandieyport.geek-tonic.dev\/wp-content\/uploads\/sites\/11\/2024\/03\/camping-seine-maritime-edited.webp 920w, https:\/\/normandieyport.geek-tonic.dev\/wp-content\/uploads\/sites\/11\/2024\/03\/camping-seine-maritime-edited-300x169.webp 300w, https:\/\/normandieyport.geek-tonic.dev\/wp-content\/uploads\/sites\/11\/2024\/03\/camping-seine-maritime-edited-768x432.webp 768w\" sizes=\"(max-width: 920px) 100vw, 920px\" \/><\/a><\/figure>\n\n\n\n<figure class=\"wp-block-image size-full\"><a href=\"https:\/\/www.normandieyport.geek-tonic.dev\/wp-content\/uploads\/sites\/11\/2023\/05\/chien-tente-couple_resultat.webp\"><img decoding=\"async\" width=\"1024\" height=\"576\" src=\"https:\/\/www.normandieyport.geek-tonic.dev\/wp-content\/uploads\/sites\/11\/2024\/03\/chien-tente-couple_resultat-edited.webp\" alt=\"Hund Zelt Paar Ergebnis\" class=\"wp-image-3812\" srcset=\"https:\/\/normandieyport.geek-tonic.dev\/wp-content\/uploads\/sites\/11\/2024\/03\/chien-tente-couple_resultat-edited.webp 1024w, https:\/\/normandieyport.geek-tonic.dev\/wp-content\/uploads\/sites\/11\/2024\/03\/chien-tente-couple_resultat-edited-300x169.webp 300w, https:\/\/normandieyport.geek-tonic.dev\/wp-content\/uploads\/sites\/11\/2024\/03\/chien-tente-couple_resultat-edited-768x432.webp 768w\" sizes=\"(max-width: 1024px) 100vw, 1024px\" \/><\/a><\/figure>\n<\/figure>\n<\/div>\n\n\n\n<div class=\"wp-block-column is-vertically-aligned-center right animated fadeInRight slow is-layout-flow wp-block-column-is-layout-flow\" style=\"flex-basis:40%\">\n<h2 class=\"ls__heading wp-block-heading\">Unsere speziellen Angebote f\u00fcr Paare<\/h2>\n\n\n\n<p class=\"ls-paragraph\">Sie tr\u00e4umen von einem romantischen Urlaub am Meer, aber Ihr Budget ist begrenzt? Verzweifeln Sie nicht, sondern profitieren Sie von einer <strong>Campingunterkunft mit g\u00fcnstigen Sonderangeboten<\/strong>.<br\/><br\/>Warum sollten Paare denselben Preis zahlen wie eine sechsk\u00f6pfige Familie? Deshalb bietet Ihnen unser preisg\u00fcnstigster Campingplatz in Yport im Departement Seine-Maritime <strong>Sonderangebote ab 199\u20ac<\/strong>. So k\u00f6nnen Sie eine komfortable Unterkunft f\u00fcr einen romantischen Aufenthalt am Meer genie\u00dfen, ohne sich dabei in Unkosten zu st\u00fcrzen.<\/p>\n<\/div>\n<\/div>\n\n\r\n    <\/div>\r\n<\/section><section id=\"ls-section-block_3f3d518a3cc3b16dca76f58cc667677f\" class=\"ls-section  page-cta has-m-t m-t-0\" >\r\n        <div class=\"container container--wide\">\r\n        \n\n<div id=\"ls-heading ls-titre-div-block_005832c04a62dbd90b5dd6053d6e94e4\" class=\"ls-titre-div aligncenter h2-like\" >\n    Finden Sie Unterkunft, Stellpl\u00e4tze und Dienstleistungen auf dem Campingplatz<\/div>\n\n\n<div id=\"ls-maillage-block_5d6a3633fe918538bb53aa81d644e19d\" class=\"ls-maillage cta-style-normal\" data-rows=\"3\">\n    <div class=\"wp-block-columns\"><div class=\"wp-block-column\"><div id=\"destinations\" class=\"ls-cta\">\n\n<a href=\"https:\/\/normandieyport.geek-tonic.dev\/de\/campingplatz-familie-yport\/\" target=\"\" rel=\"noopener\" class=\"ls-cta__link\">\n\n\t<div class=\"ls-cta__image\"><img decoding=\"async\" src=\"https:\/\/normandieyport.geek-tonic.dev\/wp-content\/uploads\/sites\/11\/2023\/05\/enfant-camping-voiture-pleine-vacances.webp\" alt=\"Kindercamping Auto voller Urlaub komplette Campingausr\u00fcstung\"><\/div>\n\t<div class=\"ls-cta__title\">\n\t\tUnsere Dienstleistungen\t<\/div>\n\n\t\t\n<\/a><\/div><\/div><div class=\"wp-block-column\"><div id=\"destinations\" class=\"ls-cta\">\n\n<a href=\"https:\/\/normandieyport.geek-tonic.dev\/de\/standort-mobil-heimat-hafen\/\" target=\"\" rel=\"noopener\" class=\"ls-cta__link\">\n\n\t<div class=\"ls-cta__image\"><img decoding=\"async\" src=\"https:\/\/normandieyport.geek-tonic.dev\/wp-content\/uploads\/sites\/11\/2023\/04\/vacances-yport.webp\" alt=\"vermietung chalet yport\"><\/div>\n\t<div class=\"ls-cta__title\">\n\t\tUnsere Vermietungen\t<\/div>\n\n\t\t\n<\/a><\/div><\/div><div class=\"wp-block-column\"><div id=\"destinations\" class=\"ls-cta\">\n\n<a href=\"https:\/\/normandieyport.geek-tonic.dev\/de\/miet-stellplatz-yport\/\" target=\"\" rel=\"noopener\" class=\"ls-cta__link\">\n\n\t<div class=\"ls-cta__image\"><img decoding=\"async\" src=\"https:\/\/normandieyport.geek-tonic.dev\/wp-content\/uploads\/sites\/11\/2023\/05\/chenaie-5_resultat-1.webp\" alt=\"die stellpl\u00e4tze des campingplatzes la chenaie flower in yport\"><\/div>\n\t<div class=\"ls-cta__title\">\n\t\tUnsere Stellpl\u00e4tze\t<\/div>\n\n\t\t\n<\/a><\/div><\/div><\/div><\/div>\n\r\n    <\/div>\r\n<\/section>","protected":false},"excerpt":{"rendered":"","protected":false},"author":1,"featured_media":2437,"parent":0,"menu_order":0,"comment_status":"closed","ping_status":"closed","template":"","meta":{"_acf_changed":false,"footnotes":""},"sujet":[],"class_list":["post-3512","page","type-page","status-publish","has-post-thumbnail","hentry"],"acf":[],"yoast_head":"<!-- This site is optimized with the Yoast SEO plugin v23.9 - https:\/\/yoast.com\/wordpress\/plugins\/seo\/ -->\n<title>Sonderangebote Camping in Seine-Maritime | Sonderangebot Camping Yport<\/title>\n<meta name=\"robots\" content=\"noindex, follow, max-snippet:-1, max-image-preview:large, max-video-preview:-1\" \/>\n<meta property=\"og:locale\" content=\"de_DE\" \/>\n<meta property=\"og:type\" content=\"article\" \/>\n<meta property=\"og:title\" content=\"Sonderangebote Camping in Seine-Maritime | Sonderangebot Camping Yport\" \/>\n<meta property=\"og:url\" content=\"https:\/\/normandieyport.geek-tonic.dev\/de\/campingplatz-promotion-yport\/\" \/>\n<meta property=\"og:site_name\" content=\"La Chenaie\" \/>\n<meta property=\"article:modified_time\" content=\"2024-06-24T09:36:43+00:00\" \/>\n<meta property=\"og:image\" content=\"https:\/\/normandieyport.geek-tonic.dev\/wp-content\/uploads\/sites\/11\/2023\/05\/couple-1030744_1920_resultat.webp\" \/>\n\t<meta property=\"og:image:width\" content=\"1801\" \/>\n\t<meta property=\"og:image:height\" content=\"1200\" \/>\n\t<meta property=\"og:image:type\" content=\"image\/webp\" \/>\n<meta name=\"twitter:card\" content=\"summary_large_image\" \/>\n<meta name=\"twitter:label1\" content=\"Gesch\u00e4tzte Lesezeit\" \/>\n\t<meta name=\"twitter:data1\" content=\"4\u00a0Minuten\" \/>\n<script type=\"application\/ld+json\" class=\"yoast-schema-graph\">{\"@context\":\"https:\/\/schema.org\",\"@graph\":[{\"@type\":\"WebPage\",\"@id\":\"https:\/\/normandieyport.geek-tonic.dev\/de\/campingplatz-promotion-yport\/\",\"url\":\"https:\/\/normandieyport.geek-tonic.dev\/de\/campingplatz-promotion-yport\/\",\"name\":\"Sonderangebote Camping in Seine-Maritime | Sonderangebot Camping Yport\",\"isPartOf\":{\"@id\":\"https:\/\/normandieyport.geek-tonic.dev\/de\/#website\"},\"primaryImageOfPage\":{\"@id\":\"https:\/\/normandieyport.geek-tonic.dev\/de\/campingplatz-promotion-yport\/#primaryimage\"},\"image\":{\"@id\":\"https:\/\/normandieyport.geek-tonic.dev\/de\/campingplatz-promotion-yport\/#primaryimage\"},\"thumbnailUrl\":\"https:\/\/normandieyport.geek-tonic.dev\/wp-content\/uploads\/sites\/11\/2023\/05\/couple-1030744_1920_resultat.webp\",\"datePublished\":\"2023-05-25T09:43:12+00:00\",\"dateModified\":\"2024-06-24T09:36:43+00:00\",\"breadcrumb\":{\"@id\":\"https:\/\/normandieyport.geek-tonic.dev\/de\/campingplatz-promotion-yport\/#breadcrumb\"},\"inLanguage\":\"de\",\"potentialAction\":[{\"@type\":\"ReadAction\",\"target\":[\"https:\/\/normandieyport.geek-tonic.dev\/de\/campingplatz-promotion-yport\/\"]}]},{\"@type\":\"ImageObject\",\"inLanguage\":\"de\",\"@id\":\"https:\/\/normandieyport.geek-tonic.dev\/de\/campingplatz-promotion-yport\/#primaryimage\",\"url\":\"https:\/\/normandieyport.geek-tonic.dev\/wp-content\/uploads\/sites\/11\/2023\/05\/couple-1030744_1920_resultat.webp\",\"contentUrl\":\"https:\/\/normandieyport.geek-tonic.dev\/wp-content\/uploads\/sites\/11\/2023\/05\/couple-1030744_1920_resultat.webp\",\"width\":1801,\"height\":1200,\"caption\":\"gl\u00fcckliches Paar auf dem Blumencampingplatz la chenaie\"},{\"@type\":\"BreadcrumbList\",\"@id\":\"https:\/\/normandieyport.geek-tonic.dev\/de\/campingplatz-promotion-yport\/#breadcrumb\",\"itemListElement\":[{\"@type\":\"ListItem\",\"position\":1,\"name\":\"Camping Normandie\",\"item\":\"https:\/\/normandieyport.geek-tonic.dev\/de\/\"},{\"@type\":\"ListItem\",\"position\":2,\"name\":\"Campingplatz mit Sonderangebot in Yport\"}]},{\"@type\":\"WebSite\",\"@id\":\"https:\/\/normandieyport.geek-tonic.dev\/de\/#website\",\"url\":\"https:\/\/normandieyport.geek-tonic.dev\/de\/\",\"name\":\"La Chenaie\",\"description\":\"\",\"publisher\":{\"@id\":\"https:\/\/normandieyport.geek-tonic.dev\/de\/#organization\"},\"potentialAction\":[{\"@type\":\"SearchAction\",\"target\":{\"@type\":\"EntryPoint\",\"urlTemplate\":\"https:\/\/normandieyport.geek-tonic.dev\/de\/?s={search_term_string}\"},\"query-input\":{\"@type\":\"PropertyValueSpecification\",\"valueRequired\":true,\"valueName\":\"search_term_string\"}}],\"inLanguage\":\"de\"},{\"@type\":\"Organization\",\"@id\":\"https:\/\/normandieyport.geek-tonic.dev\/de\/#organization\",\"name\":\"La Chenaie\",\"url\":\"https:\/\/normandieyport.geek-tonic.dev\/de\/\",\"logo\":{\"@type\":\"ImageObject\",\"inLanguage\":\"de\",\"@id\":\"https:\/\/normandieyport.geek-tonic.dev\/de\/#\/schema\/logo\/image\/\",\"url\":\"https:\/\/normandieyport.geek-tonic.dev\/wp-content\/uploads\/sites\/11\/2024\/03\/cropped-logo-Flower-camping-La-chenaie.png\",\"contentUrl\":\"https:\/\/normandieyport.geek-tonic.dev\/wp-content\/uploads\/sites\/11\/2024\/03\/cropped-logo-Flower-camping-La-chenaie.png\",\"width\":500,\"height\":660,\"caption\":\"La Chenaie\"},\"image\":{\"@id\":\"https:\/\/normandieyport.geek-tonic.dev\/de\/#\/schema\/logo\/image\/\"}}]}<\/script>\n<!-- \/ Yoast SEO plugin. -->","yoast_head_json":{"title":"Sonderangebote Camping in Seine-Maritime | Sonderangebot Camping Yport","robots":{"index":"noindex","follow":"follow","max-snippet":"max-snippet:-1","max-image-preview":"max-image-preview:large","max-video-preview":"max-video-preview:-1"},"og_locale":"de_DE","og_type":"article","og_title":"Sonderangebote Camping in Seine-Maritime | Sonderangebot Camping Yport","og_url":"https:\/\/normandieyport.geek-tonic.dev\/de\/campingplatz-promotion-yport\/","og_site_name":"La Chenaie","article_modified_time":"2024-06-24T09:36:43+00:00","og_image":[{"width":1801,"height":1200,"url":"https:\/\/normandieyport.geek-tonic.dev\/wp-content\/uploads\/sites\/11\/2023\/05\/couple-1030744_1920_resultat.webp","type":"image\/webp"}],"twitter_card":"summary_large_image","twitter_misc":{"Gesch\u00e4tzte Lesezeit":"4\u00a0Minuten"},"schema":{"@context":"https:\/\/schema.org","@graph":[{"@type":"WebPage","@id":"https:\/\/normandieyport.geek-tonic.dev\/de\/campingplatz-promotion-yport\/","url":"https:\/\/normandieyport.geek-tonic.dev\/de\/campingplatz-promotion-yport\/","name":"Sonderangebote Camping in Seine-Maritime | Sonderangebot Camping Yport","isPartOf":{"@id":"https:\/\/normandieyport.geek-tonic.dev\/de\/#website"},"primaryImageOfPage":{"@id":"https:\/\/normandieyport.geek-tonic.dev\/de\/campingplatz-promotion-yport\/#primaryimage"},"image":{"@id":"https:\/\/normandieyport.geek-tonic.dev\/de\/campingplatz-promotion-yport\/#primaryimage"},"thumbnailUrl":"https:\/\/normandieyport.geek-tonic.dev\/wp-content\/uploads\/sites\/11\/2023\/05\/couple-1030744_1920_resultat.webp","datePublished":"2023-05-25T09:43:12+00:00","dateModified":"2024-06-24T09:36:43+00:00","breadcrumb":{"@id":"https:\/\/normandieyport.geek-tonic.dev\/de\/campingplatz-promotion-yport\/#breadcrumb"},"inLanguage":"de","potentialAction":[{"@type":"ReadAction","target":["https:\/\/normandieyport.geek-tonic.dev\/de\/campingplatz-promotion-yport\/"]}]},{"@type":"ImageObject","inLanguage":"de","@id":"https:\/\/normandieyport.geek-tonic.dev\/de\/campingplatz-promotion-yport\/#primaryimage","url":"https:\/\/normandieyport.geek-tonic.dev\/wp-content\/uploads\/sites\/11\/2023\/05\/couple-1030744_1920_resultat.webp","contentUrl":"https:\/\/normandieyport.geek-tonic.dev\/wp-content\/uploads\/sites\/11\/2023\/05\/couple-1030744_1920_resultat.webp","width":1801,"height":1200,"caption":"gl\u00fcckliches Paar auf dem Blumencampingplatz la chenaie"},{"@type":"BreadcrumbList","@id":"https:\/\/normandieyport.geek-tonic.dev\/de\/campingplatz-promotion-yport\/#breadcrumb","itemListElement":[{"@type":"ListItem","position":1,"name":"Camping Normandie","item":"https:\/\/normandieyport.geek-tonic.dev\/de\/"},{"@type":"ListItem","position":2,"name":"Campingplatz mit Sonderangebot in Yport"}]},{"@type":"WebSite","@id":"https:\/\/normandieyport.geek-tonic.dev\/de\/#website","url":"https:\/\/normandieyport.geek-tonic.dev\/de\/","name":"La Chenaie","description":"","publisher":{"@id":"https:\/\/normandieyport.geek-tonic.dev\/de\/#organization"},"potentialAction":[{"@type":"SearchAction","target":{"@type":"EntryPoint","urlTemplate":"https:\/\/normandieyport.geek-tonic.dev\/de\/?s={search_term_string}"},"query-input":{"@type":"PropertyValueSpecification","valueRequired":true,"valueName":"search_term_string"}}],"inLanguage":"de"},{"@type":"Organization","@id":"https:\/\/normandieyport.geek-tonic.dev\/de\/#organization","name":"La Chenaie","url":"https:\/\/normandieyport.geek-tonic.dev\/de\/","logo":{"@type":"ImageObject","inLanguage":"de","@id":"https:\/\/normandieyport.geek-tonic.dev\/de\/#\/schema\/logo\/image\/","url":"https:\/\/normandieyport.geek-tonic.dev\/wp-content\/uploads\/sites\/11\/2024\/03\/cropped-logo-Flower-camping-La-chenaie.png","contentUrl":"https:\/\/normandieyport.geek-tonic.dev\/wp-content\/uploads\/sites\/11\/2024\/03\/cropped-logo-Flower-camping-La-chenaie.png","width":500,"height":660,"caption":"La Chenaie"},"image":{"@id":"https:\/\/normandieyport.geek-tonic.dev\/de\/#\/schema\/logo\/image\/"}}]}},"_links":{"self":[{"href":"https:\/\/normandieyport.geek-tonic.dev\/de\/wp-json\/wp\/v2\/pages\/3512","targetHints":{"allow":["GET"]}}],"collection":[{"href":"https:\/\/normandieyport.geek-tonic.dev\/de\/wp-json\/wp\/v2\/pages"}],"about":[{"href":"https:\/\/normandieyport.geek-tonic.dev\/de\/wp-json\/wp\/v2\/types\/page"}],"author":[{"embeddable":true,"href":"https:\/\/normandieyport.geek-tonic.dev\/de\/wp-json\/wp\/v2\/users\/1"}],"replies":[{"embeddable":true,"href":"https:\/\/normandieyport.geek-tonic.dev\/de\/wp-json\/wp\/v2\/comments?post=3512"}],"version-history":[{"count":24,"href":"https:\/\/normandieyport.geek-tonic.dev\/de\/wp-json\/wp\/v2\/pages\/3512\/revisions"}],"predecessor-version":[{"id":4178,"href":"https:\/\/normandieyport.geek-tonic.dev\/de\/wp-json\/wp\/v2\/pages\/3512\/revisions\/4178"}],"wp:featuredmedia":[{"embeddable":true,"href":"https:\/\/normandieyport.geek-tonic.dev\/de\/wp-json\/wp\/v2\/media\/2437"}],"wp:attachment":[{"href":"https:\/\/normandieyport.geek-tonic.dev\/de\/wp-json\/wp\/v2\/media?parent=3512"}],"wp:term":[{"taxonomy":"sujet","embeddable":true,"href":"https:\/\/normandieyport.geek-tonic.dev\/de\/wp-json\/wp\/v2\/sujet?post=3512"}],"curies":[{"name":"wp","href":"https:\/\/api.w.org\/{rel}","templated":true}]}}