{"id":3508,"date":"2023-05-24T16:14:41","date_gmt":"2023-05-24T14:14:41","guid":{"rendered":"https:\/\/www.normandieyport.geek-tonic.dev\/campingplatz-familie-yport\/"},"modified":"2024-03-27T12:03:45","modified_gmt":"2024-03-27T11:03:45","slug":"campingplatz-familie-yport","status":"publish","type":"page","link":"https:\/\/normandieyport.geek-tonic.dev\/de\/campingplatz-familie-yport\/","title":{"rendered":"Unsere Dienstleistungen"},"content":{"rendered":"<section id=\"ls-section-block_640277a3fc99cfa70959b00815602005\" class=\"ls-section  page-one has-background has-color-4-background-color has-m-t m-t-0 has-m-b m-b-0 has-p-t p-t-14 has-p-b p-b-14\" >\r\n        <div class=\"container container--wide\">\r\n        \n\n<div class=\"wp-block-columns are-vertically-aligned-center is-layout-flex wp-container-core-columns-is-layout-1 wp-block-columns-is-layout-flex\">\n<div class=\"wp-block-column is-vertically-aligned-center animated fadeInLeft delay-100ms slow is-layout-flow wp-block-column-is-layout-flow\" style=\"flex-basis:45%\">\n<figure class=\"wp-block-image size-full\"><img decoding=\"async\" width=\"1024\" height=\"682\" src=\"https:\/\/www.normandieyport.geek-tonic.dev\/wp-content\/uploads\/sites\/11\/2023\/05\/chenaie_resultat.webp\" alt=\"familiencampingplatz normandie\" class=\"wp-image-1857\" srcset=\"https:\/\/normandieyport.geek-tonic.dev\/wp-content\/uploads\/sites\/11\/2023\/05\/chenaie_resultat.webp 1024w, https:\/\/normandieyport.geek-tonic.dev\/wp-content\/uploads\/sites\/11\/2023\/05\/chenaie_resultat-300x200.webp 300w, https:\/\/normandieyport.geek-tonic.dev\/wp-content\/uploads\/sites\/11\/2023\/05\/chenaie_resultat-768x512.webp 768w\" sizes=\"(max-width: 1024px) 100vw, 1024px\" \/><\/figure>\n<\/div>\n\n\n\n<div class=\"wp-block-column is-vertically-aligned-center animated fadeInLeft slow is-layout-flow wp-block-column-is-layout-flow\" style=\"flex-basis:55%\">\n<h1 class=\"ls__heading wp-block-heading has-text-align-center\">Familiencampingplatz in Seine-Maritime<\/h1>\n\n\n\n<h2 class=\"ls__heading wp-block-heading\">Der Empfangsschalter<\/h2>\n\n\n\n<p class=\"ls-paragraph\">Nous vous accueillons au <a href=\"https:\/\/www.normandieyport.geek-tonic.dev\/\">camping La Chenaie<\/a> du 31\/03\/2023 au 01\/10\/2023, de 8h30 \u00e0 20h en haute saison et de 8h30 \u00e0 12h et de 14h \u00e0 19h en basse saison.<\/p>\n\n\n\n<p class=\"ls-paragraph\">Unser <strong>2,7 Hektar gro\u00dfes Grundst\u00fcck<\/strong> liegt in einer <strong>nat\u00fcrlichen, waldreichen Umgebung<\/strong> und bietet den idealen Rahmen f\u00fcr einen ruhigen Urlaub mit Familie oder Freunden. Wir bieten Ihnen eine gro\u00dfe Auswahl an Stellpl\u00e4tzen, die f\u00fcr alle Arten von Zelten, Wohnwagen oder Wohnmobilen geeignet sind, sowie zahlreiche Dienstleistungen, die Ihren Aufenthalt angenehm machen.<\/p>\n\n\n\n<p class=\"ls-paragraph\">Sie k\u00f6nnen in unserer Unterkunft mit Ihrem Haustier \u00fcbernachten. Wir akzeptieren <strong>einen Hund <\/strong>pro Stellplatz oder pro Vermietung, von 3 \u20ac bis 4 \u20ac pro Tag. Er muss an der Leine gef\u00fchrt werden, einen Reisepass besitzen und \u00fcber aktuelle Impfungen verf\u00fcgen.  <\/p>\n\n\n\n<p class=\"ls-paragraph\">Wir freuen uns darauf, Sie bald auf unserem Campingplatz begr\u00fc\u00dfen zu d\u00fcrfen und Sie alle Freuden des Lebens in der Natur genie\u00dfen zu lassen. Z\u00f6gern Sie nicht, uns zu kontaktieren, um weitere Informationen zu erhalten oder Ihren Stellplatz jetzt zu reservieren.<br\/>Der Campingplatz liegt <strong>in der N\u00e4he aller Gesch\u00e4fte<\/strong> des Stadtzentrums, das Fremdenverkehrsb\u00fcro ist nur 10 Gehminuten (800 m) entfernt.<\/p>\n<\/div>\n<\/div>\n\n\r\n    <\/div>\r\n<\/section><section id=\"ls-section-block_82242159b71f8b56cf52a4da2ee6c5a8\" class=\"ls-section  home-gallery animated fadeInUp slow has-background has-color-4-background-color has-m-t m-t-0 has-p-t p-t-0\" >\r\n        <div class=\"container container--full\">\r\n        \n\n<figure class=\"wp-block-gallery has-nested-images columns-1 is-cropped galerie-slider-container wp-block-gallery-1 is-layout-flex wp-block-gallery-is-layout-flex\">\n<figure class=\"wp-block-image size-full\"><a href=\"https:\/\/www.normandieyport.geek-tonic.dev\/wp-content\/uploads\/sites\/11\/2023\/05\/enfant-camping-voiture-pleine-vacances.webp\"><img decoding=\"async\" width=\"1074\" height=\"757\" src=\"https:\/\/www.normandieyport.geek-tonic.dev\/wp-content\/uploads\/sites\/11\/2023\/05\/enfant-camping-voiture-pleine-vacances.webp\" alt=\"Kindercamping Auto voller Urlaub komplette Campingausr&#xFC;stung\" class=\"wp-image-2026\" srcset=\"https:\/\/normandieyport.geek-tonic.dev\/wp-content\/uploads\/sites\/11\/2023\/05\/enfant-camping-voiture-pleine-vacances.webp 1074w, https:\/\/normandieyport.geek-tonic.dev\/wp-content\/uploads\/sites\/11\/2023\/05\/enfant-camping-voiture-pleine-vacances-300x211.webp 300w, https:\/\/normandieyport.geek-tonic.dev\/wp-content\/uploads\/sites\/11\/2023\/05\/enfant-camping-voiture-pleine-vacances-1024x722.webp 1024w, https:\/\/normandieyport.geek-tonic.dev\/wp-content\/uploads\/sites\/11\/2023\/05\/enfant-camping-voiture-pleine-vacances-768x541.webp 768w\" sizes=\"(max-width: 1074px) 100vw, 1074px\" \/><\/a><\/figure>\n\n\n\n<figure class=\"wp-block-image size-full\"><a href=\"https:\/\/www.normandieyport.geek-tonic.dev\/wp-content\/uploads\/sites\/11\/2023\/05\/chenaie-6_resultat.webp\"><img decoding=\"async\" width=\"1024\" height=\"710\" src=\"https:\/\/www.normandieyport.geek-tonic.dev\/wp-content\/uploads\/sites\/11\/2023\/05\/chenaie-6_resultat.webp\" alt=\"La chenaie flower camping hebergement au milieu des arbres &#xE0; Yport\" class=\"wp-image-1813\" srcset=\"https:\/\/normandieyport.geek-tonic.dev\/wp-content\/uploads\/sites\/11\/2023\/05\/chenaie-6_resultat.webp 1024w, https:\/\/normandieyport.geek-tonic.dev\/wp-content\/uploads\/sites\/11\/2023\/05\/chenaie-6_resultat-300x208.webp 300w, https:\/\/normandieyport.geek-tonic.dev\/wp-content\/uploads\/sites\/11\/2023\/05\/chenaie-6_resultat-768x533.webp 768w\" sizes=\"(max-width: 1024px) 100vw, 1024px\" \/><\/a><\/figure>\n\n\n\n<figure class=\"wp-block-image size-full\"><a href=\"https:\/\/www.normandieyport.geek-tonic.dev\/wp-content\/uploads\/sites\/11\/2023\/06\/interieur-mobilhome.jpg\"><img decoding=\"async\" width=\"900\" height=\"600\" src=\"https:\/\/www.normandieyport.geek-tonic.dev\/wp-content\/uploads\/sites\/11\/2023\/06\/interieur-mobilhome.jpg\" alt=\"mobilhome innen\" class=\"wp-image-3024\" srcset=\"https:\/\/normandieyport.geek-tonic.dev\/wp-content\/uploads\/sites\/11\/2023\/06\/interieur-mobilhome.jpg 900w, https:\/\/normandieyport.geek-tonic.dev\/wp-content\/uploads\/sites\/11\/2023\/06\/interieur-mobilhome-300x200.jpg 300w, https:\/\/normandieyport.geek-tonic.dev\/wp-content\/uploads\/sites\/11\/2023\/06\/interieur-mobilhome-768x512.jpg 768w\" sizes=\"(max-width: 900px) 100vw, 900px\" \/><\/a><\/figure>\n<\/figure>\n\n\r\n    <\/div>\r\n<\/section><section id=\"ls-section-block_11d4d11c40e90c04ea6133326d4d5ad3\" class=\"ls-section  page-one animated fadeInUp slow \" >\r\n        <div class=\"container container--wide\">\r\n        \n\n<h2 class=\"ls__heading wp-block-heading has-text-align-center\">Unsere leichten Optionen  <\/h2>\n\n\n\n<p class=\"ls-paragraph has-text-align-center\">Der Campingplatz bietet eine breite Palette an <strong>zus\u00e4tzlichen Dienstleistungen<\/strong>, um Ihren Aufenthalt noch angenehmer zu gestalten. Sie k\u00f6nnen mieten:  <\/p>\n\n\n\n<ul class=\"ls-list wp-block-list\">\n<li><strong>Handt\u00fccher<\/strong> zu 8 \u20ac pro Person,<\/li>\n\n\n\n<li><strong>Bettw\u00e4sche <\/strong>zu 11 \u20ac f\u00fcr ein Einzelbett und 15 \u20ac f\u00fcr ein Doppelbett,<\/li>\n\n\n\n<li>eine komplette <strong>Babyausstattung<\/strong> f\u00fcr 5 \u20ac pro Tag. Der Bausatz enth\u00e4lt:\n<ul class=\"ls-list wp-block-list\">\n<li>  ein Regenschirmbett,  <\/li>\n\n\n\n<li>eine Matratze,  <\/li>\n\n\n\n<li>einen Hochstuhl,  <\/li>\n\n\n\n<li>eine kostenlose &#8222;Dino&#8220;-Badewanne und einen Badewannenauslauf bei jeder Anmietung eines Babykits (neu im Jahr 2023).<\/li>\n<\/ul>\n<\/li>\n\n\n\n<li><strong>K\u00fchlschr\u00e4nke<\/strong> f\u00fcr 6 \u20ac pro Tag,<\/li>\n\n\n\n<li><strong>Barbecues<\/strong>.<\/li>\n<\/ul>\n\n\n\n<p class=\"ls-paragraph has-text-align-center\"><strong>Planchas sind in Premium-Wohnmobilen enthalten<\/strong> (neu f\u00fcr 2023).<br\/>Es gibt auch einen<strong> Waschsalon mit W\u00e4schetrockner<\/strong> vor Ort.<br\/>Z\u00f6gern Sie nicht, <strong>unser Team zu kontaktieren<\/strong>, um <strong>diese<\/strong> zus\u00e4tzlichen <strong>Dienstleistungen<\/strong> zu <strong>buchen<\/strong> und Ihren Aufenthalt auf dem Campingplatz noch angenehmer und komfortabler zu gestalten.<\/p>\n\n\r\n    <\/div>\r\n<\/section><section id=\"ls-section-block_54e7fdc2a2e55b3183e7ed216bff946f\" class=\"ls-section  page-one has-background has-color-4-background-color\" >\r\n        <div class=\"container container--wide\">\r\n        \n\n<div class=\"wp-block-columns are-vertically-aligned-center is-layout-flex wp-container-core-columns-is-layout-2 wp-block-columns-is-layout-flex\">\n<div class=\"wp-block-column is-vertically-aligned-center first animated fadeInLeft slow is-layout-flow wp-block-column-is-layout-flow\" style=\"flex-basis:55%\">\n<h2 class=\"ls__heading wp-block-heading\">Unsere anderen Dienstleistungen<\/h2>\n\n\n\n<h3 class=\"ls__heading wp-block-heading\">Wifi<\/h3>\n\n\n\n<p class=\"ls-paragraph\"><strong>Kostenloses Wifi auf dem gesamten Campingplatz<\/strong>. So k\u00f6nnen Sie mit Freunden und Familie in Kontakt bleiben, Erfahrungen und Fotos austauschen oder einfach vom Campingplatz aus im Internet surfen.<\/p>\n\n\n\n<h3 class=\"ls__heading wp-block-heading\">Brot-Depot<\/h3>\n\n\n\n<p class=\"ls-paragraph\">F\u00fcr ein warmes <strong>Fr\u00fchst\u00fcck<\/strong>, das Ihre Familie begeistern wird,<strong> reservieren Sie am Vortag Brot und Geb\u00e4ck<\/strong>, das Sie um 8:30 Uhr an der Rezeption abholen k\u00f6nnen.<\/p>\n\n\n\n<div class=\"ls-lire-plus\">\n    <input id=\"ls-lire-plus-block_dbba5cfd1a5ef2bcea41eea68e6bc5f969e62374c3bc4\" type=\"checkbox\" class=\"ls-lire-plus__toggle\"  \/>\n    <label for=\"ls-lire-plus-block_dbba5cfd1a5ef2bcea41eea68e6bc5f969e62374c3bc4\" class=\"ls-lire-plus__toggle-label\">\n        <span>Lire plus<\/span>\n        <span>Lire moins<\/span>\n    <\/label>\n    <div class=\"ls-lire-plus__content\">\n        \n\n<h3 class=\"ls__heading wp-block-heading\">Die Snackbar  <\/h3>\n\n\n\n<p class=\"ls-paragraph\">Unsere Snackbar ist t\u00e4glich von 11 bis 13:30 Uhr und von 17:30 bis 21 Uhr ge\u00f6ffnet, wo Sie <strong>unsere k\u00f6stlichen Gerichte genie\u00dfen<\/strong> k\u00f6nnen.<\/p>\n\n\n\n<p class=\"ls-paragraph addReadMore showlesscontent\">Wir bieten eine gro\u00dfe Auswahl an Pizzen, Salaten, Fleischgerichten und Snacks f\u00fcr jeden Geschmack. Egal, ob Sie ein Fleischliebhaber oder ein Fan von leichter Kost sind, unsere <strong>abwechslungsreiche Speisekarte<\/strong> wird Sie begeistern.<br\/><br\/>Wenn Sie einen angenehmen Ort zum Essen suchen, bietet unsere Snackbar eine<strong> Terrasse, auf der Sie die frische Luft genie\u00dfen k\u00f6nnen<\/strong>, w\u00e4hrend Sie Ihre Mahlzeit verzehren. Wenn Sie es eilig haben oder lieber zu Hause essen m\u00f6chten, bieten wir auch einen <strong>Mitnahmeservice<\/strong> an, damit Sie unsere K\u00f6stlichkeiten \u00fcberall genie\u00dfen k\u00f6nnen.<br\/><br\/>Besuchen Sie uns also noch heute! Wir freuen uns darauf, Sie in unserer <strong>gem\u00fctlichen und freundlichen Snackbar<\/strong> begr\u00fc\u00dfen zu d\u00fcrfen.<\/p>\n\n        <div class=\"ls-lire-plus__gradient\" style=\"background: linear-gradient(to bottom,rgba(255,235,204,0) 0%,rgba(255,235,204,1) 100%);\"><\/div>\n    <\/div>\n<\/div><\/div>\n\n\n\n<div class=\"wp-block-column is-vertically-aligned-center second animated fadeInRight delay-100ms slow is-layout-flow wp-block-column-is-layout-flow\" style=\"flex-basis:45%\">\n<figure class=\"wp-block-image size-full\"><a href=\"https:\/\/www.normandieyport.geek-tonic.dev\/wp-content\/uploads\/sites\/11\/2023\/06\/camping-snack-normandie.webp\"><img decoding=\"async\" width=\"1000\" height=\"667\" src=\"https:\/\/www.normandieyport.geek-tonic.dev\/wp-content\/uploads\/sites\/11\/2023\/06\/camping-snack-normandie.webp\" alt=\"camping snack normandie\" class=\"wp-image-3030\" srcset=\"https:\/\/normandieyport.geek-tonic.dev\/wp-content\/uploads\/sites\/11\/2023\/06\/camping-snack-normandie.webp 1000w, https:\/\/normandieyport.geek-tonic.dev\/wp-content\/uploads\/sites\/11\/2023\/06\/camping-snack-normandie-300x200.webp 300w, https:\/\/normandieyport.geek-tonic.dev\/wp-content\/uploads\/sites\/11\/2023\/06\/camping-snack-normandie-768x512.webp 768w\" sizes=\"(max-width: 1000px) 100vw, 1000px\" \/><\/a><\/figure>\n<\/div>\n<\/div>\n\n\r\n    <\/div>\r\n<\/section><section id=\"ls-section-block_416429b10aef3856fed9865b351db841\" class=\"ls-section  page-maillage experience\" >\r\n        <div class=\"container container--wide\">\r\n        \n\n<div id=\"ls-heading ls-titre-div-block_3f1aeffd70bfdc4b9ac171715dc17ad6\" class=\"ls-titre-div aligncenter h2-like\" >\n    Entdecken Sie unsere Freizeitaktivit\u00e4ten, Unterk\u00fcnfte und Umgebung<\/div>\n\n\n<div id=\"ls-maillage-block_b21804c160c3686b373bd4f098b5538e\" class=\"ls-maillage cta-style-normal\" data-rows=\"3\">\n    <div class=\"wp-block-columns\"><div class=\"wp-block-column\"><div id=\"destinations\" class=\"ls-cta\">\n\n<a href=\"https:\/\/normandieyport.geek-tonic.dev\/de\/standort-mobil-heimat-hafen\/\" target=\"\" rel=\"noopener\" class=\"ls-cta__link\">\n\n\t<div class=\"ls-cta__image\"><img decoding=\"async\" src=\"https:\/\/normandieyport.geek-tonic.dev\/wp-content\/uploads\/sites\/11\/2023\/04\/vacances-yport.webp\" alt=\"vermietung chalet yport\"><\/div>\n\t<div class=\"ls-cta__title\">\n\t\tUnsere Vermietungen\t<\/div>\n\n\t\t\n<\/a><\/div><\/div><div class=\"wp-block-column\"><div id=\"destinations\" class=\"ls-cta\">\n\n<a href=\"https:\/\/normandieyport.geek-tonic.dev\/de\/camping-animations-yport\/\" target=\"\" rel=\"noopener\" class=\"ls-cta__link\">\n\n\t<div class=\"ls-cta__image\"><img decoding=\"async\" src=\"https:\/\/normandieyport.geek-tonic.dev\/wp-content\/uploads\/sites\/11\/2023\/05\/animations.jpg\" alt=\"animations\"><\/div>\n\t<div class=\"ls-cta__title\">\n\t\tNos loisirs\t<\/div>\n\n\t\t\n<\/a><\/div><\/div><div class=\"wp-block-column\"><div id=\"destinations\" class=\"ls-cta\">\n\n<a href=\"https:\/\/normandieyport.geek-tonic.dev\/de\/tourismus-normandie\/\" target=\"\" rel=\"noopener\" class=\"ls-cta__link\">\n\n\t<div class=\"ls-cta__image\"><img decoding=\"async\" src=\"https:\/\/normandieyport.geek-tonic.dev\/wp-content\/uploads\/sites\/11\/2023\/05\/flower-camping-la-chenaie-78794-29-1.webp\" alt=\"Normandie camping la chenaie H\u00fctten am Strand\"><\/div>\n\t<div class=\"ls-cta__title\">\n\t\tTourismus in der Normandie\t<\/div>\n\n\t\t\n<\/a><\/div><\/div><\/div><\/div>\n\r\n    <\/div>\r\n<\/section>","protected":false},"excerpt":{"rendered":"","protected":false},"author":1,"featured_media":2053,"parent":0,"menu_order":0,"comment_status":"closed","ping_status":"closed","template":"","meta":{"_acf_changed":false,"footnotes":""},"sujet":[],"class_list":["post-3508","page","type-page","status-publish","has-post-thumbnail","hentry"],"acf":[],"yoast_head":"<!-- This site is optimized with the Yoast SEO plugin v23.9 - https:\/\/yoast.com\/wordpress\/plugins\/seo\/ -->\n<title>Familiencampingplatz in Seine-Maritime | Snackbar in Yport<\/title>\n<meta name=\"description\" content=\"Buchen Sie Ihren Campingurlaub auf dem Flower Camping La Ch\u00eanaie und informieren Sie sich \u00fcber alle unsere Dienstleistungen. Hier finden Sie alles, was Sie f\u00fcr einen erholsamen Urlaub in Yport brauchen, zu Ihrer Verf\u00fcgung oder zur Miete.\" \/>\n<meta name=\"robots\" content=\"noindex, follow, max-snippet:-1, max-image-preview:large, max-video-preview:-1\" \/>\n<meta property=\"og:locale\" content=\"de_DE\" \/>\n<meta property=\"og:type\" content=\"article\" \/>\n<meta property=\"og:title\" content=\"Familiencampingplatz in Seine-Maritime | Snackbar in Yport\" \/>\n<meta property=\"og:description\" content=\"Buchen Sie Ihren Campingurlaub auf dem Flower Camping La Ch\u00eanaie und informieren Sie sich \u00fcber alle unsere Dienstleistungen. Hier finden Sie alles, was Sie f\u00fcr einen erholsamen Urlaub in Yport brauchen, zu Ihrer Verf\u00fcgung oder zur Miete.\" \/>\n<meta property=\"og:url\" content=\"https:\/\/normandieyport.geek-tonic.dev\/de\/campingplatz-familie-yport\/\" \/>\n<meta property=\"og:site_name\" content=\"La Chenaie\" \/>\n<meta property=\"article:modified_time\" content=\"2024-03-27T11:03:45+00:00\" \/>\n<meta property=\"og:image\" content=\"https:\/\/normandieyport.geek-tonic.dev\/wp-content\/uploads\/sites\/11\/2023\/05\/chenaie-3_resultat_2.webp\" \/>\n\t<meta property=\"og:image:width\" content=\"1601\" \/>\n\t<meta property=\"og:image:height\" content=\"1200\" \/>\n\t<meta property=\"og:image:type\" content=\"image\/webp\" \/>\n<meta name=\"twitter:card\" content=\"summary_large_image\" \/>\n<meta name=\"twitter:label1\" content=\"Gesch\u00e4tzte Lesezeit\" \/>\n\t<meta name=\"twitter:data1\" content=\"3\u00a0Minuten\" \/>\n<script type=\"application\/ld+json\" class=\"yoast-schema-graph\">{\"@context\":\"https:\/\/schema.org\",\"@graph\":[{\"@type\":\"WebPage\",\"@id\":\"https:\/\/normandieyport.geek-tonic.dev\/de\/campingplatz-familie-yport\/\",\"url\":\"https:\/\/normandieyport.geek-tonic.dev\/de\/campingplatz-familie-yport\/\",\"name\":\"Familiencampingplatz in Seine-Maritime | Snackbar in Yport\",\"isPartOf\":{\"@id\":\"https:\/\/normandieyport.geek-tonic.dev\/de\/#website\"},\"primaryImageOfPage\":{\"@id\":\"https:\/\/normandieyport.geek-tonic.dev\/de\/campingplatz-familie-yport\/#primaryimage\"},\"image\":{\"@id\":\"https:\/\/normandieyport.geek-tonic.dev\/de\/campingplatz-familie-yport\/#primaryimage\"},\"thumbnailUrl\":\"https:\/\/normandieyport.geek-tonic.dev\/wp-content\/uploads\/sites\/11\/2023\/05\/chenaie-3_resultat_2.webp\",\"datePublished\":\"2023-05-24T14:14:41+00:00\",\"dateModified\":\"2024-03-27T11:03:45+00:00\",\"description\":\"Buchen Sie Ihren Campingurlaub auf dem Flower Camping La Ch\u00eanaie und informieren Sie sich \u00fcber alle unsere Dienstleistungen. Hier finden Sie alles, was Sie f\u00fcr einen erholsamen Urlaub in Yport brauchen, zu Ihrer Verf\u00fcgung oder zur Miete.\",\"breadcrumb\":{\"@id\":\"https:\/\/normandieyport.geek-tonic.dev\/de\/campingplatz-familie-yport\/#breadcrumb\"},\"inLanguage\":\"de\",\"potentialAction\":[{\"@type\":\"ReadAction\",\"target\":[\"https:\/\/normandieyport.geek-tonic.dev\/de\/campingplatz-familie-yport\/\"]}]},{\"@type\":\"ImageObject\",\"inLanguage\":\"de\",\"@id\":\"https:\/\/normandieyport.geek-tonic.dev\/de\/campingplatz-familie-yport\/#primaryimage\",\"url\":\"https:\/\/normandieyport.geek-tonic.dev\/wp-content\/uploads\/sites\/11\/2023\/05\/chenaie-3_resultat_2.webp\",\"contentUrl\":\"https:\/\/normandieyport.geek-tonic.dev\/wp-content\/uploads\/sites\/11\/2023\/05\/chenaie-3_resultat_2.webp\",\"width\":1601,\"height\":1200,\"caption\":\"dienstleistungen in der unterkunft flower camping la chenaie\"},{\"@type\":\"BreadcrumbList\",\"@id\":\"https:\/\/normandieyport.geek-tonic.dev\/de\/campingplatz-familie-yport\/#breadcrumb\",\"itemListElement\":[{\"@type\":\"ListItem\",\"position\":1,\"name\":\"Camping Normandie\",\"item\":\"https:\/\/normandieyport.geek-tonic.dev\/de\/\"},{\"@type\":\"ListItem\",\"position\":2,\"name\":\"Imbissstube in Yport\"}]},{\"@type\":\"WebSite\",\"@id\":\"https:\/\/normandieyport.geek-tonic.dev\/de\/#website\",\"url\":\"https:\/\/normandieyport.geek-tonic.dev\/de\/\",\"name\":\"La Chenaie\",\"description\":\"\",\"publisher\":{\"@id\":\"https:\/\/normandieyport.geek-tonic.dev\/de\/#organization\"},\"potentialAction\":[{\"@type\":\"SearchAction\",\"target\":{\"@type\":\"EntryPoint\",\"urlTemplate\":\"https:\/\/normandieyport.geek-tonic.dev\/de\/?s={search_term_string}\"},\"query-input\":{\"@type\":\"PropertyValueSpecification\",\"valueRequired\":true,\"valueName\":\"search_term_string\"}}],\"inLanguage\":\"de\"},{\"@type\":\"Organization\",\"@id\":\"https:\/\/normandieyport.geek-tonic.dev\/de\/#organization\",\"name\":\"La Chenaie\",\"url\":\"https:\/\/normandieyport.geek-tonic.dev\/de\/\",\"logo\":{\"@type\":\"ImageObject\",\"inLanguage\":\"de\",\"@id\":\"https:\/\/normandieyport.geek-tonic.dev\/de\/#\/schema\/logo\/image\/\",\"url\":\"https:\/\/normandieyport.geek-tonic.dev\/wp-content\/uploads\/sites\/11\/2024\/03\/cropped-logo-Flower-camping-La-chenaie.png\",\"contentUrl\":\"https:\/\/normandieyport.geek-tonic.dev\/wp-content\/uploads\/sites\/11\/2024\/03\/cropped-logo-Flower-camping-La-chenaie.png\",\"width\":500,\"height\":660,\"caption\":\"La Chenaie\"},\"image\":{\"@id\":\"https:\/\/normandieyport.geek-tonic.dev\/de\/#\/schema\/logo\/image\/\"}}]}<\/script>\n<!-- \/ Yoast SEO plugin. -->","yoast_head_json":{"title":"Familiencampingplatz in Seine-Maritime | Snackbar in Yport","description":"Buchen Sie Ihren Campingurlaub auf dem Flower Camping La Ch\u00eanaie und informieren Sie sich \u00fcber alle unsere Dienstleistungen. Hier finden Sie alles, was Sie f\u00fcr einen erholsamen Urlaub in Yport brauchen, zu Ihrer Verf\u00fcgung oder zur Miete.","robots":{"index":"noindex","follow":"follow","max-snippet":"max-snippet:-1","max-image-preview":"max-image-preview:large","max-video-preview":"max-video-preview:-1"},"og_locale":"de_DE","og_type":"article","og_title":"Familiencampingplatz in Seine-Maritime | Snackbar in Yport","og_description":"Buchen Sie Ihren Campingurlaub auf dem Flower Camping La Ch\u00eanaie und informieren Sie sich \u00fcber alle unsere Dienstleistungen. Hier finden Sie alles, was Sie f\u00fcr einen erholsamen Urlaub in Yport brauchen, zu Ihrer Verf\u00fcgung oder zur Miete.","og_url":"https:\/\/normandieyport.geek-tonic.dev\/de\/campingplatz-familie-yport\/","og_site_name":"La Chenaie","article_modified_time":"2024-03-27T11:03:45+00:00","og_image":[{"width":1601,"height":1200,"url":"https:\/\/normandieyport.geek-tonic.dev\/wp-content\/uploads\/sites\/11\/2023\/05\/chenaie-3_resultat_2.webp","type":"image\/webp"}],"twitter_card":"summary_large_image","twitter_misc":{"Gesch\u00e4tzte Lesezeit":"3\u00a0Minuten"},"schema":{"@context":"https:\/\/schema.org","@graph":[{"@type":"WebPage","@id":"https:\/\/normandieyport.geek-tonic.dev\/de\/campingplatz-familie-yport\/","url":"https:\/\/normandieyport.geek-tonic.dev\/de\/campingplatz-familie-yport\/","name":"Familiencampingplatz in Seine-Maritime | Snackbar in Yport","isPartOf":{"@id":"https:\/\/normandieyport.geek-tonic.dev\/de\/#website"},"primaryImageOfPage":{"@id":"https:\/\/normandieyport.geek-tonic.dev\/de\/campingplatz-familie-yport\/#primaryimage"},"image":{"@id":"https:\/\/normandieyport.geek-tonic.dev\/de\/campingplatz-familie-yport\/#primaryimage"},"thumbnailUrl":"https:\/\/normandieyport.geek-tonic.dev\/wp-content\/uploads\/sites\/11\/2023\/05\/chenaie-3_resultat_2.webp","datePublished":"2023-05-24T14:14:41+00:00","dateModified":"2024-03-27T11:03:45+00:00","description":"Buchen Sie Ihren Campingurlaub auf dem Flower Camping La Ch\u00eanaie und informieren Sie sich \u00fcber alle unsere Dienstleistungen. Hier finden Sie alles, was Sie f\u00fcr einen erholsamen Urlaub in Yport brauchen, zu Ihrer Verf\u00fcgung oder zur Miete.","breadcrumb":{"@id":"https:\/\/normandieyport.geek-tonic.dev\/de\/campingplatz-familie-yport\/#breadcrumb"},"inLanguage":"de","potentialAction":[{"@type":"ReadAction","target":["https:\/\/normandieyport.geek-tonic.dev\/de\/campingplatz-familie-yport\/"]}]},{"@type":"ImageObject","inLanguage":"de","@id":"https:\/\/normandieyport.geek-tonic.dev\/de\/campingplatz-familie-yport\/#primaryimage","url":"https:\/\/normandieyport.geek-tonic.dev\/wp-content\/uploads\/sites\/11\/2023\/05\/chenaie-3_resultat_2.webp","contentUrl":"https:\/\/normandieyport.geek-tonic.dev\/wp-content\/uploads\/sites\/11\/2023\/05\/chenaie-3_resultat_2.webp","width":1601,"height":1200,"caption":"dienstleistungen in der unterkunft flower camping la chenaie"},{"@type":"BreadcrumbList","@id":"https:\/\/normandieyport.geek-tonic.dev\/de\/campingplatz-familie-yport\/#breadcrumb","itemListElement":[{"@type":"ListItem","position":1,"name":"Camping Normandie","item":"https:\/\/normandieyport.geek-tonic.dev\/de\/"},{"@type":"ListItem","position":2,"name":"Imbissstube in Yport"}]},{"@type":"WebSite","@id":"https:\/\/normandieyport.geek-tonic.dev\/de\/#website","url":"https:\/\/normandieyport.geek-tonic.dev\/de\/","name":"La Chenaie","description":"","publisher":{"@id":"https:\/\/normandieyport.geek-tonic.dev\/de\/#organization"},"potentialAction":[{"@type":"SearchAction","target":{"@type":"EntryPoint","urlTemplate":"https:\/\/normandieyport.geek-tonic.dev\/de\/?s={search_term_string}"},"query-input":{"@type":"PropertyValueSpecification","valueRequired":true,"valueName":"search_term_string"}}],"inLanguage":"de"},{"@type":"Organization","@id":"https:\/\/normandieyport.geek-tonic.dev\/de\/#organization","name":"La Chenaie","url":"https:\/\/normandieyport.geek-tonic.dev\/de\/","logo":{"@type":"ImageObject","inLanguage":"de","@id":"https:\/\/normandieyport.geek-tonic.dev\/de\/#\/schema\/logo\/image\/","url":"https:\/\/normandieyport.geek-tonic.dev\/wp-content\/uploads\/sites\/11\/2024\/03\/cropped-logo-Flower-camping-La-chenaie.png","contentUrl":"https:\/\/normandieyport.geek-tonic.dev\/wp-content\/uploads\/sites\/11\/2024\/03\/cropped-logo-Flower-camping-La-chenaie.png","width":500,"height":660,"caption":"La Chenaie"},"image":{"@id":"https:\/\/normandieyport.geek-tonic.dev\/de\/#\/schema\/logo\/image\/"}}]}},"_links":{"self":[{"href":"https:\/\/normandieyport.geek-tonic.dev\/de\/wp-json\/wp\/v2\/pages\/3508","targetHints":{"allow":["GET"]}}],"collection":[{"href":"https:\/\/normandieyport.geek-tonic.dev\/de\/wp-json\/wp\/v2\/pages"}],"about":[{"href":"https:\/\/normandieyport.geek-tonic.dev\/de\/wp-json\/wp\/v2\/types\/page"}],"author":[{"embeddable":true,"href":"https:\/\/normandieyport.geek-tonic.dev\/de\/wp-json\/wp\/v2\/users\/1"}],"replies":[{"embeddable":true,"href":"https:\/\/normandieyport.geek-tonic.dev\/de\/wp-json\/wp\/v2\/comments?post=3508"}],"version-history":[{"count":3,"href":"https:\/\/normandieyport.geek-tonic.dev\/de\/wp-json\/wp\/v2\/pages\/3508\/revisions"}],"predecessor-version":[{"id":3786,"href":"https:\/\/normandieyport.geek-tonic.dev\/de\/wp-json\/wp\/v2\/pages\/3508\/revisions\/3786"}],"wp:featuredmedia":[{"embeddable":true,"href":"https:\/\/normandieyport.geek-tonic.dev\/de\/wp-json\/wp\/v2\/media\/2053"}],"wp:attachment":[{"href":"https:\/\/normandieyport.geek-tonic.dev\/de\/wp-json\/wp\/v2\/media?parent=3508"}],"wp:term":[{"taxonomy":"sujet","embeddable":true,"href":"https:\/\/normandieyport.geek-tonic.dev\/de\/wp-json\/wp\/v2\/sujet?post=3508"}],"curies":[{"name":"wp","href":"https:\/\/api.w.org\/{rel}","templated":true}]}}