{"id":3506,"date":"2023-04-03T16:54:25","date_gmt":"2023-04-03T14:54:25","guid":{"rendered":"https:\/\/www.normandieyport.geek-tonic.dev\/rechtshinweis\/"},"modified":"2024-03-27T12:03:45","modified_gmt":"2024-03-27T11:03:45","slug":"rechtshinweis","status":"publish","type":"page","link":"https:\/\/normandieyport.geek-tonic.dev\/de\/rechtshinweis\/","title":{"rendered":"Bedingungen f\u00fcr die Nutzung"},"content":{"rendered":"<section id=\"ls-section-block_6c693babfa276fe9e2355e5eb579b6f7\" class=\"ls-section  has-background has-color-4-background-color has-m-t m-t-0 has-m-b m-b-0\" >\r\n        <div class=\"container container--wide\">\r\n        \n\n<h1 class=\"ls__heading wp-block-heading has-text-align-center\">Bedingungen f\u00fcr die Nutzung<\/h1>\n\n\n\n<h2 class=\"ls__heading wp-block-heading deco\">Bauleiter<\/h2>\n\n\n\n<p class=\"ls-paragraph\"><strong>CAMPING BLUME LA CHENAIE<\/strong><br\/>Rue Henry Simon,<br\/>76111 Yport<br\/>Telefon 02 35 27 33 56<br\/>E-Mail: camping.yport@flowercampings.com<br\/>SIRET : 21760754800021<br\/>Innergemeinschaftliche Mehrwertsteuer: FR46217607548<br\/>Leiter der Ver\u00f6ffentlichung: Nad\u00e8ge Papa\u00efx in ihrer Eigenschaft als Verkaufsleiterin<\/p>\n\n\n\n<h2 class=\"ls__heading wp-block-heading deco\">PRODUKTION<\/h2>\n\n\n\n<p class=\"ls-paragraph\"><strong>GEEK TONIC<\/strong><br\/>Vertreten durch Herrn Yohan Darmayan in seiner Eigenschaft als gesch\u00e4ftsf\u00fchrender Direktor<br\/>Hauptsitz: 50 AV. DU LAC MARION 64200 BIARRITZ<br\/>Telefon 05 32 74 11 52<br\/>E-Mail: support@geek-tonic.com<br\/>Website: <a href=\"https:\/\/www.geek-tonic.com\/\">www.geek-tonic.com<\/a><br\/>SIRET : 89746755100015<br\/>APE : 6201Z<\/p>\n\n\n\n<h2 class=\"ls__heading wp-block-heading deco\">TANTIEMEN UND URHEBERRECHTE<\/h2>\n\n\n\n<p class=\"ls-paragraph\">Der gesamte Inhalt dieser Website unterliegt dem Urheberrecht und den Rechten des geistigen Eigentums nach franz\u00f6sischem Recht. Jegliche Reproduktion (einschlie\u00dflich Fotos, Icons und herunterladbare Dokumente) ist ohne vorherige Zustimmung von GEEK TONIC untersagt. Die Vervielf\u00e4ltigung der gesamten oder eines Teils der Website in Papier- oder elektronischer Form auf elektronischen Medien ist verboten. GEEK TONIC ist nicht verantwortlich f\u00fcr den Inhalt der Website. GEEK TONIC lehnt auch jede Verantwortung f\u00fcr externe Links ab, die auf diese Website verweisen.<\/p>\n\n\n\n<h2 class=\"ls__heading wp-block-heading deco\" id=\"m-t-6\">PERSONENBEZOGENE DATEN UND NOMINATIVE INFORMATIONEN<\/h2>\n\n\n\n<p class=\"ls-paragraph\">Sie haben gem\u00e4\u00df Artikel 34 des franz\u00f6sischen Datenschutzgesetzes (Loi &#8220; Informatique et Libert\u00e9s &#8220; n\u00b0 78-17 du 6 janvier 1978, ge\u00e4ndert am 6. August 2018) das Recht auf Zugang, \u00c4nderung, Berichtigung und L\u00f6schung der Sie betreffenden Daten. Um Ihr Auskunftsrecht auszu\u00fcben, gen\u00fcgt es, einen schriftlichen Antrag an den Herausgeber der Website zu senden.<\/p>\n\n\n\n<h2 class=\"ls__heading wp-block-heading deco\">LEGISLATION<\/h2>\n\n\n\n<p class=\"ls-paragraph\">Gem\u00e4\u00df dem Gesetz vom 11. M\u00e4rz 1957 (Art. 41) und dem Gesetz \u00fcber das geistige Eigentum vom 1. Juli 1992 ist es verboten, Teile der Website ganz oder teilweise ohne vorherige Genehmigung des Herausgebers der Website zu reproduzieren. Logos, Bildmaterial, Fotos, Videos, Grafiken und Texte sind Eigentum der jeweiligen Inhaber. Diese Website kann mit anderen Websites durch Hyperlinks verbunden sein. Der Herausgeber der Website lehnt jede Verantwortung f\u00fcr die auf diesen anderen Websites dargestellten Informationen ab. Der Internetnutzer erkennt an, dass die Nutzung dieser Website dem franz\u00f6sischen Recht unterliegt.<\/p>\n\n\r\n    <\/div>\r\n<\/section>","protected":false},"excerpt":{"rendered":"","protected":false},"author":1,"featured_media":0,"parent":0,"menu_order":0,"comment_status":"closed","ping_status":"closed","template":"","meta":{"_acf_changed":false,"footnotes":""},"sujet":[],"class_list":["post-3506","page","type-page","status-publish","hentry"],"acf":[],"yoast_head":"<!-- This site is optimized with the Yoast SEO plugin v23.9 - https:\/\/yoast.com\/wordpress\/plugins\/seo\/ -->\n<title>Bedingungen f\u00fcr die Nutzung - La Chenaie<\/title>\n<meta name=\"robots\" content=\"noindex, nofollow\" \/>\n<meta property=\"og:locale\" content=\"de_DE\" \/>\n<meta property=\"og:type\" content=\"article\" \/>\n<meta property=\"og:title\" content=\"Bedingungen f\u00fcr die Nutzung - La Chenaie\" \/>\n<meta property=\"og:url\" content=\"https:\/\/normandieyport.geek-tonic.dev\/de\/rechtshinweis\/\" \/>\n<meta property=\"og:site_name\" content=\"La Chenaie\" \/>\n<meta property=\"article:modified_time\" content=\"2024-03-27T11:03:45+00:00\" \/>\n<meta name=\"twitter:card\" content=\"summary_large_image\" \/>\n<meta name=\"twitter:label1\" content=\"Gesch\u00e4tzte Lesezeit\" \/>\n\t<meta name=\"twitter:data1\" content=\"1\u00a0Minute\" \/>\n<script type=\"application\/ld+json\" class=\"yoast-schema-graph\">{\"@context\":\"https:\/\/schema.org\",\"@graph\":[{\"@type\":\"WebPage\",\"@id\":\"https:\/\/normandieyport.geek-tonic.dev\/de\/rechtshinweis\/\",\"url\":\"https:\/\/normandieyport.geek-tonic.dev\/de\/rechtshinweis\/\",\"name\":\"Bedingungen f\u00fcr die Nutzung - La Chenaie\",\"isPartOf\":{\"@id\":\"https:\/\/normandieyport.geek-tonic.dev\/de\/#website\"},\"datePublished\":\"2023-04-03T14:54:25+00:00\",\"dateModified\":\"2024-03-27T11:03:45+00:00\",\"breadcrumb\":{\"@id\":\"https:\/\/normandieyport.geek-tonic.dev\/de\/rechtshinweis\/#breadcrumb\"},\"inLanguage\":\"de\",\"potentialAction\":[{\"@type\":\"ReadAction\",\"target\":[\"https:\/\/normandieyport.geek-tonic.dev\/de\/rechtshinweis\/\"]}]},{\"@type\":\"BreadcrumbList\",\"@id\":\"https:\/\/normandieyport.geek-tonic.dev\/de\/rechtshinweis\/#breadcrumb\",\"itemListElement\":[{\"@type\":\"ListItem\",\"position\":1,\"name\":\"Camping Normandie\",\"item\":\"https:\/\/normandieyport.geek-tonic.dev\/de\/\"},{\"@type\":\"ListItem\",\"position\":2,\"name\":\"Bedingungen f\u00fcr die Nutzung\"}]},{\"@type\":\"WebSite\",\"@id\":\"https:\/\/normandieyport.geek-tonic.dev\/de\/#website\",\"url\":\"https:\/\/normandieyport.geek-tonic.dev\/de\/\",\"name\":\"La Chenaie\",\"description\":\"\",\"publisher\":{\"@id\":\"https:\/\/normandieyport.geek-tonic.dev\/de\/#organization\"},\"potentialAction\":[{\"@type\":\"SearchAction\",\"target\":{\"@type\":\"EntryPoint\",\"urlTemplate\":\"https:\/\/normandieyport.geek-tonic.dev\/de\/?s={search_term_string}\"},\"query-input\":{\"@type\":\"PropertyValueSpecification\",\"valueRequired\":true,\"valueName\":\"search_term_string\"}}],\"inLanguage\":\"de\"},{\"@type\":\"Organization\",\"@id\":\"https:\/\/normandieyport.geek-tonic.dev\/de\/#organization\",\"name\":\"La Chenaie\",\"url\":\"https:\/\/normandieyport.geek-tonic.dev\/de\/\",\"logo\":{\"@type\":\"ImageObject\",\"inLanguage\":\"de\",\"@id\":\"https:\/\/normandieyport.geek-tonic.dev\/de\/#\/schema\/logo\/image\/\",\"url\":\"https:\/\/normandieyport.geek-tonic.dev\/wp-content\/uploads\/sites\/11\/2024\/03\/cropped-logo-Flower-camping-La-chenaie.png\",\"contentUrl\":\"https:\/\/normandieyport.geek-tonic.dev\/wp-content\/uploads\/sites\/11\/2024\/03\/cropped-logo-Flower-camping-La-chenaie.png\",\"width\":500,\"height\":660,\"caption\":\"La Chenaie\"},\"image\":{\"@id\":\"https:\/\/normandieyport.geek-tonic.dev\/de\/#\/schema\/logo\/image\/\"}}]}<\/script>\n<!-- \/ Yoast SEO plugin. -->","yoast_head_json":{"title":"Bedingungen f\u00fcr die Nutzung - La Chenaie","robots":{"index":"noindex","follow":"nofollow"},"og_locale":"de_DE","og_type":"article","og_title":"Bedingungen f\u00fcr die Nutzung - La Chenaie","og_url":"https:\/\/normandieyport.geek-tonic.dev\/de\/rechtshinweis\/","og_site_name":"La Chenaie","article_modified_time":"2024-03-27T11:03:45+00:00","twitter_card":"summary_large_image","twitter_misc":{"Gesch\u00e4tzte Lesezeit":"1\u00a0Minute"},"schema":{"@context":"https:\/\/schema.org","@graph":[{"@type":"WebPage","@id":"https:\/\/normandieyport.geek-tonic.dev\/de\/rechtshinweis\/","url":"https:\/\/normandieyport.geek-tonic.dev\/de\/rechtshinweis\/","name":"Bedingungen f\u00fcr die Nutzung - La Chenaie","isPartOf":{"@id":"https:\/\/normandieyport.geek-tonic.dev\/de\/#website"},"datePublished":"2023-04-03T14:54:25+00:00","dateModified":"2024-03-27T11:03:45+00:00","breadcrumb":{"@id":"https:\/\/normandieyport.geek-tonic.dev\/de\/rechtshinweis\/#breadcrumb"},"inLanguage":"de","potentialAction":[{"@type":"ReadAction","target":["https:\/\/normandieyport.geek-tonic.dev\/de\/rechtshinweis\/"]}]},{"@type":"BreadcrumbList","@id":"https:\/\/normandieyport.geek-tonic.dev\/de\/rechtshinweis\/#breadcrumb","itemListElement":[{"@type":"ListItem","position":1,"name":"Camping Normandie","item":"https:\/\/normandieyport.geek-tonic.dev\/de\/"},{"@type":"ListItem","position":2,"name":"Bedingungen f\u00fcr die Nutzung"}]},{"@type":"WebSite","@id":"https:\/\/normandieyport.geek-tonic.dev\/de\/#website","url":"https:\/\/normandieyport.geek-tonic.dev\/de\/","name":"La Chenaie","description":"","publisher":{"@id":"https:\/\/normandieyport.geek-tonic.dev\/de\/#organization"},"potentialAction":[{"@type":"SearchAction","target":{"@type":"EntryPoint","urlTemplate":"https:\/\/normandieyport.geek-tonic.dev\/de\/?s={search_term_string}"},"query-input":{"@type":"PropertyValueSpecification","valueRequired":true,"valueName":"search_term_string"}}],"inLanguage":"de"},{"@type":"Organization","@id":"https:\/\/normandieyport.geek-tonic.dev\/de\/#organization","name":"La Chenaie","url":"https:\/\/normandieyport.geek-tonic.dev\/de\/","logo":{"@type":"ImageObject","inLanguage":"de","@id":"https:\/\/normandieyport.geek-tonic.dev\/de\/#\/schema\/logo\/image\/","url":"https:\/\/normandieyport.geek-tonic.dev\/wp-content\/uploads\/sites\/11\/2024\/03\/cropped-logo-Flower-camping-La-chenaie.png","contentUrl":"https:\/\/normandieyport.geek-tonic.dev\/wp-content\/uploads\/sites\/11\/2024\/03\/cropped-logo-Flower-camping-La-chenaie.png","width":500,"height":660,"caption":"La Chenaie"},"image":{"@id":"https:\/\/normandieyport.geek-tonic.dev\/de\/#\/schema\/logo\/image\/"}}]}},"_links":{"self":[{"href":"https:\/\/normandieyport.geek-tonic.dev\/de\/wp-json\/wp\/v2\/pages\/3506","targetHints":{"allow":["GET"]}}],"collection":[{"href":"https:\/\/normandieyport.geek-tonic.dev\/de\/wp-json\/wp\/v2\/pages"}],"about":[{"href":"https:\/\/normandieyport.geek-tonic.dev\/de\/wp-json\/wp\/v2\/types\/page"}],"author":[{"embeddable":true,"href":"https:\/\/normandieyport.geek-tonic.dev\/de\/wp-json\/wp\/v2\/users\/1"}],"replies":[{"embeddable":true,"href":"https:\/\/normandieyport.geek-tonic.dev\/de\/wp-json\/wp\/v2\/comments?post=3506"}],"version-history":[{"count":3,"href":"https:\/\/normandieyport.geek-tonic.dev\/de\/wp-json\/wp\/v2\/pages\/3506\/revisions"}],"predecessor-version":[{"id":3783,"href":"https:\/\/normandieyport.geek-tonic.dev\/de\/wp-json\/wp\/v2\/pages\/3506\/revisions\/3783"}],"wp:attachment":[{"href":"https:\/\/normandieyport.geek-tonic.dev\/de\/wp-json\/wp\/v2\/media?parent=3506"}],"wp:term":[{"taxonomy":"sujet","embeddable":true,"href":"https:\/\/normandieyport.geek-tonic.dev\/de\/wp-json\/wp\/v2\/sujet?post=3506"}],"curies":[{"name":"wp","href":"https:\/\/api.w.org\/{rel}","templated":true}]}}