{"id":3454,"date":"2023-05-24T14:12:36","date_gmt":"2023-05-24T12:12:36","guid":{"rendered":"https:\/\/www.normandieyport.geek-tonic.dev\/camping-schwimmbad-beheizt-yport\/"},"modified":"2024-03-27T12:02:56","modified_gmt":"2024-03-27T11:02:56","slug":"camping-schwimmbad-beheizt-yport","status":"publish","type":"page","link":"https:\/\/normandieyport.geek-tonic.dev\/de\/camping-schwimmbad-beheizt-yport\/","title":{"rendered":"Unser Swimmingpool"},"content":{"rendered":"<section id=\"ls-section-block_28876fc009e51bf4a71f6b5e9c52b08e\" class=\"ls-section  page-one has-background has-color-4-background-color has-m-t m-t-0 has-m-b m-b-0 has-p-t p-t-14 has-p-b p-b-14\" >\r\n        <div class=\"container container--wide\">\r\n        \n\n<div class=\"wp-block-columns are-vertically-aligned-center is-layout-flex wp-container-core-columns-is-layout-1 wp-block-columns-is-layout-flex\">\n<div class=\"wp-block-column is-vertically-aligned-center animated fadeInLeft delay-100ms slow is-layout-flow wp-block-column-is-layout-flow\" style=\"flex-basis:45%\">\n<figure class=\"wp-block-image size-full\"><a href=\"https:\/\/www.normandieyport.geek-tonic.dev\/wp-content\/uploads\/sites\/11\/2023\/05\/AdobeStock_112103066_resultat-copie-1.webp\"><img decoding=\"async\" width=\"683\" height=\"683\" src=\"https:\/\/www.normandieyport.geek-tonic.dev\/wp-content\/uploads\/sites\/11\/2023\/05\/AdobeStock_112103066_resultat-copie-1.webp\" alt=\"Kinder, die im Pool des Blumenzeltplatzes La Chenaie mit Wasserspritzen spielen\" class=\"wp-image-1965\" srcset=\"https:\/\/normandieyport.geek-tonic.dev\/wp-content\/uploads\/sites\/11\/2023\/05\/AdobeStock_112103066_resultat-copie-1.webp 683w, https:\/\/normandieyport.geek-tonic.dev\/wp-content\/uploads\/sites\/11\/2023\/05\/AdobeStock_112103066_resultat-copie-1-300x300.webp 300w, https:\/\/normandieyport.geek-tonic.dev\/wp-content\/uploads\/sites\/11\/2023\/05\/AdobeStock_112103066_resultat-copie-1-150x150.webp 150w\" sizes=\"(max-width: 683px) 100vw, 683px\" \/><\/a><\/figure>\n<\/div>\n\n\n\n<div class=\"wp-block-column is-vertically-aligned-center animated fadeInRight slow is-layout-flow wp-block-column-is-layout-flow\" style=\"flex-basis:55%\">\n<h1 class=\"ls__heading wp-block-heading has-text-align-left\">Campingplatz mit beheiztem Schwimmbad in Yport<\/h1>\n\n\n\n<h2 class=\"ls__heading wp-block-heading\">Schwimmen im Hallenbad des Campingplatzes<\/h2>\n\n\n\n<p class=\"ls-paragraph\">Auf unserem Landgut haben Sie die M\u00f6glichkeit, ein<strong> beheiztes Hallenbad<\/strong> zu nutzen. Unabh\u00e4ngig von den Wetterbedingungen k\u00f6nnen Sie sich entspannen und in einer freundlichen Atmosph\u00e4re mit der Familie oder Freunden schwimmen gehen.<\/p>\n\n\n\n<p class=\"ls-paragraph\">Unser Campingplatz mit beheiztem Hallenbad ist<strong> t\u00e4glich von 10:00 bis 19:00 Uhr <\/strong>ge\u00f6ffnet. Beachten Sie jedoch, dass das Hallenbad keine Wasserrutschen oder Wasserspiele hat. Der Zugang zum beheizten Pool in der Nacht ist verboten. Wir bieten keine Wassergymnastikkurse an.  <\/p>\n<\/div>\n<\/div>\n\n\r\n    <\/div>\r\n<\/section><section id=\"ls-section-block_49dd74c0a8c096aa3da5d48dfcdb02f8\" class=\"ls-section  home-gallery has-background has-color-4-background-color has-m-t m-t-0 has-p-t p-t-0\" >\r\n        <div class=\"container container--full\">\r\n        \n\n<figure class=\"wp-block-gallery has-nested-images columns-1 is-cropped galerie-slider-container wp-block-gallery-1 is-layout-flex wp-block-gallery-is-layout-flex\">\n<figure class=\"wp-block-image size-full\"><a href=\"https:\/\/www.normandieyport.geek-tonic.dev\/wp-content\/uploads\/sites\/11\/2023\/05\/AdobeStock_238242467_resultat.webp\"><img decoding=\"async\" width=\"1024\" height=\"683\" src=\"https:\/\/www.normandieyport.geek-tonic.dev\/wp-content\/uploads\/sites\/11\/2023\/05\/AdobeStock_238242467_resultat.webp\" alt=\"kleines m&#xE4;dchen mit schwimmbrille unter wasser im schwimmbad des camping la chenaie flower\" class=\"wp-image-1881\" srcset=\"https:\/\/normandieyport.geek-tonic.dev\/wp-content\/uploads\/sites\/11\/2023\/05\/AdobeStock_238242467_resultat.webp 1024w, https:\/\/normandieyport.geek-tonic.dev\/wp-content\/uploads\/sites\/11\/2023\/05\/AdobeStock_238242467_resultat-300x200.webp 300w, https:\/\/normandieyport.geek-tonic.dev\/wp-content\/uploads\/sites\/11\/2023\/05\/AdobeStock_238242467_resultat-768x512.webp 768w\" sizes=\"(max-width: 1024px) 100vw, 1024px\" \/><\/a><\/figure>\n\n\n\n<figure class=\"wp-block-image size-full\"><a href=\"https:\/\/www.normandieyport.geek-tonic.dev\/wp-content\/uploads\/sites\/11\/2023\/05\/chenaie-10_resultat.webp\"><img decoding=\"async\" width=\"1024\" height=\"680\" src=\"https:\/\/www.normandieyport.geek-tonic.dev\/wp-content\/uploads\/sites\/11\/2023\/05\/chenaie-10_resultat.webp\" alt=\"pilz badet im schwimmbad des flower camping la Chenaie\" class=\"wp-image-1829\" srcset=\"https:\/\/normandieyport.geek-tonic.dev\/wp-content\/uploads\/sites\/11\/2023\/05\/chenaie-10_resultat.webp 1024w, https:\/\/normandieyport.geek-tonic.dev\/wp-content\/uploads\/sites\/11\/2023\/05\/chenaie-10_resultat-300x199.webp 300w, https:\/\/normandieyport.geek-tonic.dev\/wp-content\/uploads\/sites\/11\/2023\/05\/chenaie-10_resultat-768x510.webp 768w\" sizes=\"(max-width: 1024px) 100vw, 1024px\" \/><\/a><\/figure>\n\n\n\n<figure class=\"wp-block-image size-full\"><a href=\"https:\/\/www.normandieyport.geek-tonic.dev\/wp-content\/uploads\/sites\/11\/2023\/05\/chenaie-9_resultat.webp\"><img decoding=\"async\" width=\"1024\" height=\"680\" src=\"https:\/\/www.normandieyport.geek-tonic.dev\/wp-content\/uploads\/sites\/11\/2023\/05\/chenaie-9_resultat.webp\" alt=\"Kind mit aufblasbarem Ball am Pool von la chenaie flower camping\" class=\"wp-image-1825\" srcset=\"https:\/\/normandieyport.geek-tonic.dev\/wp-content\/uploads\/sites\/11\/2023\/05\/chenaie-9_resultat.webp 1024w, https:\/\/normandieyport.geek-tonic.dev\/wp-content\/uploads\/sites\/11\/2023\/05\/chenaie-9_resultat-300x199.webp 300w, https:\/\/normandieyport.geek-tonic.dev\/wp-content\/uploads\/sites\/11\/2023\/05\/chenaie-9_resultat-768x510.webp 768w\" sizes=\"(max-width: 1024px) 100vw, 1024px\" \/><\/a><\/figure>\n<\/figure>\n\n\r\n    <\/div>\r\n<\/section><section id=\"ls-section-block_540637fef484cbae8f643ac60ed255d6\" class=\"ls-section  page-one animated fadeInUp slow \" >\r\n        <div class=\"container container--wide\">\r\n        \n\n<h2 class=\"ls__heading wp-block-heading has-text-align-center\">Das Planschbecken des Schwimmbads auf dem Campingplatz in Seine-Maritime<\/h2>\n\n\n\n<p class=\"ls-paragraph has-text-align-center\">\u00c0 c\u00f4t\u00e9 de notre piscine chauff\u00e9e, vos jeunes enfants auront le bonheur de d\u00e9couvrir la <strong>pataugeoire du camping<\/strong>.<br\/>Quoi de plus amusant que de s&#8217;arroser et de patauger dans cet espace sp\u00e9cialement con\u00e7u pour les petits ? Avec sa profondeur adapt\u00e9e \u00e0 leur \u00e2ge, ils pourront s&#8217;y amuser, accompagn\u00e9s de leurs parents.<br\/>Dans notre <a href=\"https:\/\/www.normandieyport.geek-tonic.dev\/\">camping \u00e0 Yport<\/a> \u00e9quip\u00e9 d&#8217;une pataugeoire et d&#8217;une piscine chauff\u00e9e, vos enfants auront la possibilit\u00e9 de jouer en toute s\u00e9curit\u00e9 tout en profitant d&#8217;agr\u00e9ables vacances en famille.<\/p>\n\n\r\n    <\/div>\r\n<\/section><section id=\"ls-section-block_dbbb3753abc0011f470b70b0d2e1ee02\" class=\"ls-section  page-one has-background has-color-3-background-color has-m-b m-b-0\" >\r\n        <div class=\"container container--wide\">\r\n        \n\n<div class=\"wp-block-columns are-vertically-aligned-center is-layout-flex wp-container-core-columns-is-layout-2 wp-block-columns-is-layout-flex\">\n<div class=\"wp-block-column is-vertically-aligned-center second animated fadeInRight slow is-layout-flow wp-block-column-is-layout-flow\" style=\"flex-basis:55%\">\n<h2 class=\"ls__heading wp-block-heading\">Br\u00e4une auf Sonnenliegen am Poolrand  <\/h2>\n\n\n\n<p class=\"ls-paragraph\">Genie\u00dfen Sie unseren Campingplatz mit beheiztem Schwimmbad und<strong> entspannen Sie sich an unserem Pool<\/strong>!<\/p>\n\n\n\n<p class=\"ls-paragraph\">Mit unseren <strong>bequemen Liegest\u00fchlen und Sonnen<\/strong>liegen k\u00f6nnen Sie Stunden damit verbringen, sich in aller Ruhe zu entspannen und ein Sonnenbad zu nehmen. Zum Sonnenbaden oder zum <strong>Lesen eines guten Buches<\/strong> ist dieser Bereich ein beliebter Ort f\u00fcr alle, die gerne <strong>faulenzen<\/strong>.<\/p>\n<\/div>\n\n\n\n<div class=\"wp-block-column is-vertically-aligned-center first animated fadeInLeft delay-100ms slow is-layout-flow wp-block-column-is-layout-flow\" style=\"flex-basis:45%\">\n<figure class=\"wp-block-image size-full\"><a href=\"https:\/\/www.normandieyport.geek-tonic.dev\/wp-content\/uploads\/sites\/11\/2023\/05\/AdobeStock_308163118_resultat.webp\"><img decoding=\"async\" width=\"1024\" height=\"683\" src=\"https:\/\/www.normandieyport.geek-tonic.dev\/wp-content\/uploads\/sites\/11\/2023\/05\/AdobeStock_308163118_resultat.webp\" alt=\"sonnenbr&#xE4;une einer frau auf einer liege am pool des flower chenaie\" class=\"wp-image-1912\" srcset=\"https:\/\/normandieyport.geek-tonic.dev\/wp-content\/uploads\/sites\/11\/2023\/05\/AdobeStock_308163118_resultat.webp 1024w, https:\/\/normandieyport.geek-tonic.dev\/wp-content\/uploads\/sites\/11\/2023\/05\/AdobeStock_308163118_resultat-300x200.webp 300w, https:\/\/normandieyport.geek-tonic.dev\/wp-content\/uploads\/sites\/11\/2023\/05\/AdobeStock_308163118_resultat-768x512.webp 768w\" sizes=\"(max-width: 1024px) 100vw, 1024px\" \/><\/a><\/figure>\n<\/div>\n<\/div>\n\n\r\n    <\/div>\r\n<\/section><section id=\"ls-section-block_29e3357fba4c404eb5f260d8de4683cc\" class=\"ls-section  home-first page-one has-background has-color-4-background-color\" >\r\n        <div class=\"container container--wide\">\r\n        \n\n<div class=\"wp-block-columns are-vertically-aligned-center is-layout-flex wp-container-core-columns-is-layout-3 wp-block-columns-is-layout-flex\">\n<div class=\"wp-block-column is-vertically-aligned-center animated fadeInRight delay-100ms slow is-layout-flow wp-block-column-is-layout-flow\" style=\"flex-basis:45%\">\n<figure class=\"wp-block-image size-full\"><a href=\"https:\/\/www.normandieyport.geek-tonic.dev\/wp-content\/uploads\/sites\/11\/2023\/05\/&#xA9;isabellemagendie-enfants-ocean-4484_resultat-copie.webp\"><img decoding=\"async\" src=\"https:\/\/www.normandieyport.geek-tonic.dev\/wp-content\/uploads\/sites\/11\/2023\/05\/&#xA9;isabellemagendie-enfants-ocean-4484_resultat-copie.webp\" alt=\"Kinder, die bei Sonnenuntergang am Strand in Yport herumrennen\" class=\"wp-image-1971\"\/><\/a><\/figure>\n<\/div>\n\n\n\n<div class=\"wp-block-column is-vertically-aligned-center animated fadeInLeft slow is-layout-flow wp-block-column-is-layout-flow\" style=\"flex-basis:55%\">\n<h2 class=\"ls__heading wp-block-heading\">Badestellen in der N\u00e4he des Campingplatzes  <\/h2>\n\n\n\n<p class=\"ls-paragraph\">Wenn Sie den Strand dem Schwimmbad vorziehen, wird unser <strong>Campingplatz am Meer <\/strong>Sie zufriedenstellen. In kaum 10 Minuten zu Fu\u00df erreichen Sie einen <strong>bezaubernden Kieselstrand<\/strong>, der nur 800 Meter von unserem Anwesen entfernt ist. Der Strand bietet auch eine Reihe von Aktivit\u00e4ten wie Surfen, Segeln oder Tauchen.<\/p>\n\n\n\n<p class=\"ls-paragraph\">Dieser Strand ist der ideale Ort, um sich zu entspannen und <strong>in aller Ruhe zu sonnen<\/strong>, nur wenige Schritte von unserem Campingplatz entfernt. Z\u00f6gern Sie nicht, abends dort spazieren zu gehen, der Charme ist garantiert.<\/p>\n\n\n\n<p class=\"ls-paragraph\">Entscheiden Sie sich f\u00fcr einen <strong>Campingplatz mit Schwimmbad<\/strong> in der <strong>N\u00e4he von Etretat<\/strong>, indem Sie sich in La Ch\u00eanaie aufhalten, und genie\u00dfen Sie alle Freuden, die das Baden in dieser kleinen, angenehmen Ecke der Normandie bietet.<\/p>\n<\/div>\n<\/div>\n\n\r\n    <\/div>\r\n<\/section><section id=\"ls-section-block_a3aadac8ff6bfc511985cdeb242f9bde\" class=\"ls-section  page-cta\" >\r\n        <div class=\"container container--wide\">\r\n        \n\n<div id=\"ls-heading ls-titre-div-block_8872bf57ae5389db136391f1321e303b\" class=\"ls-titre-div aligncenter h2-like\" >\n    Entdecken Sie unsere Dienstleistungen, Vermietungen und Freizeitangebote auf dem Campingplatz<\/div>\n\n\n<div id=\"ls-maillage-block_31b5d84df76ebc2a3cc16a0aeedf5a0d\" class=\"ls-maillage cta-style-normal\" data-rows=\"3\">\n    <div class=\"wp-block-columns\"><div class=\"wp-block-column\"><div id=\"destinations\" class=\"ls-cta\">\n\n<a href=\"https:\/\/normandieyport.geek-tonic.dev\/de\/campingplatz-familie-yport\/\" target=\"\" rel=\"noopener\" class=\"ls-cta__link\">\n\n\t<div class=\"ls-cta__image\"><img decoding=\"async\" src=\"https:\/\/normandieyport.geek-tonic.dev\/wp-content\/uploads\/sites\/11\/2023\/05\/enfant-camping-voiture-pleine-vacances.webp\" alt=\"Kindercamping Auto voller Urlaub komplette Campingausr\u00fcstung\"><\/div>\n\t<div class=\"ls-cta__title\">\n\t\tUnsere Dienstleistungen\t<\/div>\n\n\t\t\n<\/a><\/div><\/div><div class=\"wp-block-column\"><div id=\"destinations\" class=\"ls-cta\">\n\n<a href=\"https:\/\/normandieyport.geek-tonic.dev\/de\/standort-mobil-heimat-hafen\/\" target=\"\" rel=\"noopener\" class=\"ls-cta__link\">\n\n\t<div class=\"ls-cta__image\"><img decoding=\"async\" src=\"https:\/\/normandieyport.geek-tonic.dev\/wp-content\/uploads\/sites\/11\/2023\/04\/vacances-yport.webp\" alt=\"vermietung chalet yport\"><\/div>\n\t<div class=\"ls-cta__title\">\n\t\tUnsere Vermietungen\t<\/div>\n\n\t\t\n<\/a><\/div><\/div><div class=\"wp-block-column\"><div id=\"destinations\" class=\"ls-cta\">\n\n<a href=\"https:\/\/normandieyport.geek-tonic.dev\/de\/camping-animations-yport\/\" target=\"\" rel=\"noopener\" class=\"ls-cta__link\">\n\n\t<div class=\"ls-cta__image\"><img decoding=\"async\" src=\"https:\/\/normandieyport.geek-tonic.dev\/wp-content\/uploads\/sites\/11\/2023\/05\/animations.jpg\" alt=\"animations\"><\/div>\n\t<div class=\"ls-cta__title\">\n\t\tNos loisirs\t<\/div>\n\n\t\t\n<\/a><\/div><\/div><\/div><\/div>\n\r\n    <\/div>\r\n<\/section>","protected":false},"excerpt":{"rendered":"","protected":false},"author":1,"featured_media":1946,"parent":0,"menu_order":0,"comment_status":"closed","ping_status":"closed","template":"","meta":{"_acf_changed":false,"footnotes":""},"sujet":[],"class_list":["post-3454","page","type-page","status-publish","has-post-thumbnail","hentry"],"acf":[],"yoast_head":"<!-- This site is optimized with the Yoast SEO plugin v23.9 - https:\/\/yoast.com\/wordpress\/plugins\/seo\/ -->\n<title>Camping beheizter Pool Seine-Maritime | Beheizter Pool Yport<\/title>\n<meta name=\"description\" content=\"Verbringen Sie Ihren Aufenthalt auf dem Flower Camping La Ch\u00eanaie in der Normandie und nutzen Sie unser beheiztes Hallenbad. Der Strand von Yport ist nur 15 Gehminuten von Ihrem Campingplatz entfernt und l\u00e4dt zum Sonnenbaden ein.\" \/>\n<meta name=\"robots\" content=\"noindex, follow, max-snippet:-1, max-image-preview:large, max-video-preview:-1\" \/>\n<meta property=\"og:locale\" content=\"de_DE\" \/>\n<meta property=\"og:type\" content=\"article\" \/>\n<meta property=\"og:title\" content=\"Camping beheizter Pool Seine-Maritime | Beheizter Pool Yport\" \/>\n<meta property=\"og:description\" content=\"Verbringen Sie Ihren Aufenthalt auf dem Flower Camping La Ch\u00eanaie in der Normandie und nutzen Sie unser beheiztes Hallenbad. Der Strand von Yport ist nur 15 Gehminuten von Ihrem Campingplatz entfernt und l\u00e4dt zum Sonnenbaden ein.\" \/>\n<meta property=\"og:url\" content=\"https:\/\/normandieyport.geek-tonic.dev\/de\/camping-schwimmbad-beheizt-yport\/\" \/>\n<meta property=\"og:site_name\" content=\"La Chenaie\" \/>\n<meta property=\"article:modified_time\" content=\"2024-03-27T11:02:56+00:00\" \/>\n<meta property=\"og:image\" content=\"https:\/\/normandieyport.geek-tonic.dev\/wp-content\/uploads\/sites\/11\/2023\/05\/AdobeStock_517926907_resultat-1.webp\" \/>\n\t<meta property=\"og:image:width\" content=\"1920\" \/>\n\t<meta property=\"og:image:height\" content=\"747\" \/>\n\t<meta property=\"og:image:type\" content=\"image\/webp\" \/>\n<meta name=\"twitter:card\" content=\"summary_large_image\" \/>\n<meta name=\"twitter:label1\" content=\"Gesch\u00e4tzte Lesezeit\" \/>\n\t<meta name=\"twitter:data1\" content=\"2\u00a0Minuten\" \/>\n<script type=\"application\/ld+json\" class=\"yoast-schema-graph\">{\"@context\":\"https:\/\/schema.org\",\"@graph\":[{\"@type\":\"WebPage\",\"@id\":\"https:\/\/normandieyport.geek-tonic.dev\/de\/camping-schwimmbad-beheizt-yport\/\",\"url\":\"https:\/\/normandieyport.geek-tonic.dev\/de\/camping-schwimmbad-beheizt-yport\/\",\"name\":\"Camping beheizter Pool Seine-Maritime | Beheizter Pool Yport\",\"isPartOf\":{\"@id\":\"https:\/\/normandieyport.geek-tonic.dev\/de\/#website\"},\"primaryImageOfPage\":{\"@id\":\"https:\/\/normandieyport.geek-tonic.dev\/de\/camping-schwimmbad-beheizt-yport\/#primaryimage\"},\"image\":{\"@id\":\"https:\/\/normandieyport.geek-tonic.dev\/de\/camping-schwimmbad-beheizt-yport\/#primaryimage\"},\"thumbnailUrl\":\"https:\/\/normandieyport.geek-tonic.dev\/wp-content\/uploads\/sites\/11\/2023\/05\/AdobeStock_517926907_resultat-1.webp\",\"datePublished\":\"2023-05-24T12:12:36+00:00\",\"dateModified\":\"2024-03-27T11:02:56+00:00\",\"description\":\"Verbringen Sie Ihren Aufenthalt auf dem Flower Camping La Ch\u00eanaie in der Normandie und nutzen Sie unser beheiztes Hallenbad. Der Strand von Yport ist nur 15 Gehminuten von Ihrem Campingplatz entfernt und l\u00e4dt zum Sonnenbaden ein.\",\"breadcrumb\":{\"@id\":\"https:\/\/normandieyport.geek-tonic.dev\/de\/camping-schwimmbad-beheizt-yport\/#breadcrumb\"},\"inLanguage\":\"de\",\"potentialAction\":[{\"@type\":\"ReadAction\",\"target\":[\"https:\/\/normandieyport.geek-tonic.dev\/de\/camping-schwimmbad-beheizt-yport\/\"]}]},{\"@type\":\"ImageObject\",\"inLanguage\":\"de\",\"@id\":\"https:\/\/normandieyport.geek-tonic.dev\/de\/camping-schwimmbad-beheizt-yport\/#primaryimage\",\"url\":\"https:\/\/normandieyport.geek-tonic.dev\/wp-content\/uploads\/sites\/11\/2023\/05\/AdobeStock_517926907_resultat-1.webp\",\"contentUrl\":\"https:\/\/normandieyport.geek-tonic.dev\/wp-content\/uploads\/sites\/11\/2023\/05\/AdobeStock_517926907_resultat-1.webp\",\"width\":1920,\"height\":747,\"caption\":\"Kind auf einer Sonnenliege in der Mitte des Chenaie-Pools\"},{\"@type\":\"BreadcrumbList\",\"@id\":\"https:\/\/normandieyport.geek-tonic.dev\/de\/camping-schwimmbad-beheizt-yport\/#breadcrumb\",\"itemListElement\":[{\"@type\":\"ListItem\",\"position\":1,\"name\":\"Camping Normandie\",\"item\":\"https:\/\/normandieyport.geek-tonic.dev\/de\/\"},{\"@type\":\"ListItem\",\"position\":2,\"name\":\"Campingplatz mit beheiztem Schwimmbad in Seine-Maritime\"}]},{\"@type\":\"WebSite\",\"@id\":\"https:\/\/normandieyport.geek-tonic.dev\/de\/#website\",\"url\":\"https:\/\/normandieyport.geek-tonic.dev\/de\/\",\"name\":\"La Chenaie\",\"description\":\"\",\"publisher\":{\"@id\":\"https:\/\/normandieyport.geek-tonic.dev\/de\/#organization\"},\"potentialAction\":[{\"@type\":\"SearchAction\",\"target\":{\"@type\":\"EntryPoint\",\"urlTemplate\":\"https:\/\/normandieyport.geek-tonic.dev\/de\/?s={search_term_string}\"},\"query-input\":{\"@type\":\"PropertyValueSpecification\",\"valueRequired\":true,\"valueName\":\"search_term_string\"}}],\"inLanguage\":\"de\"},{\"@type\":\"Organization\",\"@id\":\"https:\/\/normandieyport.geek-tonic.dev\/de\/#organization\",\"name\":\"La Chenaie\",\"url\":\"https:\/\/normandieyport.geek-tonic.dev\/de\/\",\"logo\":{\"@type\":\"ImageObject\",\"inLanguage\":\"de\",\"@id\":\"https:\/\/normandieyport.geek-tonic.dev\/de\/#\/schema\/logo\/image\/\",\"url\":\"https:\/\/normandieyport.geek-tonic.dev\/wp-content\/uploads\/sites\/11\/2024\/03\/cropped-logo-Flower-camping-La-chenaie.png\",\"contentUrl\":\"https:\/\/normandieyport.geek-tonic.dev\/wp-content\/uploads\/sites\/11\/2024\/03\/cropped-logo-Flower-camping-La-chenaie.png\",\"width\":500,\"height\":660,\"caption\":\"La Chenaie\"},\"image\":{\"@id\":\"https:\/\/normandieyport.geek-tonic.dev\/de\/#\/schema\/logo\/image\/\"}}]}<\/script>\n<!-- \/ Yoast SEO plugin. -->","yoast_head_json":{"title":"Camping beheizter Pool Seine-Maritime | Beheizter Pool Yport","description":"Verbringen Sie Ihren Aufenthalt auf dem Flower Camping La Ch\u00eanaie in der Normandie und nutzen Sie unser beheiztes Hallenbad. Der Strand von Yport ist nur 15 Gehminuten von Ihrem Campingplatz entfernt und l\u00e4dt zum Sonnenbaden ein.","robots":{"index":"noindex","follow":"follow","max-snippet":"max-snippet:-1","max-image-preview":"max-image-preview:large","max-video-preview":"max-video-preview:-1"},"og_locale":"de_DE","og_type":"article","og_title":"Camping beheizter Pool Seine-Maritime | Beheizter Pool Yport","og_description":"Verbringen Sie Ihren Aufenthalt auf dem Flower Camping La Ch\u00eanaie in der Normandie und nutzen Sie unser beheiztes Hallenbad. Der Strand von Yport ist nur 15 Gehminuten von Ihrem Campingplatz entfernt und l\u00e4dt zum Sonnenbaden ein.","og_url":"https:\/\/normandieyport.geek-tonic.dev\/de\/camping-schwimmbad-beheizt-yport\/","og_site_name":"La Chenaie","article_modified_time":"2024-03-27T11:02:56+00:00","og_image":[{"width":1920,"height":747,"url":"https:\/\/normandieyport.geek-tonic.dev\/wp-content\/uploads\/sites\/11\/2023\/05\/AdobeStock_517926907_resultat-1.webp","type":"image\/webp"}],"twitter_card":"summary_large_image","twitter_misc":{"Gesch\u00e4tzte Lesezeit":"2\u00a0Minuten"},"schema":{"@context":"https:\/\/schema.org","@graph":[{"@type":"WebPage","@id":"https:\/\/normandieyport.geek-tonic.dev\/de\/camping-schwimmbad-beheizt-yport\/","url":"https:\/\/normandieyport.geek-tonic.dev\/de\/camping-schwimmbad-beheizt-yport\/","name":"Camping beheizter Pool Seine-Maritime | Beheizter Pool Yport","isPartOf":{"@id":"https:\/\/normandieyport.geek-tonic.dev\/de\/#website"},"primaryImageOfPage":{"@id":"https:\/\/normandieyport.geek-tonic.dev\/de\/camping-schwimmbad-beheizt-yport\/#primaryimage"},"image":{"@id":"https:\/\/normandieyport.geek-tonic.dev\/de\/camping-schwimmbad-beheizt-yport\/#primaryimage"},"thumbnailUrl":"https:\/\/normandieyport.geek-tonic.dev\/wp-content\/uploads\/sites\/11\/2023\/05\/AdobeStock_517926907_resultat-1.webp","datePublished":"2023-05-24T12:12:36+00:00","dateModified":"2024-03-27T11:02:56+00:00","description":"Verbringen Sie Ihren Aufenthalt auf dem Flower Camping La Ch\u00eanaie in der Normandie und nutzen Sie unser beheiztes Hallenbad. Der Strand von Yport ist nur 15 Gehminuten von Ihrem Campingplatz entfernt und l\u00e4dt zum Sonnenbaden ein.","breadcrumb":{"@id":"https:\/\/normandieyport.geek-tonic.dev\/de\/camping-schwimmbad-beheizt-yport\/#breadcrumb"},"inLanguage":"de","potentialAction":[{"@type":"ReadAction","target":["https:\/\/normandieyport.geek-tonic.dev\/de\/camping-schwimmbad-beheizt-yport\/"]}]},{"@type":"ImageObject","inLanguage":"de","@id":"https:\/\/normandieyport.geek-tonic.dev\/de\/camping-schwimmbad-beheizt-yport\/#primaryimage","url":"https:\/\/normandieyport.geek-tonic.dev\/wp-content\/uploads\/sites\/11\/2023\/05\/AdobeStock_517926907_resultat-1.webp","contentUrl":"https:\/\/normandieyport.geek-tonic.dev\/wp-content\/uploads\/sites\/11\/2023\/05\/AdobeStock_517926907_resultat-1.webp","width":1920,"height":747,"caption":"Kind auf einer Sonnenliege in der Mitte des Chenaie-Pools"},{"@type":"BreadcrumbList","@id":"https:\/\/normandieyport.geek-tonic.dev\/de\/camping-schwimmbad-beheizt-yport\/#breadcrumb","itemListElement":[{"@type":"ListItem","position":1,"name":"Camping Normandie","item":"https:\/\/normandieyport.geek-tonic.dev\/de\/"},{"@type":"ListItem","position":2,"name":"Campingplatz mit beheiztem Schwimmbad in Seine-Maritime"}]},{"@type":"WebSite","@id":"https:\/\/normandieyport.geek-tonic.dev\/de\/#website","url":"https:\/\/normandieyport.geek-tonic.dev\/de\/","name":"La Chenaie","description":"","publisher":{"@id":"https:\/\/normandieyport.geek-tonic.dev\/de\/#organization"},"potentialAction":[{"@type":"SearchAction","target":{"@type":"EntryPoint","urlTemplate":"https:\/\/normandieyport.geek-tonic.dev\/de\/?s={search_term_string}"},"query-input":{"@type":"PropertyValueSpecification","valueRequired":true,"valueName":"search_term_string"}}],"inLanguage":"de"},{"@type":"Organization","@id":"https:\/\/normandieyport.geek-tonic.dev\/de\/#organization","name":"La Chenaie","url":"https:\/\/normandieyport.geek-tonic.dev\/de\/","logo":{"@type":"ImageObject","inLanguage":"de","@id":"https:\/\/normandieyport.geek-tonic.dev\/de\/#\/schema\/logo\/image\/","url":"https:\/\/normandieyport.geek-tonic.dev\/wp-content\/uploads\/sites\/11\/2024\/03\/cropped-logo-Flower-camping-La-chenaie.png","contentUrl":"https:\/\/normandieyport.geek-tonic.dev\/wp-content\/uploads\/sites\/11\/2024\/03\/cropped-logo-Flower-camping-La-chenaie.png","width":500,"height":660,"caption":"La Chenaie"},"image":{"@id":"https:\/\/normandieyport.geek-tonic.dev\/de\/#\/schema\/logo\/image\/"}}]}},"_links":{"self":[{"href":"https:\/\/normandieyport.geek-tonic.dev\/de\/wp-json\/wp\/v2\/pages\/3454","targetHints":{"allow":["GET"]}}],"collection":[{"href":"https:\/\/normandieyport.geek-tonic.dev\/de\/wp-json\/wp\/v2\/pages"}],"about":[{"href":"https:\/\/normandieyport.geek-tonic.dev\/de\/wp-json\/wp\/v2\/types\/page"}],"author":[{"embeddable":true,"href":"https:\/\/normandieyport.geek-tonic.dev\/de\/wp-json\/wp\/v2\/users\/1"}],"replies":[{"embeddable":true,"href":"https:\/\/normandieyport.geek-tonic.dev\/de\/wp-json\/wp\/v2\/comments?post=3454"}],"version-history":[{"count":3,"href":"https:\/\/normandieyport.geek-tonic.dev\/de\/wp-json\/wp\/v2\/pages\/3454\/revisions"}],"predecessor-version":[{"id":3778,"href":"https:\/\/normandieyport.geek-tonic.dev\/de\/wp-json\/wp\/v2\/pages\/3454\/revisions\/3778"}],"wp:featuredmedia":[{"embeddable":true,"href":"https:\/\/normandieyport.geek-tonic.dev\/de\/wp-json\/wp\/v2\/media\/1946"}],"wp:attachment":[{"href":"https:\/\/normandieyport.geek-tonic.dev\/de\/wp-json\/wp\/v2\/media?parent=3454"}],"wp:term":[{"taxonomy":"sujet","embeddable":true,"href":"https:\/\/normandieyport.geek-tonic.dev\/de\/wp-json\/wp\/v2\/sujet?post=3454"}],"curies":[{"name":"wp","href":"https:\/\/api.w.org\/{rel}","templated":true}]}}